{"id":498,"date":"2024-10-01T19:00:39","date_gmt":"2024-10-01T19:00:39","guid":{"rendered":"https:\/\/digloc.com\/digloctest\/?page_id=498"},"modified":"2025-11-29T16:58:01","modified_gmt":"2025-11-29T16:58:01","slug":"siti-web-professionali","status":"publish","type":"page","link":"https:\/\/digloc.com\/it\/siti-web-professionali\/","title":{"rendered":"Creazione di Siti Web: Visibilit\u00e0 e Professionalit\u00e0 per la Tua Attivit\u00e0"},"content":{"rendered":"\t\t<div data-elementor-type=\"wp-page\" data-elementor-id=\"498\" class=\"elementor elementor-498\" data-elementor-post-type=\"page\">\n\t\t\t\t<div class=\"elementor-element elementor-element-8e00a5b e-flex e-con-boxed e-con e-parent\" data-id=\"8e00a5b\" data-element_type=\"container\" data-settings=\"{&quot;background_background&quot;:&quot;classic&quot;}\">\n\t\t\t\t\t<div class=\"e-con-inner\">\n\t\t<div class=\"elementor-element elementor-element-6d4aec8 e-con-full e-flex e-con e-child\" data-id=\"6d4aec8\" data-element_type=\"container\">\n\t\t\t\t<div class=\"elementor-element elementor-element-8879ced elementor-widget elementor-widget-breadcrumbs\" data-id=\"8879ced\" data-element_type=\"widget\" data-widget_type=\"breadcrumbs.default\">\n\t\t\t\t\t<p id=\"breadcrumbs\"><span><span><a href=\"https:\/\/digloc.com\/it\/\">Home<\/a><\/span><\/span><\/p>\t\t\t\t<\/div>\n\t\t\t\t<\/div>\n\t\t\t\t\t<\/div>\n\t\t\t\t<\/div>\n\t\t<div class=\"elementor-element elementor-element-2388263 e-flex e-con-boxed e-con e-parent\" data-id=\"2388263\" data-element_type=\"container\">\n\t\t\t\t\t<div class=\"e-con-inner\">\n\t\t<div class=\"elementor-element elementor-element-d4597ac e-con-full e-flex e-con e-child\" data-id=\"d4597ac\" data-element_type=\"container\">\n\t\t\t\t<div class=\"elementor-element elementor-element-4cca6b7 elementor-widget elementor-widget-heading\" data-id=\"4cca6b7\" data-element_type=\"widget\" data-widget_type=\"heading.default\">\n\t\t\t\t\t<h2 class=\"elementor-heading-title elementor-size-default\">D-WEB\n<\/h2>\t\t\t\t<\/div>\n\t\t\t\t<div class=\"elementor-element elementor-element-ca4d16a elementor-widget elementor-widget-heading\" data-id=\"ca4d16a\" data-element_type=\"widget\" data-widget_type=\"heading.default\">\n\t\t\t\t\t<h3 class=\"elementor-heading-title elementor-size-default\">Creazione di Siti Web: Visibilit\u00e0 e Professionalit\u00e0 per la Tua Attivit\u00e0\n<\/h3>\t\t\t\t<\/div>\n\t\t\t\t<div class=\"elementor-element elementor-element-67dc33c elementor-widget elementor-widget-text-editor\" data-id=\"67dc33c\" data-element_type=\"widget\" data-widget_type=\"text-editor.default\">\n\t\t\t\t\t\t\t\t\t<p>Oggi, avere una <strong>pagina web<\/strong> \u00e8 fondamentale per presentare la tua <strong>azienda<\/strong>, la tua <strong>associazione<\/strong> o anche la tua <strong>passione<\/strong>. La creazione di un sito web non solo aumenta la visibilit\u00e0 della tua attivit\u00e0, ma rappresenta anche una soluzione efficace per comunicare con il tuo pubblico.<\/p><h4>Perch\u00e9 Scegliere Digloc?<\/h4><p>Affidati a <strong>Digloc<\/strong>, un\u2019azienda specializzata nella creazione di siti web, che riunisce tutte le competenze necessarie nel campo del web design e sviluppo.<\/p>\t\t\t\t\t\t\t\t<\/div>\n\t\t\t\t<\/div>\n\t\t<div class=\"elementor-element elementor-element-978dde7 e-con-full e-flex e-con e-child\" data-id=\"978dde7\" data-element_type=\"container\">\n\t\t\t\t<div class=\"elementor-element elementor-element-ef3aa03 elementor-widget elementor-widget-image\" data-id=\"ef3aa03\" data-element_type=\"widget\" data-widget_type=\"image.default\">\n\t\t\t\t\t\t\t\t\t\t\t\t\t\t\t<img fetchpriority=\"high\" decoding=\"async\" width=\"800\" height=\"500\" src=\"https:\/\/digloc.com\/wp-content\/uploads\/2024\/10\/ima-realizzazione-siti-web-01.webp\" class=\"attachment-full size-full wp-image-502\" alt=\"\" srcset=\"https:\/\/digloc.com\/wp-content\/uploads\/2024\/10\/ima-realizzazione-siti-web-01.webp 800w, https:\/\/digloc.com\/wp-content\/uploads\/2024\/10\/ima-realizzazione-siti-web-01-768x480.webp 768w\" sizes=\"(max-width: 800px) 100vw, 800px\" \/>\t\t\t\t\t\t\t\t\t\t\t\t\t\t\t<\/div>\n\t\t\t\t<\/div>\n\t\t\t\t\t<\/div>\n\t\t\t\t<\/div>\n\t\t<div class=\"elementor-element elementor-element-b6f3d0d e-flex e-con-boxed e-con e-parent\" data-id=\"b6f3d0d\" data-element_type=\"container\">\n\t\t\t\t\t<div class=\"e-con-inner\">\n\t\t<div class=\"elementor-element elementor-element-31686ed e-con-full e-flex e-con e-child\" data-id=\"31686ed\" data-element_type=\"container\">\n\t\t\t\t<div class=\"elementor-element elementor-element-bfc4467 elementor-widget elementor-widget-heading\" data-id=\"bfc4467\" data-element_type=\"widget\" data-widget_type=\"heading.default\">\n\t\t\t\t\t<h2 class=\"elementor-heading-title elementor-size-default\">I Nostri Servizi\n<\/h2>\t\t\t\t<\/div>\n\t\t\t\t<div class=\"elementor-element elementor-element-addc384 elementor-widget elementor-widget-text-editor\" data-id=\"addc384\" data-element_type=\"widget\" data-widget_type=\"text-editor.default\">\n\t\t\t\t\t\t\t\t\t<ul><li><strong>Infrastruttura Solida:<\/strong> Garantiamo una base robusta per il tuo sito, che ne assicura stabilit\u00e0 e performance.<\/li><li><strong>Design Focalizzato sull&#8217;Utente:<\/strong> Creiamo un\u2019esperienza utente fluida, armonizzando grafica e immagini animate per comunicare il tuo messaggio in modo efficace.<\/li><li><strong>Piano Strategico Completo:<\/strong> Seguiamo un approccio strutturato che comprende:<ul><li>Scelta di un <strong>nome di dominio unico<\/strong>.<\/li><li>Sviluppo di contenuti e immagini accattivanti.<\/li><li>Ottimizzazione delle <strong>descrizioni delle immagini<\/strong>.<\/li><li>Creazione di <strong>piani del sito<\/strong> compatibili con il SEO.<\/li><\/ul><\/li><\/ul><p>Inoltre, garantiamo un <strong>design reattivo<\/strong> per un utilizzo ottimale su tutti i dispositivi.<\/p>\t\t\t\t\t\t\t\t<\/div>\n\t\t\t\t<\/div>\n\t\t\t\t\t<\/div>\n\t\t\t\t<\/div>\n\t\t<div class=\"elementor-element elementor-element-399786f e-flex e-con-boxed e-con e-parent\" data-id=\"399786f\" data-element_type=\"container\" data-settings=\"{&quot;background_background&quot;:&quot;classic&quot;}\">\n\t\t\t\t\t<div class=\"e-con-inner\">\n\t\t<div class=\"elementor-element elementor-element-3074fbe e-con-full e-flex e-con e-child\" data-id=\"3074fbe\" data-element_type=\"container\">\n\t\t\t\t<div class=\"elementor-element elementor-element-7ff294e elementor-widget elementor-widget-heading\" data-id=\"7ff294e\" data-element_type=\"widget\" data-widget_type=\"heading.default\">\n\t\t\t\t\t<h2 class=\"elementor-heading-title elementor-size-default\">Parliamo del tuo progetto<\/h2>\t\t\t\t<\/div>\n\t\t\t\t<div class=\"elementor-element elementor-element-7d5e1e6 elementor-widget__width-initial elementor-widget elementor-widget-heading\" data-id=\"7d5e1e6\" data-element_type=\"widget\" data-widget_type=\"heading.default\">\n\t\t\t\t\t<h3 class=\"elementor-heading-title elementor-size-default\">Scrivici, i nostri project manager ti risponderanno velocemente con le risposte alle tue domande.<\/h3>\t\t\t\t<\/div>\n\t\t\t\t<div class=\"elementor-element elementor-element-ce9e439 elementor-widget elementor-widget-spacer\" data-id=\"ce9e439\" data-element_type=\"widget\" data-widget_type=\"spacer.default\">\n\t\t\t\t\t\t\t<div class=\"elementor-spacer\">\n\t\t\t<div class=\"elementor-spacer-inner\"><\/div>\n\t\t<\/div>\n\t\t\t\t\t\t<\/div>\n\t\t<div class=\"elementor-element elementor-element-22ee592 e-con-full e-flex e-con e-child\" data-id=\"22ee592\" data-element_type=\"container\" data-settings=\"{&quot;background_background&quot;:&quot;classic&quot;}\">\n\t\t\t\t<div class=\"elementor-element elementor-element-1a240ba elementor-button-align-stretch elementor-widget elementor-widget-form\" data-id=\"1a240ba\" data-element_type=\"widget\" data-settings=\"{&quot;step_next_label&quot;:&quot;Successivo&quot;,&quot;step_previous_label&quot;:&quot;Precedente&quot;,&quot;button_width&quot;:&quot;100&quot;,&quot;step_type&quot;:&quot;number_text&quot;,&quot;step_icon_shape&quot;:&quot;circle&quot;}\" data-widget_type=\"form.default\">\n\t\t\t\t\t\t\t<form class=\"elementor-form\" method=\"post\" name=\"Modulo contattaci\" aria-label=\"Modulo contattaci\">\n\t\t\t<input type=\"hidden\" name=\"post_id\" value=\"498\"\/>\n\t\t\t<input type=\"hidden\" name=\"form_id\" value=\"1a240ba\"\/>\n\t\t\t<input type=\"hidden\" name=\"referer_title\" value=\"Digloc\" \/>\n\n\t\t\t\n\t\t\t<div class=\"elementor-form-fields-wrapper elementor-labels-above\">\n\t\t\t\t\t\t\t\t<div class=\"elementor-field-type-text elementor-field-group elementor-column elementor-field-group-name elementor-col-50 elementor-field-required elementor-mark-required\">\n\t\t\t\t\t\t\t\t\t\t\t\t<label for=\"form-field-name\" class=\"elementor-field-label\">\n\t\t\t\t\t\t\t\tNome Azienda\t\t\t\t\t\t\t<\/label>\n\t\t\t\t\t\t\t\t\t\t\t\t\t\t<input size=\"1\" type=\"text\" name=\"form_fields[name]\" id=\"form-field-name\" class=\"elementor-field elementor-size-md  elementor-field-textual\" required=\"required\">\n\t\t\t\t\t\t\t\t\t\t\t<\/div>\n\t\t\t\t\t\t\t\t<div class=\"elementor-field-type-text elementor-field-group elementor-column elementor-field-group-field_6b6d918 elementor-col-50 elementor-field-required elementor-mark-required\">\n\t\t\t\t\t\t\t\t\t\t\t\t<label for=\"form-field-field_6b6d918\" class=\"elementor-field-label\">\n\t\t\t\t\t\t\t\tNome e Cognome\t\t\t\t\t\t\t<\/label>\n\t\t\t\t\t\t\t\t\t\t\t\t\t\t<input size=\"1\" type=\"text\" name=\"form_fields[field_6b6d918]\" id=\"form-field-field_6b6d918\" class=\"elementor-field elementor-size-md  elementor-field-textual\" required=\"required\">\n\t\t\t\t\t\t\t\t\t\t\t<\/div>\n\t\t\t\t\t\t\t\t<div class=\"elementor-field-type-text elementor-field-group elementor-column elementor-field-group-field_dfca383 elementor-col-50\">\n\t\t\t\t\t\t\t\t\t\t\t\t<label for=\"form-field-field_dfca383\" class=\"elementor-field-label\">\n\t\t\t\t\t\t\t\tCitt\u00e0\t\t\t\t\t\t\t<\/label>\n\t\t\t\t\t\t\t\t\t\t\t\t\t\t<input size=\"1\" type=\"text\" name=\"form_fields[field_dfca383]\" id=\"form-field-field_dfca383\" class=\"elementor-field elementor-size-md  elementor-field-textual\">\n\t\t\t\t\t\t\t\t\t\t\t<\/div>\n\t\t\t\t\t\t\t\t<div class=\"elementor-field-type-tel elementor-field-group elementor-column elementor-field-group-field_f36fce8 elementor-col-50 elementor-field-required elementor-mark-required\">\n\t\t\t\t\t\t\t\t\t\t\t\t<label for=\"form-field-field_f36fce8\" class=\"elementor-field-label\">\n\t\t\t\t\t\t\t\tTelefono\t\t\t\t\t\t\t<\/label>\n\t\t\t\t\t\t\t\t<input size=\"1\" type=\"tel\" name=\"form_fields[field_f36fce8]\" id=\"form-field-field_f36fce8\" class=\"elementor-field elementor-size-md  elementor-field-textual\" required=\"required\" pattern=\"[0-9()#&amp;+*-=.]+\" title=\"Sono accettati solo numeri e caratteri telefonici (#, -, *, ecc.).\">\n\n\t\t\t\t\t\t<\/div>\n\t\t\t\t\t\t\t\t<div class=\"elementor-field-type-email elementor-field-group elementor-column elementor-field-group-email elementor-col-100 elementor-field-required elementor-mark-required\">\n\t\t\t\t\t\t\t\t\t\t\t\t<label for=\"form-field-email\" class=\"elementor-field-label\">\n\t\t\t\t\t\t\t\tEmail\t\t\t\t\t\t\t<\/label>\n\t\t\t\t\t\t\t\t\t\t\t\t\t\t<input size=\"1\" type=\"email\" name=\"form_fields[email]\" id=\"form-field-email\" class=\"elementor-field elementor-size-md  elementor-field-textual\" required=\"required\">\n\t\t\t\t\t\t\t\t\t\t\t<\/div>\n\t\t\t\t\t\t\t\t<div class=\"elementor-field-type-textarea elementor-field-group elementor-column elementor-field-group-message elementor-col-100\">\n\t\t\t\t\t\t\t\t\t\t\t\t<label for=\"form-field-message\" class=\"elementor-field-label\">\n\t\t\t\t\t\t\t\tMessaggio\t\t\t\t\t\t\t<\/label>\n\t\t\t\t\t\t<textarea class=\"elementor-field-textual elementor-field  elementor-size-md\" name=\"form_fields[message]\" id=\"form-field-message\" rows=\"4\"><\/textarea>\t\t\t\t<\/div>\n\t\t\t\t\t\t\t\t<div class=\"elementor-field-type-acceptance elementor-field-group elementor-column elementor-field-group-field_592cf99 elementor-col-100 elementor-field-required elementor-mark-required\">\n\t\t\t\t\t\t\t\t\t\t\t\t<label for=\"form-field-field_592cf99\" class=\"elementor-field-label\">\n\t\t\t\t\t\t\t\tPrivacy Policy\t\t\t\t\t\t\t<\/label>\n\t\t\t\t\t\t\t\t<div class=\"elementor-field-subgroup\">\n\t\t\t<span class=\"elementor-field-option\">\n\t\t\t\t<input type=\"checkbox\" name=\"form_fields[field_592cf99]\" id=\"form-field-field_592cf99\" class=\"elementor-field elementor-size-md  elementor-acceptance-field\" required=\"required\">\n\t\t\t\t<label for=\"form-field-field_592cf99\">Dichiaro di aver letto e accettato l'<b><a href=\"https:\/\/digloc.com\/privacy-policy\/\" target=\"_blank\">Informativa sulla privacy<\/a><\/b> e che i miei dati personali saranno trattati in conformit\u00e0 con la legge algerina n. 18-07 sulla protezione dei dati personali.<\/label>\t\t\t<\/span>\n\t\t<\/div>\n\t\t\t\t\t\t<\/div>\n\t\t\t\t\t\t\t\t<div class=\"elementor-field-type-recaptcha_v3 elementor-field-group elementor-column elementor-field-group-field_8713744 elementor-col-100 recaptcha_v3-inline\">\n\t\t\t\t\t<div class=\"elementor-field\" id=\"form-field-field_8713744\"><div class=\"elementor-g-recaptcha\" data-sitekey=\"6LcJExwsAAAAAAzf49t9w0g9QUttb2rWpzi3B-M8\" data-type=\"v3\" data-action=\"Form\" data-badge=\"inline\" data-size=\"invisible\"><\/div><\/div>\t\t\t\t<\/div>\n\t\t\t\t\t\t\t\t<div class=\"elementor-field-group elementor-column elementor-field-type-submit elementor-col-100 e-form__buttons\">\n\t\t\t\t\t<button class=\"elementor-button elementor-size-md\" type=\"submit\">\n\t\t\t\t\t\t<span class=\"elementor-button-content-wrapper\">\n\t\t\t\t\t\t\t\t\t\t\t\t\t\t\t\t\t\t\t\t\t\t<span class=\"elementor-button-text\">INVIA<\/span>\n\t\t\t\t\t\t\t\t\t\t\t\t\t<\/span>\n\t\t\t\t\t<\/button>\n\t\t\t\t<\/div>\n\t\t\t<\/div>\n\t\t<\/form>\n\t\t\t\t\t\t<\/div>\n\t\t\t\t<\/div>\n\t\t\t\t<\/div>\n\t\t\t\t\t<\/div>\n\t\t\t\t<\/div>\n\t\t\t\t<\/div>\n\t\t","protected":false},"excerpt":{"rendered":"<p>D-WEB Creazione di Siti Web: Visibilit\u00e0 e Professionalit\u00e0 per la Tua Attivit\u00e0 Oggi, avere una pagina web \u00e8 fondamentale per presentare la tua azienda, la tua associazione o anche la tua passione. La creazione di un sito web non solo aumenta la visibilit\u00e0 della tua attivit\u00e0, ma rappresenta anche una soluzione efficace per comunicare con [&hellip;]<\/p>\n","protected":false},"author":1,"featured_media":0,"parent":0,"menu_order":0,"comment_status":"closed","ping_status":"closed","template":"","meta":{"footnotes":""},"class_list":["post-498","page","type-page","status-publish","hentry"],"yoast_head":"<!-- This site is optimized with the Yoast SEO plugin v26.4 - https:\/\/yoast.com\/wordpress\/plugins\/seo\/ -->\n<title>Creazione Siti Web Professionali \u2013 Digloc<\/title>\n<meta name=\"description\" content=\"Digloc realizza siti web personalizzati e responsive, con design user-friendly e ottimizzazione SEO. Mostra la tua attivit\u00e0 online!\" \/>\n<meta name=\"robots\" content=\"index, follow, max-snippet:-1, max-image-preview:large, max-video-preview:-1\" \/>\n<link rel=\"canonical\" href=\"https:\/\/digloc.com\/it\/siti-web-professionali\/\" \/>\n<meta property=\"og:locale\" content=\"it_IT\" \/>\n<meta property=\"og:type\" content=\"article\" \/>\n<meta property=\"og:title\" content=\"Creazione Siti Web Professionali \u2013 Digloc\" \/>\n<meta property=\"og:description\" content=\"Digloc realizza siti web personalizzati e responsive, con design user-friendly e ottimizzazione SEO. Mostra la tua attivit\u00e0 online!\" \/>\n<meta property=\"og:url\" content=\"https:\/\/digloc.com\/it\/siti-web-professionali\/\" \/>\n<meta property=\"og:site_name\" content=\"Digloc\" \/>\n<meta property=\"article:modified_time\" content=\"2025-11-29T16:58:01+00:00\" \/>\n<meta property=\"og:image\" content=\"https:\/\/digloc.com\/wp-content\/uploads\/2024\/10\/ima-realizzazione-siti-web-01.webp\" \/>\n\t<meta property=\"og:image:width\" content=\"800\" \/>\n\t<meta property=\"og:image:height\" content=\"500\" \/>\n\t<meta property=\"og:image:type\" content=\"image\/webp\" \/>\n<meta name=\"twitter:card\" content=\"summary_large_image\" \/>\n<meta name=\"twitter:label1\" content=\"Tempo di lettura stimato\" \/>\n\t<meta name=\"twitter:data1\" content=\"2 minuti\" \/>\n<script type=\"application\/ld+json\" class=\"yoast-schema-graph\">{\"@context\":\"https:\/\/schema.org\",\"@graph\":[{\"@type\":\"WebPage\",\"@id\":\"https:\/\/digloc.com\/it\/siti-web-professionali\/\",\"url\":\"https:\/\/digloc.com\/it\/siti-web-professionali\/\",\"name\":\"Creazione Siti Web Professionali \u2013 Digloc\",\"isPartOf\":{\"@id\":\"https:\/\/digloc.com\/it\/#website\"},\"primaryImageOfPage\":{\"@id\":\"https:\/\/digloc.com\/it\/siti-web-professionali\/#primaryimage\"},\"image\":{\"@id\":\"https:\/\/digloc.com\/it\/siti-web-professionali\/#primaryimage\"},\"thumbnailUrl\":\"https:\/\/digloc.com\/wp-content\/uploads\/2024\/10\/ima-realizzazione-siti-web-01.webp\",\"datePublished\":\"2024-10-01T19:00:39+00:00\",\"dateModified\":\"2025-11-29T16:58:01+00:00\",\"description\":\"Digloc realizza siti web personalizzati e responsive, con design user-friendly e ottimizzazione SEO. Mostra la tua attivit\u00e0 online!\",\"breadcrumb\":{\"@id\":\"https:\/\/digloc.com\/it\/siti-web-professionali\/#breadcrumb\"},\"inLanguage\":\"it-IT\",\"potentialAction\":[{\"@type\":\"ReadAction\",\"target\":[\"https:\/\/digloc.com\/it\/siti-web-professionali\/\"]}]},{\"@type\":\"ImageObject\",\"inLanguage\":\"it-IT\",\"@id\":\"https:\/\/digloc.com\/it\/siti-web-professionali\/#primaryimage\",\"url\":\"https:\/\/digloc.com\/wp-content\/uploads\/2024\/10\/ima-realizzazione-siti-web-01.webp\",\"contentUrl\":\"https:\/\/digloc.com\/wp-content\/uploads\/2024\/10\/ima-realizzazione-siti-web-01.webp\"},{\"@type\":\"BreadcrumbList\",\"@id\":\"https:\/\/digloc.com\/it\/siti-web-professionali\/#breadcrumb\",\"itemListElement\":[{\"@type\":\"ListItem\",\"position\":1,\"name\":\"Home\",\"item\":\"https:\/\/digloc.com\/it\/\"},{\"@type\":\"ListItem\",\"position\":2,\"name\":\"Creazione di Siti Web: Visibilit\u00e0 e Professionalit\u00e0 per la Tua Attivit\u00e0\"}]},{\"@type\":\"WebSite\",\"@id\":\"https:\/\/digloc.com\/it\/#website\",\"url\":\"https:\/\/digloc.com\/it\/\",\"name\":\"Digloc SARL\",\"description\":\"\",\"potentialAction\":[{\"@type\":\"SearchAction\",\"target\":{\"@type\":\"EntryPoint\",\"urlTemplate\":\"https:\/\/digloc.com\/it\/?s={search_term_string}\"},\"query-input\":{\"@type\":\"PropertyValueSpecification\",\"valueRequired\":true,\"valueName\":\"search_term_string\"}}],\"inLanguage\":\"it-IT\"}]}<\/script>\n<!-- \/ Yoast SEO plugin. -->","yoast_head_json":{"title":"Creazione Siti Web Professionali \u2013 Digloc","description":"Digloc realizza siti web personalizzati e responsive, con design user-friendly e ottimizzazione SEO. Mostra la tua attivit\u00e0 online!","robots":{"index":"index","follow":"follow","max-snippet":"max-snippet:-1","max-image-preview":"max-image-preview:large","max-video-preview":"max-video-preview:-1"},"canonical":"https:\/\/digloc.com\/it\/siti-web-professionali\/","og_locale":"it_IT","og_type":"article","og_title":"Creazione Siti Web Professionali \u2013 Digloc","og_description":"Digloc realizza siti web personalizzati e responsive, con design user-friendly e ottimizzazione SEO. Mostra la tua attivit\u00e0 online!","og_url":"https:\/\/digloc.com\/it\/siti-web-professionali\/","og_site_name":"Digloc","article_modified_time":"2025-11-29T16:58:01+00:00","og_image":[{"width":800,"height":500,"url":"https:\/\/digloc.com\/wp-content\/uploads\/2024\/10\/ima-realizzazione-siti-web-01.webp","type":"image\/webp"}],"twitter_card":"summary_large_image","twitter_misc":{"Tempo di lettura stimato":"2 minuti"},"schema":{"@context":"https:\/\/schema.org","@graph":[{"@type":"WebPage","@id":"https:\/\/digloc.com\/it\/siti-web-professionali\/","url":"https:\/\/digloc.com\/it\/siti-web-professionali\/","name":"Creazione Siti Web Professionali \u2013 Digloc","isPartOf":{"@id":"https:\/\/digloc.com\/it\/#website"},"primaryImageOfPage":{"@id":"https:\/\/digloc.com\/it\/siti-web-professionali\/#primaryimage"},"image":{"@id":"https:\/\/digloc.com\/it\/siti-web-professionali\/#primaryimage"},"thumbnailUrl":"https:\/\/digloc.com\/wp-content\/uploads\/2024\/10\/ima-realizzazione-siti-web-01.webp","datePublished":"2024-10-01T19:00:39+00:00","dateModified":"2025-11-29T16:58:01+00:00","description":"Digloc realizza siti web personalizzati e responsive, con design user-friendly e ottimizzazione SEO. Mostra la tua attivit\u00e0 online!","breadcrumb":{"@id":"https:\/\/digloc.com\/it\/siti-web-professionali\/#breadcrumb"},"inLanguage":"it-IT","potentialAction":[{"@type":"ReadAction","target":["https:\/\/digloc.com\/it\/siti-web-professionali\/"]}]},{"@type":"ImageObject","inLanguage":"it-IT","@id":"https:\/\/digloc.com\/it\/siti-web-professionali\/#primaryimage","url":"https:\/\/digloc.com\/wp-content\/uploads\/2024\/10\/ima-realizzazione-siti-web-01.webp","contentUrl":"https:\/\/digloc.com\/wp-content\/uploads\/2024\/10\/ima-realizzazione-siti-web-01.webp"},{"@type":"BreadcrumbList","@id":"https:\/\/digloc.com\/it\/siti-web-professionali\/#breadcrumb","itemListElement":[{"@type":"ListItem","position":1,"name":"Home","item":"https:\/\/digloc.com\/it\/"},{"@type":"ListItem","position":2,"name":"Creazione di Siti Web: Visibilit\u00e0 e Professionalit\u00e0 per la Tua Attivit\u00e0"}]},{"@type":"WebSite","@id":"https:\/\/digloc.com\/it\/#website","url":"https:\/\/digloc.com\/it\/","name":"Digloc SARL","description":"","potentialAction":[{"@type":"SearchAction","target":{"@type":"EntryPoint","urlTemplate":"https:\/\/digloc.com\/it\/?s={search_term_string}"},"query-input":{"@type":"PropertyValueSpecification","valueRequired":true,"valueName":"search_term_string"}}],"inLanguage":"it-IT"}]}},"_links":{"self":[{"href":"https:\/\/digloc.com\/it\/wp-json\/wp\/v2\/pages\/498","targetHints":{"allow":["GET"]}}],"collection":[{"href":"https:\/\/digloc.com\/it\/wp-json\/wp\/v2\/pages"}],"about":[{"href":"https:\/\/digloc.com\/it\/wp-json\/wp\/v2\/types\/page"}],"author":[{"embeddable":true,"href":"https:\/\/digloc.com\/it\/wp-json\/wp\/v2\/users\/1"}],"replies":[{"embeddable":true,"href":"https:\/\/digloc.com\/it\/wp-json\/wp\/v2\/comments?post=498"}],"version-history":[{"count":9,"href":"https:\/\/digloc.com\/it\/wp-json\/wp\/v2\/pages\/498\/revisions"}],"predecessor-version":[{"id":2252,"href":"https:\/\/digloc.com\/it\/wp-json\/wp\/v2\/pages\/498\/revisions\/2252"}],"wp:attachment":[{"href":"https:\/\/digloc.com\/it\/wp-json\/wp\/v2\/media?parent=498"}],"curies":[{"name":"wp","href":"https:\/\/api.w.org\/{rel}","templated":true}]}}