{"id":476,"date":"2024-10-01T18:00:50","date_gmt":"2024-10-01T18:00:50","guid":{"rendered":"https:\/\/digloc.com\/digloctest\/?page_id=476"},"modified":"2025-11-29T16:57:53","modified_gmt":"2025-11-29T16:57:53","slug":"virtualizzazione-server","status":"publish","type":"page","link":"https:\/\/digloc.com\/it\/virtualizzazione-server\/","title":{"rendered":"Virtualizzazione dei Server: Ottimizza le Tue Risorse IT"},"content":{"rendered":"\t\t<div data-elementor-type=\"wp-page\" data-elementor-id=\"476\" class=\"elementor elementor-476\" data-elementor-post-type=\"page\">\n\t\t\t\t<div class=\"elementor-element elementor-element-9906fb7 e-flex e-con-boxed e-con e-parent\" data-id=\"9906fb7\" data-element_type=\"container\" data-settings=\"{&quot;background_background&quot;:&quot;classic&quot;}\">\n\t\t\t\t\t<div class=\"e-con-inner\">\n\t\t<div class=\"elementor-element elementor-element-0745fea e-con-full e-flex e-con e-child\" data-id=\"0745fea\" data-element_type=\"container\">\n\t\t\t\t<div class=\"elementor-element elementor-element-3cdbed4 elementor-widget elementor-widget-breadcrumbs\" data-id=\"3cdbed4\" data-element_type=\"widget\" data-widget_type=\"breadcrumbs.default\">\n\t\t\t\t\t<p id=\"breadcrumbs\"><span><span><a href=\"https:\/\/digloc.com\/it\/\">Home<\/a><\/span><\/span><\/p>\t\t\t\t<\/div>\n\t\t\t\t<\/div>\n\t\t\t\t\t<\/div>\n\t\t\t\t<\/div>\n\t\t<div class=\"elementor-element elementor-element-4dea7dd e-flex e-con-boxed e-con e-parent\" data-id=\"4dea7dd\" data-element_type=\"container\">\n\t\t\t\t\t<div class=\"e-con-inner\">\n\t\t<div class=\"elementor-element elementor-element-1ed1bb4 e-con-full e-flex e-con e-child\" data-id=\"1ed1bb4\" data-element_type=\"container\">\n\t\t\t\t<div class=\"elementor-element elementor-element-8d68dbb elementor-widget elementor-widget-heading\" data-id=\"8d68dbb\" data-element_type=\"widget\" data-widget_type=\"heading.default\">\n\t\t\t\t\t<h2 class=\"elementor-heading-title elementor-size-default\">D-VIRT\n<\/h2>\t\t\t\t<\/div>\n\t\t\t\t<div class=\"elementor-element elementor-element-f8e2a0d elementor-widget elementor-widget-heading\" data-id=\"f8e2a0d\" data-element_type=\"widget\" data-widget_type=\"heading.default\">\n\t\t\t\t\t<h3 class=\"elementor-heading-title elementor-size-default\">Virtualizzazione del Server: Efficienza e Riduzione dei Costi\n<\/h3>\t\t\t\t<\/div>\n\t\t\t\t<div class=\"elementor-element elementor-element-24e88ca elementor-widget elementor-widget-text-editor\" data-id=\"24e88ca\" data-element_type=\"widget\" data-widget_type=\"text-editor.default\">\n\t\t\t\t\t\t\t\t\t<p>La <strong>virtualizzazione del server<\/strong> \u00e8 una tecnica innovativa che consente di eseguire pi\u00f9 <strong>sistemi operativi isolati<\/strong> su macchine virtuali, utilizzando un singolo server fisico.<\/p><p>Questa soluzione \u00e8 ideale per le aziende che desiderano ottimizzare le proprie risorse IT.<\/p>\t\t\t\t\t\t\t\t<\/div>\n\t\t\t\t<\/div>\n\t\t<div class=\"elementor-element elementor-element-5061091 e-con-full e-flex e-con e-child\" data-id=\"5061091\" data-element_type=\"container\">\n\t\t\t\t<div class=\"elementor-element elementor-element-6340222 elementor-widget elementor-widget-image\" data-id=\"6340222\" data-element_type=\"widget\" data-widget_type=\"image.default\">\n\t\t\t\t\t\t\t\t\t\t\t\t\t\t\t<img fetchpriority=\"high\" decoding=\"async\" width=\"800\" height=\"500\" src=\"https:\/\/digloc.com\/wp-content\/uploads\/2024\/10\/ima-virtualizzazione-server-02.webp\" class=\"attachment-full size-full wp-image-484\" alt=\"\" srcset=\"https:\/\/digloc.com\/wp-content\/uploads\/2024\/10\/ima-virtualizzazione-server-02.webp 800w, https:\/\/digloc.com\/wp-content\/uploads\/2024\/10\/ima-virtualizzazione-server-02-768x480.webp 768w\" sizes=\"(max-width: 800px) 100vw, 800px\" \/>\t\t\t\t\t\t\t\t\t\t\t\t\t\t\t<\/div>\n\t\t\t\t<\/div>\n\t\t\t\t\t<\/div>\n\t\t\t\t<\/div>\n\t\t<div class=\"elementor-element elementor-element-330ac6c e-flex e-con-boxed e-con e-parent\" data-id=\"330ac6c\" data-element_type=\"container\">\n\t\t\t\t\t<div class=\"e-con-inner\">\n\t\t<div class=\"elementor-element elementor-element-7174ddb e-con-full e-flex e-con e-child\" data-id=\"7174ddb\" data-element_type=\"container\">\n\t\t\t\t<div class=\"elementor-element elementor-element-bfbe8ff elementor-widget elementor-widget-heading\" data-id=\"bfbe8ff\" data-element_type=\"widget\" data-widget_type=\"heading.default\">\n\t\t\t\t\t<h2 class=\"elementor-heading-title elementor-size-default\">Vantaggi della Virtualizzazione del Server\n<\/h2>\t\t\t\t<\/div>\n\t\t\t\t<div class=\"elementor-element elementor-element-80543e9 elementor-widget elementor-widget-text-editor\" data-id=\"80543e9\" data-element_type=\"widget\" data-widget_type=\"text-editor.default\">\n\t\t\t\t\t\t\t\t\t<p>La crescente pressione sui servizi IT per gestire le risorse in espansione e ridurre i costi pu\u00f2 essere affrontata con la virtualizzazione, che offre diversi benefici:<\/p><ul><li><strong>Riduzione del numero di server fisici<\/strong> necessari e migliore utilizzo delle risorse esistenti.<\/li><li><strong>Riduzione dei costi operativi<\/strong>, tra cui materiali, consumo di energia e spazio fisico.<\/li><li><strong>Miglioramento della disponibilit\u00e0<\/strong> dei server, riducendo i tempi di inattivit\u00e0.<\/li><li><strong>Maggiore flessibilit\u00e0<\/strong> nel rispondere all\u2019evoluzione delle esigenze IT aziendali.<\/li><\/ul><p>Questa tecnologia permette alle aziende di gestire con efficienza crescente il proprio ambiente IT, ottimizzando costi e risorse.<\/p>\t\t\t\t\t\t\t\t<\/div>\n\t\t\t\t<div class=\"elementor-element elementor-element-b2da6db elementor-widget elementor-widget-image\" data-id=\"b2da6db\" data-element_type=\"widget\" data-widget_type=\"image.default\">\n\t\t\t\t\t\t\t\t\t\t\t\t\t\t\t<img decoding=\"async\" width=\"1197\" height=\"541\" src=\"https:\/\/digloc.com\/wp-content\/uploads\/2024\/10\/ima-virtualizzazione-server-01.webp\" class=\"attachment-full size-full wp-image-485\" alt=\"\" srcset=\"https:\/\/digloc.com\/wp-content\/uploads\/2024\/10\/ima-virtualizzazione-server-01.webp 1197w, https:\/\/digloc.com\/wp-content\/uploads\/2024\/10\/ima-virtualizzazione-server-01-768x347.webp 768w\" sizes=\"(max-width: 1197px) 100vw, 1197px\" \/>\t\t\t\t\t\t\t\t\t\t\t\t\t\t\t<\/div>\n\t\t\t\t<\/div>\n\t\t\t\t\t<\/div>\n\t\t\t\t<\/div>\n\t\t<div class=\"elementor-element elementor-element-37bba47 e-flex e-con-boxed e-con e-parent\" data-id=\"37bba47\" data-element_type=\"container\" data-settings=\"{&quot;background_background&quot;:&quot;classic&quot;}\">\n\t\t\t\t\t<div class=\"e-con-inner\">\n\t\t<div class=\"elementor-element elementor-element-ecb9d2a e-con-full e-flex e-con e-child\" data-id=\"ecb9d2a\" data-element_type=\"container\">\n\t\t\t\t<div class=\"elementor-element elementor-element-f5bd2e5 elementor-widget elementor-widget-heading\" data-id=\"f5bd2e5\" data-element_type=\"widget\" data-widget_type=\"heading.default\">\n\t\t\t\t\t<h2 class=\"elementor-heading-title elementor-size-default\">Parliamo del tuo progetto<\/h2>\t\t\t\t<\/div>\n\t\t\t\t<div class=\"elementor-element elementor-element-66547ef elementor-widget__width-initial elementor-widget elementor-widget-heading\" data-id=\"66547ef\" data-element_type=\"widget\" data-widget_type=\"heading.default\">\n\t\t\t\t\t<h3 class=\"elementor-heading-title elementor-size-default\">Scrivici, i nostri project manager ti risponderanno velocemente con le risposte alle tue domande.<\/h3>\t\t\t\t<\/div>\n\t\t\t\t<div class=\"elementor-element elementor-element-c2ecbea elementor-widget elementor-widget-spacer\" data-id=\"c2ecbea\" data-element_type=\"widget\" data-widget_type=\"spacer.default\">\n\t\t\t\t\t\t\t<div class=\"elementor-spacer\">\n\t\t\t<div class=\"elementor-spacer-inner\"><\/div>\n\t\t<\/div>\n\t\t\t\t\t\t<\/div>\n\t\t<div class=\"elementor-element elementor-element-f4e2a0a e-con-full e-flex e-con e-child\" data-id=\"f4e2a0a\" data-element_type=\"container\" data-settings=\"{&quot;background_background&quot;:&quot;classic&quot;}\">\n\t\t\t\t<div class=\"elementor-element elementor-element-bc4d294 elementor-button-align-stretch elementor-widget elementor-widget-form\" data-id=\"bc4d294\" data-element_type=\"widget\" data-settings=\"{&quot;step_next_label&quot;:&quot;Successivo&quot;,&quot;step_previous_label&quot;:&quot;Precedente&quot;,&quot;button_width&quot;:&quot;100&quot;,&quot;step_type&quot;:&quot;number_text&quot;,&quot;step_icon_shape&quot;:&quot;circle&quot;}\" data-widget_type=\"form.default\">\n\t\t\t\t\t\t\t<form class=\"elementor-form\" method=\"post\" name=\"Modulo contattaci\" aria-label=\"Modulo contattaci\">\n\t\t\t<input type=\"hidden\" name=\"post_id\" value=\"476\"\/>\n\t\t\t<input type=\"hidden\" name=\"form_id\" value=\"bc4d294\"\/>\n\t\t\t<input type=\"hidden\" name=\"referer_title\" value=\"Digloc\" \/>\n\n\t\t\t\n\t\t\t<div class=\"elementor-form-fields-wrapper elementor-labels-above\">\n\t\t\t\t\t\t\t\t<div class=\"elementor-field-type-text elementor-field-group elementor-column elementor-field-group-name elementor-col-50 elementor-field-required elementor-mark-required\">\n\t\t\t\t\t\t\t\t\t\t\t\t<label for=\"form-field-name\" class=\"elementor-field-label\">\n\t\t\t\t\t\t\t\tNome Azienda\t\t\t\t\t\t\t<\/label>\n\t\t\t\t\t\t\t\t\t\t\t\t\t\t<input size=\"1\" type=\"text\" name=\"form_fields[name]\" id=\"form-field-name\" class=\"elementor-field elementor-size-md  elementor-field-textual\" required=\"required\">\n\t\t\t\t\t\t\t\t\t\t\t<\/div>\n\t\t\t\t\t\t\t\t<div class=\"elementor-field-type-text elementor-field-group elementor-column elementor-field-group-field_6b6d918 elementor-col-50 elementor-field-required elementor-mark-required\">\n\t\t\t\t\t\t\t\t\t\t\t\t<label for=\"form-field-field_6b6d918\" class=\"elementor-field-label\">\n\t\t\t\t\t\t\t\tNome e Cognome\t\t\t\t\t\t\t<\/label>\n\t\t\t\t\t\t\t\t\t\t\t\t\t\t<input size=\"1\" type=\"text\" name=\"form_fields[field_6b6d918]\" id=\"form-field-field_6b6d918\" class=\"elementor-field elementor-size-md  elementor-field-textual\" required=\"required\">\n\t\t\t\t\t\t\t\t\t\t\t<\/div>\n\t\t\t\t\t\t\t\t<div class=\"elementor-field-type-text elementor-field-group elementor-column elementor-field-group-field_dfca383 elementor-col-50\">\n\t\t\t\t\t\t\t\t\t\t\t\t<label for=\"form-field-field_dfca383\" class=\"elementor-field-label\">\n\t\t\t\t\t\t\t\tCitt\u00e0\t\t\t\t\t\t\t<\/label>\n\t\t\t\t\t\t\t\t\t\t\t\t\t\t<input size=\"1\" type=\"text\" name=\"form_fields[field_dfca383]\" id=\"form-field-field_dfca383\" class=\"elementor-field elementor-size-md  elementor-field-textual\">\n\t\t\t\t\t\t\t\t\t\t\t<\/div>\n\t\t\t\t\t\t\t\t<div class=\"elementor-field-type-tel elementor-field-group elementor-column elementor-field-group-field_f36fce8 elementor-col-50 elementor-field-required elementor-mark-required\">\n\t\t\t\t\t\t\t\t\t\t\t\t<label for=\"form-field-field_f36fce8\" class=\"elementor-field-label\">\n\t\t\t\t\t\t\t\tTelefono\t\t\t\t\t\t\t<\/label>\n\t\t\t\t\t\t\t\t<input size=\"1\" type=\"tel\" name=\"form_fields[field_f36fce8]\" id=\"form-field-field_f36fce8\" class=\"elementor-field elementor-size-md  elementor-field-textual\" required=\"required\" pattern=\"[0-9()#&amp;+*-=.]+\" title=\"Sono accettati solo numeri e caratteri telefonici (#, -, *, ecc.).\">\n\n\t\t\t\t\t\t<\/div>\n\t\t\t\t\t\t\t\t<div class=\"elementor-field-type-email elementor-field-group elementor-column elementor-field-group-email elementor-col-100 elementor-field-required elementor-mark-required\">\n\t\t\t\t\t\t\t\t\t\t\t\t<label for=\"form-field-email\" class=\"elementor-field-label\">\n\t\t\t\t\t\t\t\tEmail\t\t\t\t\t\t\t<\/label>\n\t\t\t\t\t\t\t\t\t\t\t\t\t\t<input size=\"1\" type=\"email\" name=\"form_fields[email]\" id=\"form-field-email\" class=\"elementor-field elementor-size-md  elementor-field-textual\" required=\"required\">\n\t\t\t\t\t\t\t\t\t\t\t<\/div>\n\t\t\t\t\t\t\t\t<div class=\"elementor-field-type-textarea elementor-field-group elementor-column elementor-field-group-message elementor-col-100\">\n\t\t\t\t\t\t\t\t\t\t\t\t<label for=\"form-field-message\" class=\"elementor-field-label\">\n\t\t\t\t\t\t\t\tMessaggio\t\t\t\t\t\t\t<\/label>\n\t\t\t\t\t\t<textarea class=\"elementor-field-textual elementor-field  elementor-size-md\" name=\"form_fields[message]\" id=\"form-field-message\" rows=\"4\"><\/textarea>\t\t\t\t<\/div>\n\t\t\t\t\t\t\t\t<div class=\"elementor-field-type-acceptance elementor-field-group elementor-column elementor-field-group-field_592cf99 elementor-col-100 elementor-field-required elementor-mark-required\">\n\t\t\t\t\t\t\t\t\t\t\t\t<label for=\"form-field-field_592cf99\" class=\"elementor-field-label\">\n\t\t\t\t\t\t\t\tPrivacy Policy\t\t\t\t\t\t\t<\/label>\n\t\t\t\t\t\t\t\t<div class=\"elementor-field-subgroup\">\n\t\t\t<span class=\"elementor-field-option\">\n\t\t\t\t<input type=\"checkbox\" name=\"form_fields[field_592cf99]\" id=\"form-field-field_592cf99\" class=\"elementor-field elementor-size-md  elementor-acceptance-field\" required=\"required\">\n\t\t\t\t<label for=\"form-field-field_592cf99\">Dichiaro di aver letto e accettato l'<b><a href=\"https:\/\/digloc.com\/privacy-policy\/\" target=\"_blank\">Informativa sulla privacy<\/a><\/b> e che i miei dati personali saranno trattati in conformit\u00e0 con la legge algerina n. 18-07 sulla protezione dei dati personali.<\/label>\t\t\t<\/span>\n\t\t<\/div>\n\t\t\t\t\t\t<\/div>\n\t\t\t\t\t\t\t\t<div class=\"elementor-field-type-recaptcha_v3 elementor-field-group elementor-column elementor-field-group-field_8713744 elementor-col-100 recaptcha_v3-inline\">\n\t\t\t\t\t<div class=\"elementor-field\" id=\"form-field-field_8713744\"><div class=\"elementor-g-recaptcha\" data-sitekey=\"6LcJExwsAAAAAAzf49t9w0g9QUttb2rWpzi3B-M8\" data-type=\"v3\" data-action=\"Form\" data-badge=\"inline\" data-size=\"invisible\"><\/div><\/div>\t\t\t\t<\/div>\n\t\t\t\t\t\t\t\t<div class=\"elementor-field-group elementor-column elementor-field-type-submit elementor-col-100 e-form__buttons\">\n\t\t\t\t\t<button class=\"elementor-button elementor-size-md\" type=\"submit\">\n\t\t\t\t\t\t<span class=\"elementor-button-content-wrapper\">\n\t\t\t\t\t\t\t\t\t\t\t\t\t\t\t\t\t\t\t\t\t\t<span class=\"elementor-button-text\">INVIA<\/span>\n\t\t\t\t\t\t\t\t\t\t\t\t\t<\/span>\n\t\t\t\t\t<\/button>\n\t\t\t\t<\/div>\n\t\t\t<\/div>\n\t\t<\/form>\n\t\t\t\t\t\t<\/div>\n\t\t\t\t<\/div>\n\t\t\t\t<\/div>\n\t\t\t\t\t<\/div>\n\t\t\t\t<\/div>\n\t\t\t\t<\/div>\n\t\t","protected":false},"excerpt":{"rendered":"<p>D-VIRT Virtualizzazione del Server: Efficienza e Riduzione dei Costi La virtualizzazione del server \u00e8 una tecnica innovativa che consente di eseguire pi\u00f9 sistemi operativi isolati su macchine virtuali, utilizzando un singolo server fisico. Questa soluzione \u00e8 ideale per le aziende che desiderano ottimizzare le proprie risorse IT. Vantaggi della Virtualizzazione del Server La crescente pressione [&hellip;]<\/p>\n","protected":false},"author":1,"featured_media":0,"parent":0,"menu_order":0,"comment_status":"closed","ping_status":"closed","template":"","meta":{"footnotes":""},"class_list":["post-476","page","type-page","status-publish","hentry"],"yoast_head":"<!-- This site is optimized with the Yoast SEO plugin v26.4 - https:\/\/yoast.com\/wordpress\/plugins\/seo\/ -->\n<title>Virtualizzazione Server e Ottimizzazione IT \u2013 Digloc<\/title>\n<meta name=\"description\" content=\"Digloc D-VIRT consente di eseguire pi\u00f9 sistemi su un server, riducendo costi e migliorando efficienza e disponibilit\u00e0 IT.\" \/>\n<meta name=\"robots\" content=\"index, follow, max-snippet:-1, max-image-preview:large, max-video-preview:-1\" \/>\n<link rel=\"canonical\" href=\"https:\/\/digloc.com\/it\/virtualizzazione-server\/\" \/>\n<meta property=\"og:locale\" content=\"it_IT\" \/>\n<meta property=\"og:type\" content=\"article\" \/>\n<meta property=\"og:title\" content=\"Virtualizzazione Server e Ottimizzazione IT \u2013 Digloc\" \/>\n<meta property=\"og:description\" content=\"Digloc D-VIRT consente di eseguire pi\u00f9 sistemi su un server, riducendo costi e migliorando efficienza e disponibilit\u00e0 IT.\" \/>\n<meta property=\"og:url\" content=\"https:\/\/digloc.com\/it\/virtualizzazione-server\/\" \/>\n<meta property=\"og:site_name\" content=\"Digloc\" \/>\n<meta property=\"article:modified_time\" content=\"2025-11-29T16:57:53+00:00\" \/>\n<meta property=\"og:image\" content=\"https:\/\/digloc.com\/wp-content\/uploads\/2024\/10\/ima-virtualizzazione-server-02.webp\" \/>\n\t<meta property=\"og:image:width\" content=\"800\" \/>\n\t<meta property=\"og:image:height\" content=\"500\" \/>\n\t<meta property=\"og:image:type\" content=\"image\/webp\" \/>\n<meta name=\"twitter:card\" content=\"summary_large_image\" \/>\n<meta name=\"twitter:label1\" content=\"Tempo di lettura stimato\" \/>\n\t<meta name=\"twitter:data1\" content=\"2 minuti\" \/>\n<script type=\"application\/ld+json\" class=\"yoast-schema-graph\">{\"@context\":\"https:\/\/schema.org\",\"@graph\":[{\"@type\":\"WebPage\",\"@id\":\"https:\/\/digloc.com\/it\/virtualizzazione-server\/\",\"url\":\"https:\/\/digloc.com\/it\/virtualizzazione-server\/\",\"name\":\"Virtualizzazione Server e Ottimizzazione IT \u2013 Digloc\",\"isPartOf\":{\"@id\":\"https:\/\/digloc.com\/it\/#website\"},\"primaryImageOfPage\":{\"@id\":\"https:\/\/digloc.com\/it\/virtualizzazione-server\/#primaryimage\"},\"image\":{\"@id\":\"https:\/\/digloc.com\/it\/virtualizzazione-server\/#primaryimage\"},\"thumbnailUrl\":\"https:\/\/digloc.com\/wp-content\/uploads\/2024\/10\/ima-virtualizzazione-server-02.webp\",\"datePublished\":\"2024-10-01T18:00:50+00:00\",\"dateModified\":\"2025-11-29T16:57:53+00:00\",\"description\":\"Digloc D-VIRT consente di eseguire pi\u00f9 sistemi su un server, riducendo costi e migliorando efficienza e disponibilit\u00e0 IT.\",\"breadcrumb\":{\"@id\":\"https:\/\/digloc.com\/it\/virtualizzazione-server\/#breadcrumb\"},\"inLanguage\":\"it-IT\",\"potentialAction\":[{\"@type\":\"ReadAction\",\"target\":[\"https:\/\/digloc.com\/it\/virtualizzazione-server\/\"]}]},{\"@type\":\"ImageObject\",\"inLanguage\":\"it-IT\",\"@id\":\"https:\/\/digloc.com\/it\/virtualizzazione-server\/#primaryimage\",\"url\":\"https:\/\/digloc.com\/wp-content\/uploads\/2024\/10\/ima-virtualizzazione-server-02.webp\",\"contentUrl\":\"https:\/\/digloc.com\/wp-content\/uploads\/2024\/10\/ima-virtualizzazione-server-02.webp\"},{\"@type\":\"BreadcrumbList\",\"@id\":\"https:\/\/digloc.com\/it\/virtualizzazione-server\/#breadcrumb\",\"itemListElement\":[{\"@type\":\"ListItem\",\"position\":1,\"name\":\"Home\",\"item\":\"https:\/\/digloc.com\/it\/\"},{\"@type\":\"ListItem\",\"position\":2,\"name\":\"Virtualizzazione dei Server: Ottimizza le Tue Risorse IT\"}]},{\"@type\":\"WebSite\",\"@id\":\"https:\/\/digloc.com\/it\/#website\",\"url\":\"https:\/\/digloc.com\/it\/\",\"name\":\"Digloc SARL\",\"description\":\"\",\"potentialAction\":[{\"@type\":\"SearchAction\",\"target\":{\"@type\":\"EntryPoint\",\"urlTemplate\":\"https:\/\/digloc.com\/it\/?s={search_term_string}\"},\"query-input\":{\"@type\":\"PropertyValueSpecification\",\"valueRequired\":true,\"valueName\":\"search_term_string\"}}],\"inLanguage\":\"it-IT\"}]}<\/script>\n<!-- \/ Yoast SEO plugin. -->","yoast_head_json":{"title":"Virtualizzazione Server e Ottimizzazione IT \u2013 Digloc","description":"Digloc D-VIRT consente di eseguire pi\u00f9 sistemi su un server, riducendo costi e migliorando efficienza e disponibilit\u00e0 IT.","robots":{"index":"index","follow":"follow","max-snippet":"max-snippet:-1","max-image-preview":"max-image-preview:large","max-video-preview":"max-video-preview:-1"},"canonical":"https:\/\/digloc.com\/it\/virtualizzazione-server\/","og_locale":"it_IT","og_type":"article","og_title":"Virtualizzazione Server e Ottimizzazione IT \u2013 Digloc","og_description":"Digloc D-VIRT consente di eseguire pi\u00f9 sistemi su un server, riducendo costi e migliorando efficienza e disponibilit\u00e0 IT.","og_url":"https:\/\/digloc.com\/it\/virtualizzazione-server\/","og_site_name":"Digloc","article_modified_time":"2025-11-29T16:57:53+00:00","og_image":[{"width":800,"height":500,"url":"https:\/\/digloc.com\/wp-content\/uploads\/2024\/10\/ima-virtualizzazione-server-02.webp","type":"image\/webp"}],"twitter_card":"summary_large_image","twitter_misc":{"Tempo di lettura stimato":"2 minuti"},"schema":{"@context":"https:\/\/schema.org","@graph":[{"@type":"WebPage","@id":"https:\/\/digloc.com\/it\/virtualizzazione-server\/","url":"https:\/\/digloc.com\/it\/virtualizzazione-server\/","name":"Virtualizzazione Server e Ottimizzazione IT \u2013 Digloc","isPartOf":{"@id":"https:\/\/digloc.com\/it\/#website"},"primaryImageOfPage":{"@id":"https:\/\/digloc.com\/it\/virtualizzazione-server\/#primaryimage"},"image":{"@id":"https:\/\/digloc.com\/it\/virtualizzazione-server\/#primaryimage"},"thumbnailUrl":"https:\/\/digloc.com\/wp-content\/uploads\/2024\/10\/ima-virtualizzazione-server-02.webp","datePublished":"2024-10-01T18:00:50+00:00","dateModified":"2025-11-29T16:57:53+00:00","description":"Digloc D-VIRT consente di eseguire pi\u00f9 sistemi su un server, riducendo costi e migliorando efficienza e disponibilit\u00e0 IT.","breadcrumb":{"@id":"https:\/\/digloc.com\/it\/virtualizzazione-server\/#breadcrumb"},"inLanguage":"it-IT","potentialAction":[{"@type":"ReadAction","target":["https:\/\/digloc.com\/it\/virtualizzazione-server\/"]}]},{"@type":"ImageObject","inLanguage":"it-IT","@id":"https:\/\/digloc.com\/it\/virtualizzazione-server\/#primaryimage","url":"https:\/\/digloc.com\/wp-content\/uploads\/2024\/10\/ima-virtualizzazione-server-02.webp","contentUrl":"https:\/\/digloc.com\/wp-content\/uploads\/2024\/10\/ima-virtualizzazione-server-02.webp"},{"@type":"BreadcrumbList","@id":"https:\/\/digloc.com\/it\/virtualizzazione-server\/#breadcrumb","itemListElement":[{"@type":"ListItem","position":1,"name":"Home","item":"https:\/\/digloc.com\/it\/"},{"@type":"ListItem","position":2,"name":"Virtualizzazione dei Server: Ottimizza le Tue Risorse IT"}]},{"@type":"WebSite","@id":"https:\/\/digloc.com\/it\/#website","url":"https:\/\/digloc.com\/it\/","name":"Digloc SARL","description":"","potentialAction":[{"@type":"SearchAction","target":{"@type":"EntryPoint","urlTemplate":"https:\/\/digloc.com\/it\/?s={search_term_string}"},"query-input":{"@type":"PropertyValueSpecification","valueRequired":true,"valueName":"search_term_string"}}],"inLanguage":"it-IT"}]}},"_links":{"self":[{"href":"https:\/\/digloc.com\/it\/wp-json\/wp\/v2\/pages\/476","targetHints":{"allow":["GET"]}}],"collection":[{"href":"https:\/\/digloc.com\/it\/wp-json\/wp\/v2\/pages"}],"about":[{"href":"https:\/\/digloc.com\/it\/wp-json\/wp\/v2\/types\/page"}],"author":[{"embeddable":true,"href":"https:\/\/digloc.com\/it\/wp-json\/wp\/v2\/users\/1"}],"replies":[{"embeddable":true,"href":"https:\/\/digloc.com\/it\/wp-json\/wp\/v2\/comments?post=476"}],"version-history":[{"count":9,"href":"https:\/\/digloc.com\/it\/wp-json\/wp\/v2\/pages\/476\/revisions"}],"predecessor-version":[{"id":2243,"href":"https:\/\/digloc.com\/it\/wp-json\/wp\/v2\/pages\/476\/revisions\/2243"}],"wp:attachment":[{"href":"https:\/\/digloc.com\/it\/wp-json\/wp\/v2\/media?parent=476"}],"curies":[{"name":"wp","href":"https:\/\/api.w.org\/{rel}","templated":true}]}}