{"id":375,"date":"2024-09-30T07:31:42","date_gmt":"2024-09-30T07:31:42","guid":{"rendered":"https:\/\/digloc.com\/digloctest\/?page_id=375"},"modified":"2025-11-29T16:57:40","modified_gmt":"2025-11-29T16:57:40","slug":"soluzioni-di-telefonia-e-videofonia-ip","status":"publish","type":"page","link":"https:\/\/digloc.com\/it\/soluzioni-di-telefonia-e-videofonia-ip\/","title":{"rendered":"Soluzioni di Telefonia e Videofonia IP"},"content":{"rendered":"\t\t<div data-elementor-type=\"wp-page\" data-elementor-id=\"375\" class=\"elementor elementor-375\" data-elementor-post-type=\"page\">\n\t\t\t\t<div class=\"elementor-element elementor-element-c49c016 e-flex e-con-boxed e-con e-parent\" data-id=\"c49c016\" data-element_type=\"container\" data-settings=\"{&quot;background_background&quot;:&quot;classic&quot;}\">\n\t\t\t\t\t<div class=\"e-con-inner\">\n\t\t<div class=\"elementor-element elementor-element-b0b6bae e-con-full e-flex e-con e-child\" data-id=\"b0b6bae\" data-element_type=\"container\">\n\t\t\t\t<div class=\"elementor-element elementor-element-b28e3b8 elementor-widget elementor-widget-breadcrumbs\" data-id=\"b28e3b8\" data-element_type=\"widget\" data-widget_type=\"breadcrumbs.default\">\n\t\t\t\t\t<p id=\"breadcrumbs\"><span><span><a href=\"https:\/\/digloc.com\/it\/\">Home<\/a><\/span><\/span><\/p>\t\t\t\t<\/div>\n\t\t\t\t<\/div>\n\t\t\t\t\t<\/div>\n\t\t\t\t<\/div>\n\t\t<div class=\"elementor-element elementor-element-33ac799 e-flex e-con-boxed e-con e-parent\" data-id=\"33ac799\" data-element_type=\"container\">\n\t\t\t\t\t<div class=\"e-con-inner\">\n\t\t<div class=\"elementor-element elementor-element-c32ec78 e-con-full e-flex e-con e-child\" data-id=\"c32ec78\" data-element_type=\"container\">\n\t\t\t\t<div class=\"elementor-element elementor-element-eb695e3 elementor-widget elementor-widget-heading\" data-id=\"eb695e3\" data-element_type=\"widget\" data-widget_type=\"heading.default\">\n\t\t\t\t\t<h2 class=\"elementor-heading-title elementor-size-default\">D-PHONE\n<\/h2>\t\t\t\t<\/div>\n\t\t\t\t<div class=\"elementor-element elementor-element-4bf0ccc elementor-widget elementor-widget-heading\" data-id=\"4bf0ccc\" data-element_type=\"widget\" data-widget_type=\"heading.default\">\n\t\t\t\t\t<h3 class=\"elementor-heading-title elementor-size-default\">Soluzioni di Telefonia e Videofonia IP<\/h3>\t\t\t\t<\/div>\n\t\t\t\t<div class=\"elementor-element elementor-element-75e029a elementor-widget elementor-widget-text-editor\" data-id=\"75e029a\" data-element_type=\"widget\" data-widget_type=\"text-editor.default\">\n\t\t\t\t\t\t\t\t\t<p>La nostra soluzione <strong>V-PHONE<\/strong> \u00e8 disponibile in due varianti:<\/p><ol><li><p><strong>MINIPBX<\/strong>: Un centralino compatto, delle dimensioni di un pacchetto di sigarette, basato su Linux. Supporta fino a 50 utenti e 4 linee esterne, gestendo la telefonia SIP con semplicit\u00e0 ed efficienza.<\/p><\/li><li><p><strong>SERVER IPBX<\/strong>: Una versione server per esigenze pi\u00f9 complesse, anch&#8217;essa basata su Linux, che gestisce la telefonia di rete con account SIP. Ideale per oltre 50 utenti e con pi\u00f9 di 4 linee esterne.<\/p><\/li><\/ol>\t\t\t\t\t\t\t\t<\/div>\n\t\t\t\t<div class=\"elementor-element elementor-element-d051faf elementor-widget elementor-widget-text-editor\" data-id=\"d051faf\" data-element_type=\"widget\" data-widget_type=\"text-editor.default\">\n\t\t\t\t\t\t\t\t\t<p>La nostra soluzione software permette l&#8217;integrazione di un numero <strong style=\"background-color: transparent; font-size: 1rem; text-align: var(--text-align);\">illimitato<\/strong> di linee interne ed esterne, consentendo la comunicazione voce e video tra postazioni connesse tramite rete LAN o Wi-Fi.<\/p>\t\t\t\t\t\t\t\t<\/div>\n\t\t\t\t<\/div>\n\t\t<div class=\"elementor-element elementor-element-bc934b0 e-con-full e-flex e-con e-child\" data-id=\"bc934b0\" data-element_type=\"container\">\n\t\t\t\t<div class=\"elementor-element elementor-element-7301bb7 elementor-widget elementor-widget-image\" data-id=\"7301bb7\" data-element_type=\"widget\" data-widget_type=\"image.default\">\n\t\t\t\t\t\t\t\t\t\t\t\t\t\t\t<img fetchpriority=\"high\" decoding=\"async\" width=\"800\" height=\"500\" src=\"https:\/\/digloc.com\/wp-content\/uploads\/2024\/09\/ima-telefonia-videofonia-IP-01.webp\" class=\"attachment-full size-full wp-image-380\" alt=\"\" srcset=\"https:\/\/digloc.com\/wp-content\/uploads\/2024\/09\/ima-telefonia-videofonia-IP-01.webp 800w, https:\/\/digloc.com\/wp-content\/uploads\/2024\/09\/ima-telefonia-videofonia-IP-01-768x480.webp 768w\" sizes=\"(max-width: 800px) 100vw, 800px\" \/>\t\t\t\t\t\t\t\t\t\t\t\t\t\t\t<\/div>\n\t\t\t\t<\/div>\n\t\t\t\t\t<\/div>\n\t\t\t\t<\/div>\n\t\t<div class=\"elementor-element elementor-element-0404889 e-flex e-con-boxed e-con e-parent\" data-id=\"0404889\" data-element_type=\"container\">\n\t\t\t\t\t<div class=\"e-con-inner\">\n\t\t<div class=\"elementor-element elementor-element-d547bbe e-con-full e-flex e-con e-child\" data-id=\"d547bbe\" data-element_type=\"container\">\n\t\t\t\t<div class=\"elementor-element elementor-element-8a2006b elementor-widget elementor-widget-heading\" data-id=\"8a2006b\" data-element_type=\"widget\" data-widget_type=\"heading.default\">\n\t\t\t\t\t<h2 class=\"elementor-heading-title elementor-size-default\">Integrazioni e Accessori\n<\/h2>\t\t\t\t<\/div>\n\t\t\t\t<div class=\"elementor-element elementor-element-f97f794 elementor-widget elementor-widget-text-editor\" data-id=\"f97f794\" data-element_type=\"widget\" data-widget_type=\"text-editor.default\">\n\t\t\t\t\t\t\t\t\t<ul><li>Utilizziamo\u00a0<strong>gateway FXO<\/strong>\u00a0(4\/8\/12 e multipli) per l\u2019accesso alla rete telefonica di ACTEL o degli operatori GSM, e\u00a0<strong>gateway FXS<\/strong>\u00a0per la trasformazione del segnale fax in intranet o per connettere il tuo vecchio PABX al nuovo sistema IPBX.<\/li><li><strong>Gateway GSM<\/strong>\u00a0(2\/4\/8 canali e multipli) consentono di convertire il segnale GSM in segnale intranet per una maggiore flessibilit\u00e0.<\/li><\/ul>\t\t\t\t\t\t\t\t<\/div>\n\t\t\t\t<div class=\"elementor-element elementor-element-3029dcf elementor-widget elementor-widget-heading\" data-id=\"3029dcf\" data-element_type=\"widget\" data-widget_type=\"heading.default\">\n\t\t\t\t\t<h3 class=\"elementor-heading-title elementor-size-default\">Altre Opzioni\n<\/h3>\t\t\t\t<\/div>\n\t\t\t\t<div class=\"elementor-element elementor-element-3f1bf44 elementor-widget elementor-widget-text-editor\" data-id=\"3f1bf44\" data-element_type=\"widget\" data-widget_type=\"text-editor.default\">\n\t\t\t\t\t\t\t\t\t<ul style=\"font-size: 16px; background-color: #ffffff;\"><li style=\"font-size: 16px;\">Offriamo linee\u00a0<span style=\"font-weight: bolder;\">VOIP<\/span>\u00a0con numerazioni 09xxxxxx, direttamente integrate nel nostro IPBX.<\/li><li style=\"font-size: 16px;\">Le postazioni interne possono essere collegate alla centrale telefonica tramite\u00a0PC o smartphone. Per chi preferisce un telefono fisso, proponiamo\u00a0<span style=\"font-weight: bolder;\">telefoni IP<\/span>\u00a0o telefoni analogici con adattatori Rj11\/Rj45 per trasformarli in telefoni IP.<\/li><\/ul>\t\t\t\t\t\t\t\t<\/div>\n\t\t\t\t<div class=\"elementor-element elementor-element-c88a903 elementor-widget elementor-widget-heading\" data-id=\"c88a903\" data-element_type=\"widget\" data-widget_type=\"heading.default\">\n\t\t\t\t\t<h2 class=\"elementor-heading-title elementor-size-default\">Videocitofonia IP\n<\/h2>\t\t\t\t<\/div>\n\t\t\t\t<div class=\"elementor-element elementor-element-d55c63a elementor-widget elementor-widget-text-editor\" data-id=\"d55c63a\" data-element_type=\"widget\" data-widget_type=\"text-editor.default\">\n\t\t\t\t\t\t\t\t\t<p>Aggiungiamo la funzione del <strong style=\"text-align: var(--text-align); font-size: 1rem;\">videocitofono IP<\/strong>, integrato nella rete telefonica IP: quando un visitatore suona alla porta, la chiamata viene inoltrata direttamente al tuo PC o smartphone, con la possibilit\u00e0 di aprire la porta da remoto. Se il tuo computer \u00e8 spento, la chiamata verr\u00e0 automaticamente trasferita al tuo cellulare, garantendo il massimo controllo e comodit\u00e0.<\/p>\t\t\t\t\t\t\t\t<\/div>\n\t\t\t\t<\/div>\n\t\t\t\t\t<\/div>\n\t\t\t\t<\/div>\n\t\t<div class=\"elementor-element elementor-element-a24803b e-flex e-con-boxed e-con e-parent\" data-id=\"a24803b\" data-element_type=\"container\" data-settings=\"{&quot;background_background&quot;:&quot;classic&quot;}\">\n\t\t\t\t\t<div class=\"e-con-inner\">\n\t\t<div class=\"elementor-element elementor-element-c794890 e-con-full e-flex e-con e-child\" data-id=\"c794890\" data-element_type=\"container\">\n\t\t\t\t<div class=\"elementor-element elementor-element-cfe0875 elementor-widget elementor-widget-heading\" data-id=\"cfe0875\" data-element_type=\"widget\" data-widget_type=\"heading.default\">\n\t\t\t\t\t<h2 class=\"elementor-heading-title elementor-size-default\">Parliamo del tuo progetto<\/h2>\t\t\t\t<\/div>\n\t\t\t\t<div class=\"elementor-element elementor-element-709262f elementor-widget__width-initial elementor-widget elementor-widget-heading\" data-id=\"709262f\" data-element_type=\"widget\" data-widget_type=\"heading.default\">\n\t\t\t\t\t<h3 class=\"elementor-heading-title elementor-size-default\">Scrivici, i nostri project manager ti risponderanno velocemente con le risposte alle tue domande.<\/h3>\t\t\t\t<\/div>\n\t\t\t\t<div class=\"elementor-element elementor-element-411c21f elementor-widget elementor-widget-spacer\" data-id=\"411c21f\" data-element_type=\"widget\" data-widget_type=\"spacer.default\">\n\t\t\t\t\t\t\t<div class=\"elementor-spacer\">\n\t\t\t<div class=\"elementor-spacer-inner\"><\/div>\n\t\t<\/div>\n\t\t\t\t\t\t<\/div>\n\t\t<div class=\"elementor-element elementor-element-277a1a2 e-con-full e-flex e-con e-child\" data-id=\"277a1a2\" data-element_type=\"container\" data-settings=\"{&quot;background_background&quot;:&quot;classic&quot;}\">\n\t\t\t\t<div class=\"elementor-element elementor-element-4ebf121 elementor-button-align-stretch elementor-widget elementor-widget-form\" data-id=\"4ebf121\" data-element_type=\"widget\" data-settings=\"{&quot;step_next_label&quot;:&quot;Successivo&quot;,&quot;step_previous_label&quot;:&quot;Precedente&quot;,&quot;button_width&quot;:&quot;100&quot;,&quot;step_type&quot;:&quot;number_text&quot;,&quot;step_icon_shape&quot;:&quot;circle&quot;}\" data-widget_type=\"form.default\">\n\t\t\t\t\t\t\t<form class=\"elementor-form\" method=\"post\" name=\"Modulo contattaci\" aria-label=\"Modulo contattaci\">\n\t\t\t<input type=\"hidden\" name=\"post_id\" value=\"375\"\/>\n\t\t\t<input type=\"hidden\" name=\"form_id\" value=\"4ebf121\"\/>\n\t\t\t<input type=\"hidden\" name=\"referer_title\" value=\"Digloc\" \/>\n\n\t\t\t\n\t\t\t<div class=\"elementor-form-fields-wrapper elementor-labels-above\">\n\t\t\t\t\t\t\t\t<div class=\"elementor-field-type-text elementor-field-group elementor-column elementor-field-group-name elementor-col-50 elementor-field-required elementor-mark-required\">\n\t\t\t\t\t\t\t\t\t\t\t\t<label for=\"form-field-name\" class=\"elementor-field-label\">\n\t\t\t\t\t\t\t\tNome Azienda\t\t\t\t\t\t\t<\/label>\n\t\t\t\t\t\t\t\t\t\t\t\t\t\t<input size=\"1\" type=\"text\" name=\"form_fields[name]\" id=\"form-field-name\" class=\"elementor-field elementor-size-md  elementor-field-textual\" required=\"required\">\n\t\t\t\t\t\t\t\t\t\t\t<\/div>\n\t\t\t\t\t\t\t\t<div class=\"elementor-field-type-text elementor-field-group elementor-column elementor-field-group-field_6b6d918 elementor-col-50 elementor-field-required elementor-mark-required\">\n\t\t\t\t\t\t\t\t\t\t\t\t<label for=\"form-field-field_6b6d918\" class=\"elementor-field-label\">\n\t\t\t\t\t\t\t\tNome e Cognome\t\t\t\t\t\t\t<\/label>\n\t\t\t\t\t\t\t\t\t\t\t\t\t\t<input size=\"1\" type=\"text\" name=\"form_fields[field_6b6d918]\" id=\"form-field-field_6b6d918\" class=\"elementor-field elementor-size-md  elementor-field-textual\" required=\"required\">\n\t\t\t\t\t\t\t\t\t\t\t<\/div>\n\t\t\t\t\t\t\t\t<div class=\"elementor-field-type-text elementor-field-group elementor-column elementor-field-group-field_dfca383 elementor-col-50\">\n\t\t\t\t\t\t\t\t\t\t\t\t<label for=\"form-field-field_dfca383\" class=\"elementor-field-label\">\n\t\t\t\t\t\t\t\tCitt\u00e0\t\t\t\t\t\t\t<\/label>\n\t\t\t\t\t\t\t\t\t\t\t\t\t\t<input size=\"1\" type=\"text\" name=\"form_fields[field_dfca383]\" id=\"form-field-field_dfca383\" class=\"elementor-field elementor-size-md  elementor-field-textual\">\n\t\t\t\t\t\t\t\t\t\t\t<\/div>\n\t\t\t\t\t\t\t\t<div class=\"elementor-field-type-tel elementor-field-group elementor-column elementor-field-group-field_f36fce8 elementor-col-50 elementor-field-required elementor-mark-required\">\n\t\t\t\t\t\t\t\t\t\t\t\t<label for=\"form-field-field_f36fce8\" class=\"elementor-field-label\">\n\t\t\t\t\t\t\t\tTelefono\t\t\t\t\t\t\t<\/label>\n\t\t\t\t\t\t\t\t<input size=\"1\" type=\"tel\" name=\"form_fields[field_f36fce8]\" id=\"form-field-field_f36fce8\" class=\"elementor-field elementor-size-md  elementor-field-textual\" required=\"required\" pattern=\"[0-9()#&amp;+*-=.]+\" title=\"Sono accettati solo numeri e caratteri telefonici (#, -, *, ecc.).\">\n\n\t\t\t\t\t\t<\/div>\n\t\t\t\t\t\t\t\t<div class=\"elementor-field-type-email elementor-field-group elementor-column elementor-field-group-email elementor-col-100 elementor-field-required elementor-mark-required\">\n\t\t\t\t\t\t\t\t\t\t\t\t<label for=\"form-field-email\" class=\"elementor-field-label\">\n\t\t\t\t\t\t\t\tEmail\t\t\t\t\t\t\t<\/label>\n\t\t\t\t\t\t\t\t\t\t\t\t\t\t<input size=\"1\" type=\"email\" name=\"form_fields[email]\" id=\"form-field-email\" class=\"elementor-field elementor-size-md  elementor-field-textual\" required=\"required\">\n\t\t\t\t\t\t\t\t\t\t\t<\/div>\n\t\t\t\t\t\t\t\t<div class=\"elementor-field-type-textarea elementor-field-group elementor-column elementor-field-group-message elementor-col-100\">\n\t\t\t\t\t\t\t\t\t\t\t\t<label for=\"form-field-message\" class=\"elementor-field-label\">\n\t\t\t\t\t\t\t\tMessaggio\t\t\t\t\t\t\t<\/label>\n\t\t\t\t\t\t<textarea class=\"elementor-field-textual elementor-field  elementor-size-md\" name=\"form_fields[message]\" id=\"form-field-message\" rows=\"4\"><\/textarea>\t\t\t\t<\/div>\n\t\t\t\t\t\t\t\t<div class=\"elementor-field-type-acceptance elementor-field-group elementor-column elementor-field-group-field_592cf99 elementor-col-100 elementor-field-required elementor-mark-required\">\n\t\t\t\t\t\t\t\t\t\t\t\t<label for=\"form-field-field_592cf99\" class=\"elementor-field-label\">\n\t\t\t\t\t\t\t\tPrivacy Policy\t\t\t\t\t\t\t<\/label>\n\t\t\t\t\t\t\t\t<div class=\"elementor-field-subgroup\">\n\t\t\t<span class=\"elementor-field-option\">\n\t\t\t\t<input type=\"checkbox\" name=\"form_fields[field_592cf99]\" id=\"form-field-field_592cf99\" class=\"elementor-field elementor-size-md  elementor-acceptance-field\" required=\"required\">\n\t\t\t\t<label for=\"form-field-field_592cf99\">Dichiaro di aver letto e accettato l'<b><a href=\"https:\/\/digloc.com\/privacy-policy\/\" target=\"_blank\">Informativa sulla privacy<\/a><\/b> e che i miei dati personali saranno trattati in conformit\u00e0 con la legge algerina n. 18-07 sulla protezione dei dati personali.<\/label>\t\t\t<\/span>\n\t\t<\/div>\n\t\t\t\t\t\t<\/div>\n\t\t\t\t\t\t\t\t<div class=\"elementor-field-type-recaptcha_v3 elementor-field-group elementor-column elementor-field-group-field_8713744 elementor-col-100 recaptcha_v3-inline\">\n\t\t\t\t\t<div class=\"elementor-field\" id=\"form-field-field_8713744\"><div class=\"elementor-g-recaptcha\" data-sitekey=\"6LcJExwsAAAAAAzf49t9w0g9QUttb2rWpzi3B-M8\" data-type=\"v3\" data-action=\"Form\" data-badge=\"inline\" data-size=\"invisible\"><\/div><\/div>\t\t\t\t<\/div>\n\t\t\t\t\t\t\t\t<div class=\"elementor-field-group elementor-column elementor-field-type-submit elementor-col-100 e-form__buttons\">\n\t\t\t\t\t<button class=\"elementor-button elementor-size-md\" type=\"submit\">\n\t\t\t\t\t\t<span class=\"elementor-button-content-wrapper\">\n\t\t\t\t\t\t\t\t\t\t\t\t\t\t\t\t\t\t\t\t\t\t<span class=\"elementor-button-text\">INVIA<\/span>\n\t\t\t\t\t\t\t\t\t\t\t\t\t<\/span>\n\t\t\t\t\t<\/button>\n\t\t\t\t<\/div>\n\t\t\t<\/div>\n\t\t<\/form>\n\t\t\t\t\t\t<\/div>\n\t\t\t\t<\/div>\n\t\t\t\t<\/div>\n\t\t\t\t\t<\/div>\n\t\t\t\t<\/div>\n\t\t\t\t<\/div>\n\t\t","protected":false},"excerpt":{"rendered":"<p>D-PHONE Soluzioni di Telefonia e Videofonia IP La nostra soluzione V-PHONE \u00e8 disponibile in due varianti: MINIPBX: Un centralino compatto, delle dimensioni di un pacchetto di sigarette, basato su Linux. Supporta fino a 50 utenti e 4 linee esterne, gestendo la telefonia SIP con semplicit\u00e0 ed efficienza. SERVER IPBX: Una versione server per esigenze pi\u00f9 [&hellip;]<\/p>\n","protected":false},"author":1,"featured_media":0,"parent":0,"menu_order":0,"comment_status":"closed","ping_status":"closed","template":"","meta":{"footnotes":""},"class_list":["post-375","page","type-page","status-publish","hentry"],"yoast_head":"<!-- This site is optimized with the Yoast SEO plugin v26.4 - https:\/\/yoast.com\/wordpress\/plugins\/seo\/ -->\n<title>D-PHONE \u2013 Soluzione di Telefonia IP e Mini IPBX Asterisk<\/title>\n<meta name=\"description\" content=\"D-PHONE offre un sistema IPBX Asterisk con linee PSTN e GSM. Una piattaforma di comunicazione VoIP completa, affidabile e ideale per aziende moderne.\" \/>\n<meta name=\"robots\" content=\"index, follow, max-snippet:-1, max-image-preview:large, max-video-preview:-1\" \/>\n<link rel=\"canonical\" href=\"https:\/\/digloc.com\/it\/soluzioni-di-telefonia-e-videofonia-ip\/\" \/>\n<meta property=\"og:locale\" content=\"it_IT\" \/>\n<meta property=\"og:type\" content=\"article\" \/>\n<meta property=\"og:title\" content=\"D-PHONE \u2013 Soluzione di Telefonia IP e Mini IPBX Asterisk\" \/>\n<meta property=\"og:description\" content=\"D-PHONE offre un sistema IPBX Asterisk con linee PSTN e GSM. Una piattaforma di comunicazione VoIP completa, affidabile e ideale per aziende moderne.\" \/>\n<meta property=\"og:url\" content=\"https:\/\/digloc.com\/it\/soluzioni-di-telefonia-e-videofonia-ip\/\" \/>\n<meta property=\"og:site_name\" content=\"Digloc\" \/>\n<meta property=\"article:modified_time\" content=\"2025-11-29T16:57:40+00:00\" \/>\n<meta property=\"og:image\" content=\"https:\/\/digloc.com\/wp-content\/uploads\/2024\/09\/ima-telefonia-videofonia-IP-01.webp\" \/>\n\t<meta property=\"og:image:width\" content=\"800\" \/>\n\t<meta property=\"og:image:height\" content=\"500\" \/>\n\t<meta property=\"og:image:type\" content=\"image\/webp\" \/>\n<meta name=\"twitter:card\" content=\"summary_large_image\" \/>\n<meta name=\"twitter:label1\" content=\"Tempo di lettura stimato\" \/>\n\t<meta name=\"twitter:data1\" content=\"3 minuti\" \/>\n<script type=\"application\/ld+json\" class=\"yoast-schema-graph\">{\"@context\":\"https:\/\/schema.org\",\"@graph\":[{\"@type\":\"WebPage\",\"@id\":\"https:\/\/digloc.com\/it\/soluzioni-di-telefonia-e-videofonia-ip\/\",\"url\":\"https:\/\/digloc.com\/it\/soluzioni-di-telefonia-e-videofonia-ip\/\",\"name\":\"D-PHONE \u2013 Soluzione di Telefonia IP e Mini IPBX Asterisk\",\"isPartOf\":{\"@id\":\"https:\/\/digloc.com\/it\/#website\"},\"primaryImageOfPage\":{\"@id\":\"https:\/\/digloc.com\/it\/soluzioni-di-telefonia-e-videofonia-ip\/#primaryimage\"},\"image\":{\"@id\":\"https:\/\/digloc.com\/it\/soluzioni-di-telefonia-e-videofonia-ip\/#primaryimage\"},\"thumbnailUrl\":\"https:\/\/digloc.com\/wp-content\/uploads\/2024\/09\/ima-telefonia-videofonia-IP-01.webp\",\"datePublished\":\"2024-09-30T07:31:42+00:00\",\"dateModified\":\"2025-11-29T16:57:40+00:00\",\"description\":\"D-PHONE offre un sistema IPBX Asterisk con linee PSTN e GSM. Una piattaforma di comunicazione VoIP completa, affidabile e ideale per aziende moderne.\",\"breadcrumb\":{\"@id\":\"https:\/\/digloc.com\/it\/soluzioni-di-telefonia-e-videofonia-ip\/#breadcrumb\"},\"inLanguage\":\"it-IT\",\"potentialAction\":[{\"@type\":\"ReadAction\",\"target\":[\"https:\/\/digloc.com\/it\/soluzioni-di-telefonia-e-videofonia-ip\/\"]}]},{\"@type\":\"ImageObject\",\"inLanguage\":\"it-IT\",\"@id\":\"https:\/\/digloc.com\/it\/soluzioni-di-telefonia-e-videofonia-ip\/#primaryimage\",\"url\":\"https:\/\/digloc.com\/wp-content\/uploads\/2024\/09\/ima-telefonia-videofonia-IP-01.webp\",\"contentUrl\":\"https:\/\/digloc.com\/wp-content\/uploads\/2024\/09\/ima-telefonia-videofonia-IP-01.webp\"},{\"@type\":\"BreadcrumbList\",\"@id\":\"https:\/\/digloc.com\/it\/soluzioni-di-telefonia-e-videofonia-ip\/#breadcrumb\",\"itemListElement\":[{\"@type\":\"ListItem\",\"position\":1,\"name\":\"Home\",\"item\":\"https:\/\/digloc.com\/it\/\"},{\"@type\":\"ListItem\",\"position\":2,\"name\":\"Soluzioni di Telefonia e Videofonia IP\"}]},{\"@type\":\"WebSite\",\"@id\":\"https:\/\/digloc.com\/it\/#website\",\"url\":\"https:\/\/digloc.com\/it\/\",\"name\":\"Digloc SARL\",\"description\":\"\",\"potentialAction\":[{\"@type\":\"SearchAction\",\"target\":{\"@type\":\"EntryPoint\",\"urlTemplate\":\"https:\/\/digloc.com\/it\/?s={search_term_string}\"},\"query-input\":{\"@type\":\"PropertyValueSpecification\",\"valueRequired\":true,\"valueName\":\"search_term_string\"}}],\"inLanguage\":\"it-IT\"}]}<\/script>\n<!-- \/ Yoast SEO plugin. -->","yoast_head_json":{"title":"D-PHONE \u2013 Soluzione di Telefonia IP e Mini IPBX Asterisk","description":"D-PHONE offre un sistema IPBX Asterisk con linee PSTN e GSM. Una piattaforma di comunicazione VoIP completa, affidabile e ideale per aziende moderne.","robots":{"index":"index","follow":"follow","max-snippet":"max-snippet:-1","max-image-preview":"max-image-preview:large","max-video-preview":"max-video-preview:-1"},"canonical":"https:\/\/digloc.com\/it\/soluzioni-di-telefonia-e-videofonia-ip\/","og_locale":"it_IT","og_type":"article","og_title":"D-PHONE \u2013 Soluzione di Telefonia IP e Mini IPBX Asterisk","og_description":"D-PHONE offre un sistema IPBX Asterisk con linee PSTN e GSM. Una piattaforma di comunicazione VoIP completa, affidabile e ideale per aziende moderne.","og_url":"https:\/\/digloc.com\/it\/soluzioni-di-telefonia-e-videofonia-ip\/","og_site_name":"Digloc","article_modified_time":"2025-11-29T16:57:40+00:00","og_image":[{"width":800,"height":500,"url":"https:\/\/digloc.com\/wp-content\/uploads\/2024\/09\/ima-telefonia-videofonia-IP-01.webp","type":"image\/webp"}],"twitter_card":"summary_large_image","twitter_misc":{"Tempo di lettura stimato":"3 minuti"},"schema":{"@context":"https:\/\/schema.org","@graph":[{"@type":"WebPage","@id":"https:\/\/digloc.com\/it\/soluzioni-di-telefonia-e-videofonia-ip\/","url":"https:\/\/digloc.com\/it\/soluzioni-di-telefonia-e-videofonia-ip\/","name":"D-PHONE \u2013 Soluzione di Telefonia IP e Mini IPBX Asterisk","isPartOf":{"@id":"https:\/\/digloc.com\/it\/#website"},"primaryImageOfPage":{"@id":"https:\/\/digloc.com\/it\/soluzioni-di-telefonia-e-videofonia-ip\/#primaryimage"},"image":{"@id":"https:\/\/digloc.com\/it\/soluzioni-di-telefonia-e-videofonia-ip\/#primaryimage"},"thumbnailUrl":"https:\/\/digloc.com\/wp-content\/uploads\/2024\/09\/ima-telefonia-videofonia-IP-01.webp","datePublished":"2024-09-30T07:31:42+00:00","dateModified":"2025-11-29T16:57:40+00:00","description":"D-PHONE offre un sistema IPBX Asterisk con linee PSTN e GSM. Una piattaforma di comunicazione VoIP completa, affidabile e ideale per aziende moderne.","breadcrumb":{"@id":"https:\/\/digloc.com\/it\/soluzioni-di-telefonia-e-videofonia-ip\/#breadcrumb"},"inLanguage":"it-IT","potentialAction":[{"@type":"ReadAction","target":["https:\/\/digloc.com\/it\/soluzioni-di-telefonia-e-videofonia-ip\/"]}]},{"@type":"ImageObject","inLanguage":"it-IT","@id":"https:\/\/digloc.com\/it\/soluzioni-di-telefonia-e-videofonia-ip\/#primaryimage","url":"https:\/\/digloc.com\/wp-content\/uploads\/2024\/09\/ima-telefonia-videofonia-IP-01.webp","contentUrl":"https:\/\/digloc.com\/wp-content\/uploads\/2024\/09\/ima-telefonia-videofonia-IP-01.webp"},{"@type":"BreadcrumbList","@id":"https:\/\/digloc.com\/it\/soluzioni-di-telefonia-e-videofonia-ip\/#breadcrumb","itemListElement":[{"@type":"ListItem","position":1,"name":"Home","item":"https:\/\/digloc.com\/it\/"},{"@type":"ListItem","position":2,"name":"Soluzioni di Telefonia e Videofonia IP"}]},{"@type":"WebSite","@id":"https:\/\/digloc.com\/it\/#website","url":"https:\/\/digloc.com\/it\/","name":"Digloc SARL","description":"","potentialAction":[{"@type":"SearchAction","target":{"@type":"EntryPoint","urlTemplate":"https:\/\/digloc.com\/it\/?s={search_term_string}"},"query-input":{"@type":"PropertyValueSpecification","valueRequired":true,"valueName":"search_term_string"}}],"inLanguage":"it-IT"}]}},"_links":{"self":[{"href":"https:\/\/digloc.com\/it\/wp-json\/wp\/v2\/pages\/375","targetHints":{"allow":["GET"]}}],"collection":[{"href":"https:\/\/digloc.com\/it\/wp-json\/wp\/v2\/pages"}],"about":[{"href":"https:\/\/digloc.com\/it\/wp-json\/wp\/v2\/types\/page"}],"author":[{"embeddable":true,"href":"https:\/\/digloc.com\/it\/wp-json\/wp\/v2\/users\/1"}],"replies":[{"embeddable":true,"href":"https:\/\/digloc.com\/it\/wp-json\/wp\/v2\/comments?post=375"}],"version-history":[{"count":9,"href":"https:\/\/digloc.com\/it\/wp-json\/wp\/v2\/pages\/375\/revisions"}],"predecessor-version":[{"id":2231,"href":"https:\/\/digloc.com\/it\/wp-json\/wp\/v2\/pages\/375\/revisions\/2231"}],"wp:attachment":[{"href":"https:\/\/digloc.com\/it\/wp-json\/wp\/v2\/media?parent=375"}],"curies":[{"name":"wp","href":"https:\/\/api.w.org\/{rel}","templated":true}]}}