{"id":977,"date":"2024-09-28T10:48:35","date_gmt":"2024-09-28T10:48:35","guid":{"rendered":"https:\/\/digloc.com\/digloctest\/d-learn\/"},"modified":"2025-11-29T09:26:40","modified_gmt":"2025-11-29T09:26:40","slug":"d-learn","status":"publish","type":"page","link":"https:\/\/digloc.com\/es\/d-learn\/","title":{"rendered":"D-Learn"},"content":{"rendered":"\t\t<div data-elementor-type=\"wp-page\" data-elementor-id=\"977\" class=\"elementor elementor-977 elementor-225\" data-elementor-post-type=\"page\">\n\t\t\t\t<div class=\"elementor-element elementor-element-b9c92bd e-flex e-con-boxed e-con e-parent\" data-id=\"b9c92bd\" data-element_type=\"container\" data-settings=\"{&quot;background_background&quot;:&quot;classic&quot;}\">\n\t\t\t\t\t<div class=\"e-con-inner\">\n\t\t<div class=\"elementor-element elementor-element-7d75a0b e-con-full e-flex e-con e-child\" data-id=\"7d75a0b\" data-element_type=\"container\">\n\t\t\t\t<div class=\"elementor-element elementor-element-cf78881 elementor-widget elementor-widget-breadcrumbs\" data-id=\"cf78881\" data-element_type=\"widget\" data-widget_type=\"breadcrumbs.default\">\n\t\t\t\t\t<p id=\"breadcrumbs\"><span><span><a href=\"https:\/\/digloc.com\/es\/\">Home<\/a><\/span><\/span><\/p>\t\t\t\t<\/div>\n\t\t\t\t<\/div>\n\t\t\t\t\t<\/div>\n\t\t\t\t<\/div>\n\t\t<div class=\"elementor-element elementor-element-a266654 e-flex e-con-boxed e-con e-parent\" data-id=\"a266654\" data-element_type=\"container\">\n\t\t\t\t\t<div class=\"e-con-inner\">\n\t\t<div class=\"elementor-element elementor-element-63e5ce8 e-con-full e-flex e-con e-child\" data-id=\"63e5ce8\" data-element_type=\"container\">\n\t\t\t\t<div class=\"elementor-element elementor-element-456b8d0 elementor-widget elementor-widget-heading\" data-id=\"456b8d0\" data-element_type=\"widget\" data-widget_type=\"heading.default\">\n\t\t\t\t\t<h2 class=\"elementor-heading-title elementor-size-default\">Digloc learn<\/h2>\t\t\t\t<\/div>\n\t\t\t\t<div class=\"elementor-element elementor-element-75c29ca elementor-widget elementor-widget-heading\" data-id=\"75c29ca\" data-element_type=\"widget\" data-widget_type=\"heading.default\">\n\t\t\t\t\t<h3 class=\"elementor-heading-title elementor-size-default\">Tu referencia para la formaci\u00f3n tecnol\u00f3gica<\/h3>\t\t\t\t<\/div>\n\t\t\t\t<div class=\"elementor-element elementor-element-ed61ad7 elementor-widget elementor-widget-text-editor\" data-id=\"ed61ad7\" data-element_type=\"widget\" data-widget_type=\"text-editor.default\">\n\t\t\t\t\t\t\t\t\t<p data-start=\"2334\" data-end=\"2553\"><strong>Digloc Learn<\/strong> es tu nuevo punto de referencia para una <strong>formaci\u00f3n tecnol\u00f3gica online de calidad<\/strong>. Como servicio <strong>innovador<\/strong> de Digloc, hemos creado un <strong>canal de YouTube dedicado<\/strong> al aprendizaje y al desarrollo de competencias.<\/p><p data-start=\"2555\" data-end=\"2832\">Tanto si eres un <strong>profesional<\/strong> en busca de nuevas habilidades como un <strong>entusiasta de la tecnolog\u00eda<\/strong> que desea ampliar sus conocimientos, Digloc Learn ofrece <strong>tutoriales detallados, cursos pr\u00e1cticos y consejos de expertos<\/strong> para ayudarte a dominar las <strong>\u00faltimas tendencias y tecnolog\u00edas<\/strong>.<\/p><p data-start=\"2834\" data-end=\"3157\">\u00danete a nosotros para cursos <strong>interactivos, demostraciones en directo<\/strong> y <strong>contenido educativo<\/strong> de vanguardia que te mantendr\u00e1n a la vanguardia de la <strong>innovaci\u00f3n tecnol\u00f3gica<\/strong>. Con Digloc Learn puedes impulsar tu <strong>carrera<\/strong> y desarrollar tus <strong>competencias t\u00e9cnicas<\/strong> benefici\u00e1ndote al mismo tiempo de la <strong>reconocida experiencia de Digloc.<\/strong><\/p><p data-start=\"3159\" data-end=\"3288\"><strong>\u00a1Suscr\u00edbete ahora<\/strong> para no perder ninguno de <strong>nuestros nuevos cursos de formaci\u00f3n<\/strong> y estar en el centro de los <strong>avances tecnol\u00f3gicos<\/strong>!<\/p>\t\t\t\t\t\t\t\t<\/div>\n\t\t\t\t<div class=\"elementor-element elementor-element-849d1c3 elementor-widget elementor-widget-button\" data-id=\"849d1c3\" data-element_type=\"widget\" data-widget_type=\"button.default\">\n\t\t\t\t\t\t\t\t\t\t<a class=\"elementor-button elementor-button-link elementor-size-sm\" href=\"https:\/\/www.youtube.com\/channel\/UCLIRvUcO9faQhg_mbgUAsGw\" target=\"_blank\">\n\t\t\t\t\t\t<span class=\"elementor-button-content-wrapper\">\n\t\t\t\t\t\t<span class=\"elementor-button-icon\">\n\t\t\t\t<svg aria-hidden=\"true\" class=\"e-font-icon-svg e-fab-youtube\" viewBox=\"0 0 576 512\" xmlns=\"http:\/\/www.w3.org\/2000\/svg\"><path d=\"M549.655 124.083c-6.281-23.65-24.787-42.276-48.284-48.597C458.781 64 288 64 288 64S117.22 64 74.629 75.486c-23.497 6.322-42.003 24.947-48.284 48.597-11.412 42.867-11.412 132.305-11.412 132.305s0 89.438 11.412 132.305c6.281 23.65 24.787 41.5 48.284 47.821C117.22 448 288 448 288 448s170.78 0 213.371-11.486c23.497-6.321 42.003-24.171 48.284-47.821 11.412-42.867 11.412-132.305 11.412-132.305s0-89.438-11.412-132.305zm-317.51 213.508V175.185l142.739 81.205-142.739 81.201z\"><\/path><\/svg>\t\t\t<\/span>\n\t\t\t\t\t\t\t\t\t<span class=\"elementor-button-text\">Ir al canal<\/span>\n\t\t\t\t\t<\/span>\n\t\t\t\t\t<\/a>\n\t\t\t\t\t\t\t\t<\/div>\n\t\t\t\t<\/div>\n\t\t<div class=\"elementor-element elementor-element-cc2c314 e-con-full e-flex e-con e-child\" data-id=\"cc2c314\" data-element_type=\"container\">\n\t\t\t\t<div class=\"elementor-element elementor-element-e4d6749 elementor-widget elementor-widget-image\" data-id=\"e4d6749\" data-element_type=\"widget\" data-widget_type=\"image.default\">\n\t\t\t\t\t\t\t\t\t\t\t\t\t\t\t<img fetchpriority=\"high\" decoding=\"async\" width=\"500\" height=\"428\" src=\"https:\/\/digloc.com\/wp-content\/uploads\/2024\/09\/logo-Digloc-learn.webp\" class=\"attachment-large size-large wp-image-643\" alt=\"\" srcset=\"https:\/\/digloc.com\/wp-content\/uploads\/2024\/09\/logo-Digloc-learn.webp 500w, https:\/\/digloc.com\/wp-content\/uploads\/2024\/09\/logo-Digloc-learn-300x257.webp 300w\" sizes=\"(max-width: 500px) 100vw, 500px\" \/>\t\t\t\t\t\t\t\t\t\t\t\t\t\t\t<\/div>\n\t\t\t\t<\/div>\n\t\t\t\t\t<\/div>\n\t\t\t\t<\/div>\n\t\t\t\t<\/div>\n\t\t","protected":false},"excerpt":{"rendered":"<p>Digloc learn Tu referencia para la formaci\u00f3n tecnol\u00f3gica Digloc Learn es tu nuevo punto de referencia para una formaci\u00f3n tecnol\u00f3gica online de calidad. Como servicio innovador de Digloc, hemos creado un canal de YouTube dedicado al aprendizaje y al desarrollo de competencias. Tanto si eres un profesional en busca de nuevas habilidades como un entusiasta [&hellip;]<\/p>\n","protected":false},"author":1,"featured_media":0,"parent":0,"menu_order":0,"comment_status":"closed","ping_status":"closed","template":"","meta":{"footnotes":""},"class_list":["post-977","page","type-page","status-publish","hentry"],"yoast_head":"<!-- This site is optimized with the Yoast SEO plugin v26.4 - https:\/\/yoast.com\/wordpress\/plugins\/seo\/ -->\n<title>Digloc Learn \u2013 Formaci\u00f3n Tecnol\u00f3gica y Tutoriales Online<\/title>\n<meta name=\"description\" content=\"Digloc Learn ofrece cursos, tutoriales y sesiones en vivo para dominar las \u00faltimas tecnolog\u00edas y mejorar tus habilidades t\u00e9cnicas.\" \/>\n<meta name=\"robots\" content=\"index, follow, max-snippet:-1, max-image-preview:large, max-video-preview:-1\" \/>\n<link rel=\"canonical\" href=\"https:\/\/digloc.com\/es\/d-learn\/\" \/>\n<meta property=\"og:locale\" content=\"es_ES\" \/>\n<meta property=\"og:type\" content=\"article\" \/>\n<meta property=\"og:title\" content=\"Digloc Learn \u2013 Formaci\u00f3n Tecnol\u00f3gica y Tutoriales Online\" \/>\n<meta property=\"og:description\" content=\"Digloc Learn ofrece cursos, tutoriales y sesiones en vivo para dominar las \u00faltimas tecnolog\u00edas y mejorar tus habilidades t\u00e9cnicas.\" \/>\n<meta property=\"og:url\" content=\"https:\/\/digloc.com\/es\/d-learn\/\" \/>\n<meta property=\"og:site_name\" content=\"Digloc\" \/>\n<meta property=\"article:modified_time\" content=\"2025-11-29T09:26:40+00:00\" \/>\n<meta property=\"og:image\" content=\"https:\/\/digloc.com\/digloctest\/wp-content\/uploads\/2024\/09\/logo-Digloc-learn.webp\" \/>\n<meta name=\"twitter:card\" content=\"summary_large_image\" \/>\n<meta name=\"twitter:label1\" content=\"Tiempo de lectura\" \/>\n\t<meta name=\"twitter:data1\" content=\"2 minutos\" \/>\n<script type=\"application\/ld+json\" class=\"yoast-schema-graph\">{\"@context\":\"https:\/\/schema.org\",\"@graph\":[{\"@type\":\"WebPage\",\"@id\":\"https:\/\/digloc.com\/es\/d-learn\/\",\"url\":\"https:\/\/digloc.com\/es\/d-learn\/\",\"name\":\"Digloc Learn \u2013 Formaci\u00f3n Tecnol\u00f3gica y Tutoriales Online\",\"isPartOf\":{\"@id\":\"https:\/\/digloc.com\/es\/#website\"},\"primaryImageOfPage\":{\"@id\":\"https:\/\/digloc.com\/es\/d-learn\/#primaryimage\"},\"image\":{\"@id\":\"https:\/\/digloc.com\/es\/d-learn\/#primaryimage\"},\"thumbnailUrl\":\"https:\/\/digloc.com\/digloctest\/wp-content\/uploads\/2024\/09\/logo-Digloc-learn.webp\",\"datePublished\":\"2024-09-28T10:48:35+00:00\",\"dateModified\":\"2025-11-29T09:26:40+00:00\",\"description\":\"Digloc Learn ofrece cursos, tutoriales y sesiones en vivo para dominar las \u00faltimas tecnolog\u00edas y mejorar tus habilidades t\u00e9cnicas.\",\"breadcrumb\":{\"@id\":\"https:\/\/digloc.com\/es\/d-learn\/#breadcrumb\"},\"inLanguage\":\"es\",\"potentialAction\":[{\"@type\":\"ReadAction\",\"target\":[\"https:\/\/digloc.com\/es\/d-learn\/\"]}]},{\"@type\":\"ImageObject\",\"inLanguage\":\"es\",\"@id\":\"https:\/\/digloc.com\/es\/d-learn\/#primaryimage\",\"url\":\"https:\/\/digloc.com\/digloctest\/wp-content\/uploads\/2024\/09\/logo-Digloc-learn.webp\",\"contentUrl\":\"https:\/\/digloc.com\/digloctest\/wp-content\/uploads\/2024\/09\/logo-Digloc-learn.webp\"},{\"@type\":\"BreadcrumbList\",\"@id\":\"https:\/\/digloc.com\/es\/d-learn\/#breadcrumb\",\"itemListElement\":[{\"@type\":\"ListItem\",\"position\":1,\"name\":\"Home\",\"item\":\"https:\/\/digloc.com\/es\/\"},{\"@type\":\"ListItem\",\"position\":2,\"name\":\"D-Learn\"}]},{\"@type\":\"WebSite\",\"@id\":\"https:\/\/digloc.com\/es\/#website\",\"url\":\"https:\/\/digloc.com\/es\/\",\"name\":\"Digloc SARL\",\"description\":\"\",\"potentialAction\":[{\"@type\":\"SearchAction\",\"target\":{\"@type\":\"EntryPoint\",\"urlTemplate\":\"https:\/\/digloc.com\/es\/?s={search_term_string}\"},\"query-input\":{\"@type\":\"PropertyValueSpecification\",\"valueRequired\":true,\"valueName\":\"search_term_string\"}}],\"inLanguage\":\"es\"}]}<\/script>\n<!-- \/ Yoast SEO plugin. -->","yoast_head_json":{"title":"Digloc Learn \u2013 Formaci\u00f3n Tecnol\u00f3gica y Tutoriales Online","description":"Digloc Learn ofrece cursos, tutoriales y sesiones en vivo para dominar las \u00faltimas tecnolog\u00edas y mejorar tus habilidades t\u00e9cnicas.","robots":{"index":"index","follow":"follow","max-snippet":"max-snippet:-1","max-image-preview":"max-image-preview:large","max-video-preview":"max-video-preview:-1"},"canonical":"https:\/\/digloc.com\/es\/d-learn\/","og_locale":"es_ES","og_type":"article","og_title":"Digloc Learn \u2013 Formaci\u00f3n Tecnol\u00f3gica y Tutoriales Online","og_description":"Digloc Learn ofrece cursos, tutoriales y sesiones en vivo para dominar las \u00faltimas tecnolog\u00edas y mejorar tus habilidades t\u00e9cnicas.","og_url":"https:\/\/digloc.com\/es\/d-learn\/","og_site_name":"Digloc","article_modified_time":"2025-11-29T09:26:40+00:00","og_image":[{"url":"https:\/\/digloc.com\/digloctest\/wp-content\/uploads\/2024\/09\/logo-Digloc-learn.webp","type":"","width":"","height":""}],"twitter_card":"summary_large_image","twitter_misc":{"Tiempo de lectura":"2 minutos"},"schema":{"@context":"https:\/\/schema.org","@graph":[{"@type":"WebPage","@id":"https:\/\/digloc.com\/es\/d-learn\/","url":"https:\/\/digloc.com\/es\/d-learn\/","name":"Digloc Learn \u2013 Formaci\u00f3n Tecnol\u00f3gica y Tutoriales Online","isPartOf":{"@id":"https:\/\/digloc.com\/es\/#website"},"primaryImageOfPage":{"@id":"https:\/\/digloc.com\/es\/d-learn\/#primaryimage"},"image":{"@id":"https:\/\/digloc.com\/es\/d-learn\/#primaryimage"},"thumbnailUrl":"https:\/\/digloc.com\/digloctest\/wp-content\/uploads\/2024\/09\/logo-Digloc-learn.webp","datePublished":"2024-09-28T10:48:35+00:00","dateModified":"2025-11-29T09:26:40+00:00","description":"Digloc Learn ofrece cursos, tutoriales y sesiones en vivo para dominar las \u00faltimas tecnolog\u00edas y mejorar tus habilidades t\u00e9cnicas.","breadcrumb":{"@id":"https:\/\/digloc.com\/es\/d-learn\/#breadcrumb"},"inLanguage":"es","potentialAction":[{"@type":"ReadAction","target":["https:\/\/digloc.com\/es\/d-learn\/"]}]},{"@type":"ImageObject","inLanguage":"es","@id":"https:\/\/digloc.com\/es\/d-learn\/#primaryimage","url":"https:\/\/digloc.com\/digloctest\/wp-content\/uploads\/2024\/09\/logo-Digloc-learn.webp","contentUrl":"https:\/\/digloc.com\/digloctest\/wp-content\/uploads\/2024\/09\/logo-Digloc-learn.webp"},{"@type":"BreadcrumbList","@id":"https:\/\/digloc.com\/es\/d-learn\/#breadcrumb","itemListElement":[{"@type":"ListItem","position":1,"name":"Home","item":"https:\/\/digloc.com\/es\/"},{"@type":"ListItem","position":2,"name":"D-Learn"}]},{"@type":"WebSite","@id":"https:\/\/digloc.com\/es\/#website","url":"https:\/\/digloc.com\/es\/","name":"Digloc SARL","description":"","potentialAction":[{"@type":"SearchAction","target":{"@type":"EntryPoint","urlTemplate":"https:\/\/digloc.com\/es\/?s={search_term_string}"},"query-input":{"@type":"PropertyValueSpecification","valueRequired":true,"valueName":"search_term_string"}}],"inLanguage":"es"}]}},"_links":{"self":[{"href":"https:\/\/digloc.com\/es\/wp-json\/wp\/v2\/pages\/977","targetHints":{"allow":["GET"]}}],"collection":[{"href":"https:\/\/digloc.com\/es\/wp-json\/wp\/v2\/pages"}],"about":[{"href":"https:\/\/digloc.com\/es\/wp-json\/wp\/v2\/types\/page"}],"author":[{"embeddable":true,"href":"https:\/\/digloc.com\/es\/wp-json\/wp\/v2\/users\/1"}],"replies":[{"embeddable":true,"href":"https:\/\/digloc.com\/es\/wp-json\/wp\/v2\/comments?post=977"}],"version-history":[{"count":1,"href":"https:\/\/digloc.com\/es\/wp-json\/wp\/v2\/pages\/977\/revisions"}],"predecessor-version":[{"id":1873,"href":"https:\/\/digloc.com\/es\/wp-json\/wp\/v2\/pages\/977\/revisions\/1873"}],"wp:attachment":[{"href":"https:\/\/digloc.com\/es\/wp-json\/wp\/v2\/media?parent=977"}],"curies":[{"name":"wp","href":"https:\/\/api.w.org\/{rel}","templated":true}]}}