{"id":922,"date":"2024-09-28T13:46:16","date_gmt":"2024-09-28T13:46:16","guid":{"rendered":"https:\/\/digloc.com\/digloctest\/telesorveglianza-ip\/"},"modified":"2025-11-29T17:05:29","modified_gmt":"2025-11-29T17:05:29","slug":"vigilancia-remota-ip","status":"publish","type":"page","link":"https:\/\/digloc.com\/es\/vigilancia-remota-ip\/","title":{"rendered":"Vigilancia remota IP"},"content":{"rendered":"\t\t<div data-elementor-type=\"wp-page\" data-elementor-id=\"922\" class=\"elementor elementor-922 elementor-290\" data-elementor-post-type=\"page\">\n\t\t\t\t<div class=\"elementor-element elementor-element-b807e60 e-flex e-con-boxed e-con e-parent\" data-id=\"b807e60\" data-element_type=\"container\" data-settings=\"{&quot;background_background&quot;:&quot;classic&quot;}\">\n\t\t\t\t\t<div class=\"e-con-inner\">\n\t\t<div class=\"elementor-element elementor-element-3fbfcbd e-con-full e-flex e-con e-child\" data-id=\"3fbfcbd\" data-element_type=\"container\">\n\t\t\t\t<div class=\"elementor-element elementor-element-9b55323 elementor-widget elementor-widget-breadcrumbs\" data-id=\"9b55323\" data-element_type=\"widget\" data-widget_type=\"breadcrumbs.default\">\n\t\t\t\t\t<p id=\"breadcrumbs\"><span><span><a href=\"https:\/\/digloc.com\/es\/\">Home<\/a><\/span><\/span><\/p>\t\t\t\t<\/div>\n\t\t\t\t<\/div>\n\t\t\t\t\t<\/div>\n\t\t\t\t<\/div>\n\t\t<div class=\"elementor-element elementor-element-31ba6e6 e-flex e-con-boxed e-con e-parent\" data-id=\"31ba6e6\" data-element_type=\"container\">\n\t\t\t\t\t<div class=\"e-con-inner\">\n\t\t<div class=\"elementor-element elementor-element-bf3f0ad e-con-full e-flex e-con e-child\" data-id=\"bf3f0ad\" data-element_type=\"container\">\n\t\t\t\t<div class=\"elementor-element elementor-element-a098705 elementor-widget elementor-widget-heading\" data-id=\"a098705\" data-element_type=\"widget\" data-widget_type=\"heading.default\">\n\t\t\t\t\t<h2 class=\"elementor-heading-title elementor-size-default\">D-VIEW\n<\/h2>\t\t\t\t<\/div>\n\t\t\t\t<div class=\"elementor-element elementor-element-72d554d elementor-widget elementor-widget-heading\" data-id=\"72d554d\" data-element_type=\"widget\" data-widget_type=\"heading.default\">\n\t\t\t\t\t<h3 class=\"elementor-heading-title elementor-size-default\">Soluci\u00f3n avanzada para vigilancia IP<\/h3>\t\t\t\t<\/div>\n\t\t\t\t<div class=\"elementor-element elementor-element-ebe02c6 elementor-widget elementor-widget-text-editor\" data-id=\"ebe02c6\" data-element_type=\"widget\" data-widget_type=\"text-editor.default\">\n\t\t\t\t\t\t\t\t\t<p>Nuestra soluci\u00f3n <strong>T-VIEW<\/strong> es un sistema completo de <strong>vigilancia IP<\/strong> que permite la visualizaci\u00f3n y grabaci\u00f3n de im\u00e1genes directamente en una computadora. Las <strong>c\u00e1maras IP<\/strong> est\u00e1n conectadas a la <strong>red Intranet<\/strong> y gestionadas por un <strong>servidor principal<\/strong> equipado con un programa dedicado que ofrece las siguientes funcionalidades:<\/p><ul><li><strong>Grabaci\u00f3n activada por movimiento<\/strong>, reduciendo el espacio de almacenamiento necesario;<\/li><li><strong>Alertas autom\u00e1ticas<\/strong> en caso de detecci\u00f3n de actividades sospechosas;<\/li><li><strong>Acceso desde cualquier PC<\/strong> conectado a la red Intranet, transform\u00e1ndolo en un <strong>puesto de vigilancia<\/strong>.<\/li><\/ul>\t\t\t\t\t\t\t\t<\/div>\n\t\t\t\t<\/div>\n\t\t<div class=\"elementor-element elementor-element-dedc10c e-con-full e-flex e-con e-child\" data-id=\"dedc10c\" data-element_type=\"container\">\n\t\t\t\t<div class=\"elementor-element elementor-element-ea5d79f elementor-widget elementor-widget-image\" data-id=\"ea5d79f\" data-element_type=\"widget\" data-widget_type=\"image.default\">\n\t\t\t\t\t\t\t\t\t\t\t\t\t\t\t<img fetchpriority=\"high\" decoding=\"async\" width=\"720\" height=\"434\" src=\"https:\/\/digloc.com\/wp-content\/uploads\/2024\/09\/ima-d-view-1.webp\" class=\"attachment-full size-full wp-image-703\" alt=\"\" srcset=\"https:\/\/digloc.com\/wp-content\/uploads\/2024\/09\/ima-d-view-1.webp 720w, https:\/\/digloc.com\/wp-content\/uploads\/2024\/09\/ima-d-view-1-300x181.webp 300w\" sizes=\"(max-width: 720px) 100vw, 720px\" \/>\t\t\t\t\t\t\t\t\t\t\t\t\t\t\t<\/div>\n\t\t\t\t<\/div>\n\t\t\t\t\t<\/div>\n\t\t\t\t<\/div>\n\t\t<div class=\"elementor-element elementor-element-caaa29d e-flex e-con-boxed e-con e-parent\" data-id=\"caaa29d\" data-element_type=\"container\" data-settings=\"{&quot;background_background&quot;:&quot;classic&quot;}\">\n\t\t\t\t\t<div class=\"e-con-inner\">\n\t\t<div class=\"elementor-element elementor-element-b12f70a e-con-full e-flex e-con e-child\" data-id=\"b12f70a\" data-element_type=\"container\">\n\t\t\t\t<div class=\"elementor-element elementor-element-3febe48 elementor-widget elementor-widget-heading\" data-id=\"3febe48\" data-element_type=\"widget\" data-widget_type=\"heading.default\">\n\t\t\t\t\t<h2 class=\"elementor-heading-title elementor-size-default\">Funciones avanzadas:<\/h2>\t\t\t\t<\/div>\n\t\t\t\t<div class=\"elementor-element elementor-element-08a72d0 elementor-widget elementor-widget-text-editor\" data-id=\"08a72d0\" data-element_type=\"widget\" data-widget_type=\"text-editor.default\">\n\t\t\t\t\t\t\t\t\t<ul>\n<li><strong>C\u00e1maras con visi\u00f3n nocturna amplificada<\/strong> (tecnolog\u00eda Sony) para una vigilancia \u00f3ptima en condiciones de poca iluminaci\u00f3n;<\/li>\n<li><strong>Domos IP motorizados<\/strong> para control y monitoreo remoto en tiempo real.<\/li>\n<\/ul>\t\t\t\t\t\t\t\t<\/div>\n\t\t\t\t<div class=\"elementor-element elementor-element-88add50 elementor-widget elementor-widget-text-editor\" data-id=\"88add50\" data-element_type=\"widget\" data-widget_type=\"text-editor.default\">\n\t\t\t\t\t\t\t\t\t<p>Con <strong>T-VIEW<\/strong> puedes acceder a tus c\u00e1maras en cualquier momento, tanto a trav\u00e9s de <strong>Internet<\/strong> como desde tu <strong>tel\u00e9fono m\u00f3vil<\/strong>.<\/p>\n<p>El sistema tambi\u00e9n admite la <strong>centralizaci\u00f3n de la seguridad<\/strong>, permitiendo funcionalidades como <strong>zonificaci\u00f3n<\/strong> y <strong>gesti\u00f3n de intrusiones<\/strong>.<\/p>\t\t\t\t\t\t\t\t<\/div>\n\t\t\t\t<div class=\"elementor-element elementor-element-d4f501c elementor-widget elementor-widget-spacer\" data-id=\"d4f501c\" data-element_type=\"widget\" data-widget_type=\"spacer.default\">\n\t\t\t\t\t\t\t<div class=\"elementor-spacer\">\n\t\t\t<div class=\"elementor-spacer-inner\"><\/div>\n\t\t<\/div>\n\t\t\t\t\t\t<\/div>\n\t\t\t\t<div class=\"elementor-element elementor-element-8980baa elementor-widget elementor-widget-image\" data-id=\"8980baa\" data-element_type=\"widget\" data-widget_type=\"image.default\">\n\t\t\t\t\t\t\t\t\t\t\t\t\t\t\t<img decoding=\"async\" width=\"1432\" height=\"512\" src=\"https:\/\/digloc.com\/wp-content\/uploads\/2024\/09\/ima-d-view-2.webp\" class=\"attachment-full size-full wp-image-707\" alt=\"\" srcset=\"https:\/\/digloc.com\/wp-content\/uploads\/2024\/09\/ima-d-view-2.webp 1432w, https:\/\/digloc.com\/wp-content\/uploads\/2024\/09\/ima-d-view-2-300x107.webp 300w, https:\/\/digloc.com\/wp-content\/uploads\/2024\/09\/ima-d-view-2-1024x366.webp 1024w, https:\/\/digloc.com\/wp-content\/uploads\/2024\/09\/ima-d-view-2-768x275.webp 768w\" sizes=\"(max-width: 1432px) 100vw, 1432px\" \/>\t\t\t\t\t\t\t\t\t\t\t\t\t\t\t<\/div>\n\t\t\t\t<\/div>\n\t\t\t\t\t<\/div>\n\t\t\t\t<\/div>\n\t\t<div class=\"elementor-element elementor-element-a0e4ede e-flex e-con-boxed e-con e-parent\" data-id=\"a0e4ede\" data-element_type=\"container\" data-settings=\"{&quot;background_background&quot;:&quot;classic&quot;}\">\n\t\t\t\t\t<div class=\"e-con-inner\">\n\t\t<div class=\"elementor-element elementor-element-fca4d26 e-con-full e-flex e-con e-child\" data-id=\"fca4d26\" data-element_type=\"container\">\n\t\t\t\t<div class=\"elementor-element elementor-element-82f72fb elementor-widget elementor-widget-heading\" data-id=\"82f72fb\" data-element_type=\"widget\" data-widget_type=\"heading.default\">\n\t\t\t\t\t<h2 class=\"elementor-heading-title elementor-size-default\">Hablemos de tu proyecto<\/h2>\t\t\t\t<\/div>\n\t\t\t\t<div class=\"elementor-element elementor-element-aff10da elementor-widget__width-initial elementor-widget elementor-widget-heading\" data-id=\"aff10da\" data-element_type=\"widget\" data-widget_type=\"heading.default\">\n\t\t\t\t\t<h3 class=\"elementor-heading-title elementor-size-default\">Escr\u00edbanos, nuestros jefes de proyecto responder\u00e1n r\u00e1pidamente con las respuestas a sus preguntas.<\/h3>\t\t\t\t<\/div>\n\t\t\t\t<div class=\"elementor-element elementor-element-dd4149e elementor-widget elementor-widget-spacer\" data-id=\"dd4149e\" data-element_type=\"widget\" data-widget_type=\"spacer.default\">\n\t\t\t\t\t\t\t<div class=\"elementor-spacer\">\n\t\t\t<div class=\"elementor-spacer-inner\"><\/div>\n\t\t<\/div>\n\t\t\t\t\t\t<\/div>\n\t\t<div class=\"elementor-element elementor-element-f86ded1 e-con-full e-flex e-con e-child\" data-id=\"f86ded1\" data-element_type=\"container\" data-settings=\"{&quot;background_background&quot;:&quot;classic&quot;}\">\n\t\t\t\t<div class=\"elementor-element elementor-element-1900c6e elementor-button-align-stretch elementor-widget elementor-widget-form\" data-id=\"1900c6e\" data-element_type=\"widget\" data-settings=\"{&quot;step_next_label&quot;:&quot;Successivo&quot;,&quot;step_previous_label&quot;:&quot;Precedente&quot;,&quot;button_width&quot;:&quot;100&quot;,&quot;step_type&quot;:&quot;number_text&quot;,&quot;step_icon_shape&quot;:&quot;circle&quot;}\" data-widget_type=\"form.default\">\n\t\t\t\t\t\t\t<form class=\"elementor-form\" method=\"post\" name=\"Modulo contattaci\" aria-label=\"Modulo contattaci\">\n\t\t\t<input type=\"hidden\" name=\"post_id\" value=\"922\"\/>\n\t\t\t<input type=\"hidden\" name=\"form_id\" value=\"1900c6e\"\/>\n\t\t\t<input type=\"hidden\" name=\"referer_title\" value=\"Digloc\" \/>\n\n\t\t\t\n\t\t\t<div class=\"elementor-form-fields-wrapper elementor-labels-above\">\n\t\t\t\t\t\t\t\t<div class=\"elementor-field-type-text elementor-field-group elementor-column elementor-field-group-name elementor-col-50 elementor-field-required elementor-mark-required\">\n\t\t\t\t\t\t\t\t\t\t\t\t<label for=\"form-field-name\" class=\"elementor-field-label\">\n\t\t\t\t\t\t\t\tNombre de empresa\t\t\t\t\t\t\t<\/label>\n\t\t\t\t\t\t\t\t\t\t\t\t\t\t<input size=\"1\" type=\"text\" name=\"form_fields[name]\" id=\"form-field-name\" class=\"elementor-field elementor-size-md  elementor-field-textual\" required=\"required\">\n\t\t\t\t\t\t\t\t\t\t\t<\/div>\n\t\t\t\t\t\t\t\t<div class=\"elementor-field-type-text elementor-field-group elementor-column elementor-field-group-field_6b6d918 elementor-col-50 elementor-field-required elementor-mark-required\">\n\t\t\t\t\t\t\t\t\t\t\t\t<label for=\"form-field-field_6b6d918\" class=\"elementor-field-label\">\n\t\t\t\t\t\t\t\tNombre y Apellidos\t\t\t\t\t\t\t<\/label>\n\t\t\t\t\t\t\t\t\t\t\t\t\t\t<input size=\"1\" type=\"text\" name=\"form_fields[field_6b6d918]\" id=\"form-field-field_6b6d918\" class=\"elementor-field elementor-size-md  elementor-field-textual\" required=\"required\">\n\t\t\t\t\t\t\t\t\t\t\t<\/div>\n\t\t\t\t\t\t\t\t<div class=\"elementor-field-type-text elementor-field-group elementor-column elementor-field-group-field_dfca383 elementor-col-50\">\n\t\t\t\t\t\t\t\t\t\t\t\t<label for=\"form-field-field_dfca383\" class=\"elementor-field-label\">\n\t\t\t\t\t\t\t\tCiudad\t\t\t\t\t\t\t<\/label>\n\t\t\t\t\t\t\t\t\t\t\t\t\t\t<input size=\"1\" type=\"text\" name=\"form_fields[field_dfca383]\" id=\"form-field-field_dfca383\" class=\"elementor-field elementor-size-md  elementor-field-textual\">\n\t\t\t\t\t\t\t\t\t\t\t<\/div>\n\t\t\t\t\t\t\t\t<div class=\"elementor-field-type-tel elementor-field-group elementor-column elementor-field-group-field_f36fce8 elementor-col-50 elementor-field-required elementor-mark-required\">\n\t\t\t\t\t\t\t\t\t\t\t\t<label for=\"form-field-field_f36fce8\" class=\"elementor-field-label\">\n\t\t\t\t\t\t\t\tTel\u00e9fono\t\t\t\t\t\t\t<\/label>\n\t\t\t\t\t\t\t\t<input size=\"1\" type=\"tel\" name=\"form_fields[field_f36fce8]\" id=\"form-field-field_f36fce8\" class=\"elementor-field elementor-size-md  elementor-field-textual\" required=\"required\" pattern=\"[0-9()#&amp;+*-=.]+\" title=\"Solo se aceptan n\u00fameros y caracteres de tel\u00e9fono (#,-,*,etc).\">\n\n\t\t\t\t\t\t<\/div>\n\t\t\t\t\t\t\t\t<div class=\"elementor-field-type-email elementor-field-group elementor-column elementor-field-group-email elementor-col-100 elementor-field-required elementor-mark-required\">\n\t\t\t\t\t\t\t\t\t\t\t\t<label for=\"form-field-email\" class=\"elementor-field-label\">\n\t\t\t\t\t\t\t\tEmail\t\t\t\t\t\t\t<\/label>\n\t\t\t\t\t\t\t\t\t\t\t\t\t\t<input size=\"1\" type=\"email\" name=\"form_fields[email]\" id=\"form-field-email\" class=\"elementor-field elementor-size-md  elementor-field-textual\" required=\"required\">\n\t\t\t\t\t\t\t\t\t\t\t<\/div>\n\t\t\t\t\t\t\t\t<div class=\"elementor-field-type-textarea elementor-field-group elementor-column elementor-field-group-message elementor-col-100\">\n\t\t\t\t\t\t\t\t\t\t\t\t<label for=\"form-field-message\" class=\"elementor-field-label\">\n\t\t\t\t\t\t\t\tMensaje\t\t\t\t\t\t\t<\/label>\n\t\t\t\t\t\t<textarea class=\"elementor-field-textual elementor-field  elementor-size-md\" name=\"form_fields[message]\" id=\"form-field-message\" rows=\"4\"><\/textarea>\t\t\t\t<\/div>\n\t\t\t\t\t\t\t\t<div class=\"elementor-field-type-acceptance elementor-field-group elementor-column elementor-field-group-field_592cf99 elementor-col-100 elementor-field-required elementor-mark-required\">\n\t\t\t\t\t\t\t\t\t\t\t\t<label for=\"form-field-field_592cf99\" class=\"elementor-field-label\">\n\t\t\t\t\t\t\t\tPrivacy Policy\t\t\t\t\t\t\t<\/label>\n\t\t\t\t\t\t\t\t<div class=\"elementor-field-subgroup\">\n\t\t\t<span class=\"elementor-field-option\">\n\t\t\t\t<input type=\"checkbox\" name=\"form_fields[field_592cf99]\" id=\"form-field-field_592cf99\" class=\"elementor-field elementor-size-md  elementor-acceptance-field\" required=\"required\">\n\t\t\t\t<label for=\"form-field-field_592cf99\">Declaro que he le\u00eddo y aceptado la <b><a href=\"https:\/\/digloc.com\/privacy-policy\/\" target=\"_blank\">Pol\u00edtica de Privacidad<\/a><\/b>, y que mis datos personales ser\u00e1n tratados de conformidad con la Ley Argelina n\u00ba 18-07 sobre protecci\u00f3n de datos personales.<\/label>\t\t\t<\/span>\n\t\t<\/div>\n\t\t\t\t\t\t<\/div>\n\t\t\t\t\t\t\t\t<div class=\"elementor-field-type-recaptcha_v3 elementor-field-group elementor-column elementor-field-group-field_89c647f elementor-col-100 recaptcha_v3-inline\">\n\t\t\t\t\t<div class=\"elementor-field\" id=\"form-field-field_89c647f\"><div class=\"elementor-g-recaptcha\" data-sitekey=\"6LcJExwsAAAAAAzf49t9w0g9QUttb2rWpzi3B-M8\" data-type=\"v3\" data-action=\"Form\" data-badge=\"inline\" data-size=\"invisible\"><\/div><\/div>\t\t\t\t<\/div>\n\t\t\t\t\t\t\t\t<div class=\"elementor-field-group elementor-column elementor-field-type-submit elementor-col-100 e-form__buttons\">\n\t\t\t\t\t<button class=\"elementor-button elementor-size-md\" type=\"submit\">\n\t\t\t\t\t\t<span class=\"elementor-button-content-wrapper\">\n\t\t\t\t\t\t\t\t\t\t\t\t\t\t\t\t\t\t\t\t\t\t<span class=\"elementor-button-text\">ENVIAR<\/span>\n\t\t\t\t\t\t\t\t\t\t\t\t\t<\/span>\n\t\t\t\t\t<\/button>\n\t\t\t\t<\/div>\n\t\t\t<\/div>\n\t\t<\/form>\n\t\t\t\t\t\t<\/div>\n\t\t\t\t<\/div>\n\t\t\t\t<\/div>\n\t\t\t\t\t<\/div>\n\t\t\t\t<\/div>\n\t\t\t\t<\/div>\n\t\t","protected":false},"excerpt":{"rendered":"<p>D-VIEW Soluci\u00f3n avanzada para vigilancia IP Nuestra soluci\u00f3n T-VIEW es un sistema completo de vigilancia IP que permite la visualizaci\u00f3n y grabaci\u00f3n de im\u00e1genes directamente en una computadora. Las c\u00e1maras IP est\u00e1n conectadas a la red Intranet y gestionadas por un servidor principal equipado con un programa dedicado que ofrece las siguientes funcionalidades: Grabaci\u00f3n activada [&hellip;]<\/p>\n","protected":false},"author":1,"featured_media":0,"parent":0,"menu_order":0,"comment_status":"closed","ping_status":"closed","template":"","meta":{"footnotes":""},"class_list":["post-922","page","type-page","status-publish","hentry"],"yoast_head":"<!-- This site is optimized with the Yoast SEO plugin v26.4 - https:\/\/yoast.com\/wordpress\/plugins\/seo\/ -->\n<title>D-VIEW \u2013 Soluci\u00f3n de Videovigilancia IP<\/title>\n<meta name=\"description\" content=\"D-VIEW es la plataforma IP de vigilancia de DIGLOC con grabaci\u00f3n por movimiento, alertas y control desde cualquier PC de la red. Seguridad avanzada y centralizada.\" \/>\n<meta name=\"robots\" content=\"index, follow, max-snippet:-1, max-image-preview:large, max-video-preview:-1\" \/>\n<link rel=\"canonical\" href=\"https:\/\/digloc.com\/es\/vigilancia-remota-ip\/\" \/>\n<meta property=\"og:locale\" content=\"es_ES\" \/>\n<meta property=\"og:type\" content=\"article\" \/>\n<meta property=\"og:title\" content=\"D-VIEW \u2013 Soluci\u00f3n de Videovigilancia IP\" \/>\n<meta property=\"og:description\" content=\"D-VIEW es la plataforma IP de vigilancia de DIGLOC con grabaci\u00f3n por movimiento, alertas y control desde cualquier PC de la red. Seguridad avanzada y centralizada.\" \/>\n<meta property=\"og:url\" content=\"https:\/\/digloc.com\/es\/vigilancia-remota-ip\/\" \/>\n<meta property=\"og:site_name\" content=\"Digloc\" \/>\n<meta property=\"article:modified_time\" content=\"2025-11-29T17:05:29+00:00\" \/>\n<meta property=\"og:image\" content=\"https:\/\/digloc.com\/wp-content\/uploads\/2024\/09\/ima-d-view-1.webp\" \/>\n\t<meta property=\"og:image:width\" content=\"720\" \/>\n\t<meta property=\"og:image:height\" content=\"434\" \/>\n\t<meta property=\"og:image:type\" content=\"image\/webp\" \/>\n<meta name=\"twitter:card\" content=\"summary_large_image\" \/>\n<meta name=\"twitter:label1\" content=\"Tiempo de lectura\" \/>\n\t<meta name=\"twitter:data1\" content=\"1 minuto\" \/>\n<script type=\"application\/ld+json\" class=\"yoast-schema-graph\">{\"@context\":\"https:\/\/schema.org\",\"@graph\":[{\"@type\":\"WebPage\",\"@id\":\"https:\/\/digloc.com\/es\/vigilancia-remota-ip\/\",\"url\":\"https:\/\/digloc.com\/es\/vigilancia-remota-ip\/\",\"name\":\"D-VIEW \u2013 Soluci\u00f3n de Videovigilancia IP\",\"isPartOf\":{\"@id\":\"https:\/\/digloc.com\/es\/#website\"},\"primaryImageOfPage\":{\"@id\":\"https:\/\/digloc.com\/es\/vigilancia-remota-ip\/#primaryimage\"},\"image\":{\"@id\":\"https:\/\/digloc.com\/es\/vigilancia-remota-ip\/#primaryimage\"},\"thumbnailUrl\":\"https:\/\/digloc.com\/wp-content\/uploads\/2024\/09\/ima-d-view-1.webp\",\"datePublished\":\"2024-09-28T13:46:16+00:00\",\"dateModified\":\"2025-11-29T17:05:29+00:00\",\"description\":\"D-VIEW es la plataforma IP de vigilancia de DIGLOC con grabaci\u00f3n por movimiento, alertas y control desde cualquier PC de la red. Seguridad avanzada y centralizada.\",\"breadcrumb\":{\"@id\":\"https:\/\/digloc.com\/es\/vigilancia-remota-ip\/#breadcrumb\"},\"inLanguage\":\"es\",\"potentialAction\":[{\"@type\":\"ReadAction\",\"target\":[\"https:\/\/digloc.com\/es\/vigilancia-remota-ip\/\"]}]},{\"@type\":\"ImageObject\",\"inLanguage\":\"es\",\"@id\":\"https:\/\/digloc.com\/es\/vigilancia-remota-ip\/#primaryimage\",\"url\":\"https:\/\/digloc.com\/wp-content\/uploads\/2024\/09\/ima-d-view-1.webp\",\"contentUrl\":\"https:\/\/digloc.com\/wp-content\/uploads\/2024\/09\/ima-d-view-1.webp\"},{\"@type\":\"BreadcrumbList\",\"@id\":\"https:\/\/digloc.com\/es\/vigilancia-remota-ip\/#breadcrumb\",\"itemListElement\":[{\"@type\":\"ListItem\",\"position\":1,\"name\":\"Home\",\"item\":\"https:\/\/digloc.com\/es\/\"},{\"@type\":\"ListItem\",\"position\":2,\"name\":\"Vigilancia remota IP\"}]},{\"@type\":\"WebSite\",\"@id\":\"https:\/\/digloc.com\/es\/#website\",\"url\":\"https:\/\/digloc.com\/es\/\",\"name\":\"Digloc SARL\",\"description\":\"\",\"potentialAction\":[{\"@type\":\"SearchAction\",\"target\":{\"@type\":\"EntryPoint\",\"urlTemplate\":\"https:\/\/digloc.com\/es\/?s={search_term_string}\"},\"query-input\":{\"@type\":\"PropertyValueSpecification\",\"valueRequired\":true,\"valueName\":\"search_term_string\"}}],\"inLanguage\":\"es\"}]}<\/script>\n<!-- \/ Yoast SEO plugin. -->","yoast_head_json":{"title":"D-VIEW \u2013 Soluci\u00f3n de Videovigilancia IP","description":"D-VIEW es la plataforma IP de vigilancia de DIGLOC con grabaci\u00f3n por movimiento, alertas y control desde cualquier PC de la red. Seguridad avanzada y centralizada.","robots":{"index":"index","follow":"follow","max-snippet":"max-snippet:-1","max-image-preview":"max-image-preview:large","max-video-preview":"max-video-preview:-1"},"canonical":"https:\/\/digloc.com\/es\/vigilancia-remota-ip\/","og_locale":"es_ES","og_type":"article","og_title":"D-VIEW \u2013 Soluci\u00f3n de Videovigilancia IP","og_description":"D-VIEW es la plataforma IP de vigilancia de DIGLOC con grabaci\u00f3n por movimiento, alertas y control desde cualquier PC de la red. Seguridad avanzada y centralizada.","og_url":"https:\/\/digloc.com\/es\/vigilancia-remota-ip\/","og_site_name":"Digloc","article_modified_time":"2025-11-29T17:05:29+00:00","og_image":[{"width":720,"height":434,"url":"https:\/\/digloc.com\/wp-content\/uploads\/2024\/09\/ima-d-view-1.webp","type":"image\/webp"}],"twitter_card":"summary_large_image","twitter_misc":{"Tiempo de lectura":"1 minuto"},"schema":{"@context":"https:\/\/schema.org","@graph":[{"@type":"WebPage","@id":"https:\/\/digloc.com\/es\/vigilancia-remota-ip\/","url":"https:\/\/digloc.com\/es\/vigilancia-remota-ip\/","name":"D-VIEW \u2013 Soluci\u00f3n de Videovigilancia IP","isPartOf":{"@id":"https:\/\/digloc.com\/es\/#website"},"primaryImageOfPage":{"@id":"https:\/\/digloc.com\/es\/vigilancia-remota-ip\/#primaryimage"},"image":{"@id":"https:\/\/digloc.com\/es\/vigilancia-remota-ip\/#primaryimage"},"thumbnailUrl":"https:\/\/digloc.com\/wp-content\/uploads\/2024\/09\/ima-d-view-1.webp","datePublished":"2024-09-28T13:46:16+00:00","dateModified":"2025-11-29T17:05:29+00:00","description":"D-VIEW es la plataforma IP de vigilancia de DIGLOC con grabaci\u00f3n por movimiento, alertas y control desde cualquier PC de la red. Seguridad avanzada y centralizada.","breadcrumb":{"@id":"https:\/\/digloc.com\/es\/vigilancia-remota-ip\/#breadcrumb"},"inLanguage":"es","potentialAction":[{"@type":"ReadAction","target":["https:\/\/digloc.com\/es\/vigilancia-remota-ip\/"]}]},{"@type":"ImageObject","inLanguage":"es","@id":"https:\/\/digloc.com\/es\/vigilancia-remota-ip\/#primaryimage","url":"https:\/\/digloc.com\/wp-content\/uploads\/2024\/09\/ima-d-view-1.webp","contentUrl":"https:\/\/digloc.com\/wp-content\/uploads\/2024\/09\/ima-d-view-1.webp"},{"@type":"BreadcrumbList","@id":"https:\/\/digloc.com\/es\/vigilancia-remota-ip\/#breadcrumb","itemListElement":[{"@type":"ListItem","position":1,"name":"Home","item":"https:\/\/digloc.com\/es\/"},{"@type":"ListItem","position":2,"name":"Vigilancia remota IP"}]},{"@type":"WebSite","@id":"https:\/\/digloc.com\/es\/#website","url":"https:\/\/digloc.com\/es\/","name":"Digloc SARL","description":"","potentialAction":[{"@type":"SearchAction","target":{"@type":"EntryPoint","urlTemplate":"https:\/\/digloc.com\/es\/?s={search_term_string}"},"query-input":{"@type":"PropertyValueSpecification","valueRequired":true,"valueName":"search_term_string"}}],"inLanguage":"es"}]}},"_links":{"self":[{"href":"https:\/\/digloc.com\/es\/wp-json\/wp\/v2\/pages\/922","targetHints":{"allow":["GET"]}}],"collection":[{"href":"https:\/\/digloc.com\/es\/wp-json\/wp\/v2\/pages"}],"about":[{"href":"https:\/\/digloc.com\/es\/wp-json\/wp\/v2\/types\/page"}],"author":[{"embeddable":true,"href":"https:\/\/digloc.com\/es\/wp-json\/wp\/v2\/users\/1"}],"replies":[{"embeddable":true,"href":"https:\/\/digloc.com\/es\/wp-json\/wp\/v2\/comments?post=922"}],"version-history":[{"count":15,"href":"https:\/\/digloc.com\/es\/wp-json\/wp\/v2\/pages\/922\/revisions"}],"predecessor-version":[{"id":2339,"href":"https:\/\/digloc.com\/es\/wp-json\/wp\/v2\/pages\/922\/revisions\/2339"}],"wp:attachment":[{"href":"https:\/\/digloc.com\/es\/wp-json\/wp\/v2\/media?parent=922"}],"curies":[{"name":"wp","href":"https:\/\/api.w.org\/{rel}","templated":true}]}}