{"id":860,"date":"2024-09-27T18:50:32","date_gmt":"2024-09-27T18:50:32","guid":{"rendered":"https:\/\/digloc.com\/digloctest\/la-nostra-visione\/"},"modified":"2025-11-29T09:24:48","modified_gmt":"2025-11-29T09:24:48","slug":"nuestra-vision","status":"publish","type":"page","link":"https:\/\/digloc.com\/es\/nuestra-vision\/","title":{"rendered":"Nuestra Visi\u00f3n"},"content":{"rendered":"\t\t<div data-elementor-type=\"wp-page\" data-elementor-id=\"860\" class=\"elementor elementor-860 elementor-18\" data-elementor-post-type=\"page\">\n\t\t\t\t<div class=\"elementor-element elementor-element-0f58a51 e-flex e-con-boxed e-con e-parent\" data-id=\"0f58a51\" data-element_type=\"container\" data-settings=\"{&quot;background_background&quot;:&quot;classic&quot;}\">\n\t\t\t\t\t<div class=\"e-con-inner\">\n\t\t<div class=\"elementor-element elementor-element-bb0d4bc e-con-full e-flex e-con e-child\" data-id=\"bb0d4bc\" data-element_type=\"container\">\n\t\t\t\t<div class=\"elementor-element elementor-element-8c5c270 elementor-widget elementor-widget-breadcrumbs\" data-id=\"8c5c270\" data-element_type=\"widget\" data-widget_type=\"breadcrumbs.default\">\n\t\t\t\t\t<p id=\"breadcrumbs\"><span><span><a href=\"https:\/\/digloc.com\/es\/\">Home<\/a><\/span><\/span><\/p>\t\t\t\t<\/div>\n\t\t\t\t<\/div>\n\t\t\t\t\t<\/div>\n\t\t\t\t<\/div>\n\t\t<div class=\"elementor-element elementor-element-3c6e0e1 e-flex e-con-boxed e-con e-parent\" data-id=\"3c6e0e1\" data-element_type=\"container\">\n\t\t\t\t\t<div class=\"e-con-inner\">\n\t\t<div class=\"elementor-element elementor-element-3795181 e-con-full e-flex e-con e-child\" data-id=\"3795181\" data-element_type=\"container\">\n\t\t\t\t<div class=\"elementor-element elementor-element-649080d elementor-widget elementor-widget-heading\" data-id=\"649080d\" data-element_type=\"widget\" data-widget_type=\"heading.default\">\n\t\t\t\t\t<h2 class=\"elementor-heading-title elementor-size-default\">Nuestra Visi\u00f3n<\/h2>\t\t\t\t<\/div>\n\t\t\t\t<div class=\"elementor-element elementor-element-eae43e2 elementor-widget elementor-widget-text-editor\" data-id=\"eae43e2\" data-element_type=\"widget\" data-widget_type=\"text-editor.default\">\n\t\t\t\t\t\t\t\t\t<ul>\n<li>Proporcionar una soluci\u00f3n de control, comunicaci\u00f3n y seguridad global y centralizada en IP.<\/li>\n<li>Estar cerca de nuestro cliente para tener mucho m\u00e1s que una relaci\u00f3n comercial creando una aut\u00e9ntica asociaci\u00f3n y apoyo.<\/li>\n<li>Ser uno y un \u00fanico interlocutor con nuestro socio para el desarrollo de su negocio.<\/li>\n<li>An\u00e1lisis y b\u00fasqueda de una soluci\u00f3n adaptada y optimizada para nuestros socios.<\/li>\n<li>Dar soluciones innovadoras con una relaci\u00f3n calidad-precio irreprochable.<\/li>\n<li>Hacer Nuestra profesi\u00f3n de asesor e integrador de soluciones.<\/li>\n<\/ul>\t\t\t\t\t\t\t\t<\/div>\n\t\t\t\t<\/div>\n\t\t<div class=\"elementor-element elementor-element-8bdbccc e-con-full e-flex e-con e-child\" data-id=\"8bdbccc\" data-element_type=\"container\">\n\t\t\t\t<div class=\"elementor-element elementor-element-bdc828f elementor-widget elementor-widget-image\" data-id=\"bdc828f\" data-element_type=\"widget\" data-widget_type=\"image.default\">\n\t\t\t\t\t\t\t\t\t\t\t\t\t\t\t<img fetchpriority=\"high\" decoding=\"async\" width=\"870\" height=\"470\" src=\"https:\/\/digloc.com\/wp-content\/uploads\/2024\/09\/la-nostra-visione.webp\" class=\"attachment-large size-large wp-image-555\" alt=\"\" srcset=\"https:\/\/digloc.com\/wp-content\/uploads\/2024\/09\/la-nostra-visione.webp 870w, https:\/\/digloc.com\/wp-content\/uploads\/2024\/09\/la-nostra-visione-300x162.webp 300w, https:\/\/digloc.com\/wp-content\/uploads\/2024\/09\/la-nostra-visione-768x415.webp 768w\" sizes=\"(max-width: 870px) 100vw, 870px\" \/>\t\t\t\t\t\t\t\t\t\t\t\t\t\t\t<\/div>\n\t\t\t\t<\/div>\n\t\t\t\t\t<\/div>\n\t\t\t\t<\/div>\n\t\t\t\t<\/div>\n\t\t","protected":false},"excerpt":{"rendered":"<p>Nuestra Visi\u00f3n Proporcionar una soluci\u00f3n de control, comunicaci\u00f3n y seguridad global y centralizada en IP. Estar cerca de nuestro cliente para tener mucho m\u00e1s que una relaci\u00f3n comercial creando una aut\u00e9ntica asociaci\u00f3n y apoyo. Ser uno y un \u00fanico interlocutor con nuestro socio para el desarrollo de su negocio. An\u00e1lisis y b\u00fasqueda de una soluci\u00f3n [&hellip;]<\/p>\n","protected":false},"author":1,"featured_media":0,"parent":0,"menu_order":0,"comment_status":"closed","ping_status":"closed","template":"","meta":{"footnotes":""},"class_list":["post-860","page","type-page","status-publish","hentry"],"yoast_head":"<!-- This site is optimized with the Yoast SEO plugin v26.4 - https:\/\/yoast.com\/wordpress\/plugins\/seo\/ -->\n<title>Nuestra Visi\u00f3n \u2013 DIGLOC | Innovaci\u00f3n y Seguridad Tecnol\u00f3gica<\/title>\n<meta name=\"description\" content=\"La visi\u00f3n de DIGLOC es proporcionar soluciones centralizadas de control, comunicaci\u00f3n y seguridad, construyendo alianzas basadas en la innovaci\u00f3n.\" \/>\n<meta name=\"robots\" content=\"index, follow, max-snippet:-1, max-image-preview:large, max-video-preview:-1\" \/>\n<link rel=\"canonical\" href=\"https:\/\/digloc.com\/es\/nuestra-vision\/\" \/>\n<meta property=\"og:locale\" content=\"es_ES\" \/>\n<meta property=\"og:type\" content=\"article\" \/>\n<meta property=\"og:title\" content=\"Nuestra Visi\u00f3n \u2013 DIGLOC | Innovaci\u00f3n y Seguridad Tecnol\u00f3gica\" \/>\n<meta property=\"og:description\" content=\"La visi\u00f3n de DIGLOC es proporcionar soluciones centralizadas de control, comunicaci\u00f3n y seguridad, construyendo alianzas basadas en la innovaci\u00f3n.\" \/>\n<meta property=\"og:url\" content=\"https:\/\/digloc.com\/es\/nuestra-vision\/\" \/>\n<meta property=\"og:site_name\" content=\"Digloc\" \/>\n<meta property=\"article:modified_time\" content=\"2025-11-29T09:24:48+00:00\" \/>\n<meta property=\"og:image\" content=\"https:\/\/digloc.com\/digloctest\/wp-content\/uploads\/2024\/09\/la-nostra-visione.webp\" \/>\n<meta name=\"twitter:card\" content=\"summary_large_image\" \/>\n<meta name=\"twitter:label1\" content=\"Tiempo de lectura\" \/>\n\t<meta name=\"twitter:data1\" content=\"1 minuto\" \/>\n<script type=\"application\/ld+json\" class=\"yoast-schema-graph\">{\"@context\":\"https:\/\/schema.org\",\"@graph\":[{\"@type\":\"WebPage\",\"@id\":\"https:\/\/digloc.com\/es\/nuestra-vision\/\",\"url\":\"https:\/\/digloc.com\/es\/nuestra-vision\/\",\"name\":\"Nuestra Visi\u00f3n \u2013 DIGLOC | Innovaci\u00f3n y Seguridad Tecnol\u00f3gica\",\"isPartOf\":{\"@id\":\"https:\/\/digloc.com\/es\/#website\"},\"primaryImageOfPage\":{\"@id\":\"https:\/\/digloc.com\/es\/nuestra-vision\/#primaryimage\"},\"image\":{\"@id\":\"https:\/\/digloc.com\/es\/nuestra-vision\/#primaryimage\"},\"thumbnailUrl\":\"https:\/\/digloc.com\/digloctest\/wp-content\/uploads\/2024\/09\/la-nostra-visione.webp\",\"datePublished\":\"2024-09-27T18:50:32+00:00\",\"dateModified\":\"2025-11-29T09:24:48+00:00\",\"description\":\"La visi\u00f3n de DIGLOC es proporcionar soluciones centralizadas de control, comunicaci\u00f3n y seguridad, construyendo alianzas basadas en la innovaci\u00f3n.\",\"breadcrumb\":{\"@id\":\"https:\/\/digloc.com\/es\/nuestra-vision\/#breadcrumb\"},\"inLanguage\":\"es\",\"potentialAction\":[{\"@type\":\"ReadAction\",\"target\":[\"https:\/\/digloc.com\/es\/nuestra-vision\/\"]}]},{\"@type\":\"ImageObject\",\"inLanguage\":\"es\",\"@id\":\"https:\/\/digloc.com\/es\/nuestra-vision\/#primaryimage\",\"url\":\"https:\/\/digloc.com\/digloctest\/wp-content\/uploads\/2024\/09\/la-nostra-visione.webp\",\"contentUrl\":\"https:\/\/digloc.com\/digloctest\/wp-content\/uploads\/2024\/09\/la-nostra-visione.webp\"},{\"@type\":\"BreadcrumbList\",\"@id\":\"https:\/\/digloc.com\/es\/nuestra-vision\/#breadcrumb\",\"itemListElement\":[{\"@type\":\"ListItem\",\"position\":1,\"name\":\"Home\",\"item\":\"https:\/\/digloc.com\/es\/\"},{\"@type\":\"ListItem\",\"position\":2,\"name\":\"Nuestra Visi\u00f3n\"}]},{\"@type\":\"WebSite\",\"@id\":\"https:\/\/digloc.com\/es\/#website\",\"url\":\"https:\/\/digloc.com\/es\/\",\"name\":\"Digloc SARL\",\"description\":\"\",\"potentialAction\":[{\"@type\":\"SearchAction\",\"target\":{\"@type\":\"EntryPoint\",\"urlTemplate\":\"https:\/\/digloc.com\/es\/?s={search_term_string}\"},\"query-input\":{\"@type\":\"PropertyValueSpecification\",\"valueRequired\":true,\"valueName\":\"search_term_string\"}}],\"inLanguage\":\"es\"}]}<\/script>\n<!-- \/ Yoast SEO plugin. -->","yoast_head_json":{"title":"Nuestra Visi\u00f3n \u2013 DIGLOC | Innovaci\u00f3n y Seguridad Tecnol\u00f3gica","description":"La visi\u00f3n de DIGLOC es proporcionar soluciones centralizadas de control, comunicaci\u00f3n y seguridad, construyendo alianzas basadas en la innovaci\u00f3n.","robots":{"index":"index","follow":"follow","max-snippet":"max-snippet:-1","max-image-preview":"max-image-preview:large","max-video-preview":"max-video-preview:-1"},"canonical":"https:\/\/digloc.com\/es\/nuestra-vision\/","og_locale":"es_ES","og_type":"article","og_title":"Nuestra Visi\u00f3n \u2013 DIGLOC | Innovaci\u00f3n y Seguridad Tecnol\u00f3gica","og_description":"La visi\u00f3n de DIGLOC es proporcionar soluciones centralizadas de control, comunicaci\u00f3n y seguridad, construyendo alianzas basadas en la innovaci\u00f3n.","og_url":"https:\/\/digloc.com\/es\/nuestra-vision\/","og_site_name":"Digloc","article_modified_time":"2025-11-29T09:24:48+00:00","og_image":[{"url":"https:\/\/digloc.com\/digloctest\/wp-content\/uploads\/2024\/09\/la-nostra-visione.webp","type":"","width":"","height":""}],"twitter_card":"summary_large_image","twitter_misc":{"Tiempo de lectura":"1 minuto"},"schema":{"@context":"https:\/\/schema.org","@graph":[{"@type":"WebPage","@id":"https:\/\/digloc.com\/es\/nuestra-vision\/","url":"https:\/\/digloc.com\/es\/nuestra-vision\/","name":"Nuestra Visi\u00f3n \u2013 DIGLOC | Innovaci\u00f3n y Seguridad Tecnol\u00f3gica","isPartOf":{"@id":"https:\/\/digloc.com\/es\/#website"},"primaryImageOfPage":{"@id":"https:\/\/digloc.com\/es\/nuestra-vision\/#primaryimage"},"image":{"@id":"https:\/\/digloc.com\/es\/nuestra-vision\/#primaryimage"},"thumbnailUrl":"https:\/\/digloc.com\/digloctest\/wp-content\/uploads\/2024\/09\/la-nostra-visione.webp","datePublished":"2024-09-27T18:50:32+00:00","dateModified":"2025-11-29T09:24:48+00:00","description":"La visi\u00f3n de DIGLOC es proporcionar soluciones centralizadas de control, comunicaci\u00f3n y seguridad, construyendo alianzas basadas en la innovaci\u00f3n.","breadcrumb":{"@id":"https:\/\/digloc.com\/es\/nuestra-vision\/#breadcrumb"},"inLanguage":"es","potentialAction":[{"@type":"ReadAction","target":["https:\/\/digloc.com\/es\/nuestra-vision\/"]}]},{"@type":"ImageObject","inLanguage":"es","@id":"https:\/\/digloc.com\/es\/nuestra-vision\/#primaryimage","url":"https:\/\/digloc.com\/digloctest\/wp-content\/uploads\/2024\/09\/la-nostra-visione.webp","contentUrl":"https:\/\/digloc.com\/digloctest\/wp-content\/uploads\/2024\/09\/la-nostra-visione.webp"},{"@type":"BreadcrumbList","@id":"https:\/\/digloc.com\/es\/nuestra-vision\/#breadcrumb","itemListElement":[{"@type":"ListItem","position":1,"name":"Home","item":"https:\/\/digloc.com\/es\/"},{"@type":"ListItem","position":2,"name":"Nuestra Visi\u00f3n"}]},{"@type":"WebSite","@id":"https:\/\/digloc.com\/es\/#website","url":"https:\/\/digloc.com\/es\/","name":"Digloc SARL","description":"","potentialAction":[{"@type":"SearchAction","target":{"@type":"EntryPoint","urlTemplate":"https:\/\/digloc.com\/es\/?s={search_term_string}"},"query-input":{"@type":"PropertyValueSpecification","valueRequired":true,"valueName":"search_term_string"}}],"inLanguage":"es"}]}},"_links":{"self":[{"href":"https:\/\/digloc.com\/es\/wp-json\/wp\/v2\/pages\/860","targetHints":{"allow":["GET"]}}],"collection":[{"href":"https:\/\/digloc.com\/es\/wp-json\/wp\/v2\/pages"}],"about":[{"href":"https:\/\/digloc.com\/es\/wp-json\/wp\/v2\/types\/page"}],"author":[{"embeddable":true,"href":"https:\/\/digloc.com\/es\/wp-json\/wp\/v2\/users\/1"}],"replies":[{"embeddable":true,"href":"https:\/\/digloc.com\/es\/wp-json\/wp\/v2\/comments?post=860"}],"version-history":[{"count":1,"href":"https:\/\/digloc.com\/es\/wp-json\/wp\/v2\/pages\/860\/revisions"}],"predecessor-version":[{"id":1870,"href":"https:\/\/digloc.com\/es\/wp-json\/wp\/v2\/pages\/860\/revisions\/1870"}],"wp:attachment":[{"href":"https:\/\/digloc.com\/es\/wp-json\/wp\/v2\/media?parent=860"}],"curies":[{"name":"wp","href":"https:\/\/api.w.org\/{rel}","templated":true}]}}