{"id":1180,"date":"2024-10-01T18:14:49","date_gmt":"2024-10-01T18:14:49","guid":{"rendered":"https:\/\/digloc.com\/digloctest\/firewall-sicurezza-reti\/"},"modified":"2025-11-29T17:06:11","modified_gmt":"2025-11-29T17:06:11","slug":"cortafuegos-seguridad-de-red","status":"publish","type":"page","link":"https:\/\/digloc.com\/es\/cortafuegos-seguridad-de-red\/","title":{"rendered":"Cortafuegos: Su barrera de seguridad de red"},"content":{"rendered":"\t\t<div data-elementor-type=\"wp-page\" data-elementor-id=\"1180\" class=\"elementor elementor-1180 elementor-489\" data-elementor-post-type=\"page\">\n\t\t\t\t<div class=\"elementor-element elementor-element-eb20b66 e-flex e-con-boxed e-con e-parent\" data-id=\"eb20b66\" data-element_type=\"container\" data-settings=\"{&quot;background_background&quot;:&quot;classic&quot;}\">\n\t\t\t\t\t<div class=\"e-con-inner\">\n\t\t<div class=\"elementor-element elementor-element-76bc78a e-con-full e-flex e-con e-child\" data-id=\"76bc78a\" data-element_type=\"container\">\n\t\t\t\t<div class=\"elementor-element elementor-element-2cdde96 elementor-widget elementor-widget-breadcrumbs\" data-id=\"2cdde96\" data-element_type=\"widget\" data-widget_type=\"breadcrumbs.default\">\n\t\t\t\t\t<p id=\"breadcrumbs\"><span><span><a href=\"https:\/\/digloc.com\/es\/\">Home<\/a><\/span><\/span><\/p>\t\t\t\t<\/div>\n\t\t\t\t<\/div>\n\t\t\t\t\t<\/div>\n\t\t\t\t<\/div>\n\t\t<div class=\"elementor-element elementor-element-0932e46 e-flex e-con-boxed e-con e-parent\" data-id=\"0932e46\" data-element_type=\"container\">\n\t\t\t\t\t<div class=\"e-con-inner\">\n\t\t<div class=\"elementor-element elementor-element-02c0da3 e-con-full e-flex e-con e-child\" data-id=\"02c0da3\" data-element_type=\"container\">\n\t\t\t\t<div class=\"elementor-element elementor-element-1fd3a82 elementor-widget elementor-widget-heading\" data-id=\"1fd3a82\" data-element_type=\"widget\" data-widget_type=\"heading.default\">\n\t\t\t\t\t<h2 class=\"elementor-heading-title elementor-size-default\">D-FIRE<\/h2>\t\t\t\t<\/div>\n\t\t\t\t<div class=\"elementor-element elementor-element-05d7b23 elementor-widget elementor-widget-heading\" data-id=\"05d7b23\" data-element_type=\"widget\" data-widget_type=\"heading.default\">\n\t\t\t\t\t<h3 class=\"elementor-heading-title elementor-size-default\">Cortafuegos: Su barrera de seguridad de red<\/h3>\t\t\t\t<\/div>\n\t\t\t\t<div class=\"elementor-element elementor-element-d57f561 elementor-widget elementor-widget-text-editor\" data-id=\"d57f561\" data-element_type=\"widget\" data-widget_type=\"text-editor.default\">\n\t\t\t\t\t\t\t\t\t<p>Los <strong>cortafuegos<\/strong> son herramientas esenciales para proteger las redes de <strong>hackers<\/strong>, <strong>malware<\/strong> y otras amenazas. Disponibles tanto en formato de <strong>hardware<\/strong> como de <strong>software<\/strong>, los cortafuegos proporcionan una protecci\u00f3n esencial entre redes y posibles ataques externos.<\/p>\t\t\t\t\t\t\t\t<\/div>\n\t\t\t\t<\/div>\n\t\t<div class=\"elementor-element elementor-element-5c7d4c5 e-con-full e-flex e-con e-child\" data-id=\"5c7d4c5\" data-element_type=\"container\">\n\t\t\t\t<div class=\"elementor-element elementor-element-dbb457e elementor-widget elementor-widget-image\" data-id=\"dbb457e\" data-element_type=\"widget\" data-widget_type=\"image.default\">\n\t\t\t\t\t\t\t\t\t\t\t\t\t\t\t<img fetchpriority=\"high\" decoding=\"async\" width=\"800\" height=\"500\" src=\"https:\/\/digloc.com\/wp-content\/uploads\/2024\/10\/ima-fariwall-01.webp\" class=\"attachment-full size-full wp-image-799\" alt=\"\" srcset=\"https:\/\/digloc.com\/wp-content\/uploads\/2024\/10\/ima-fariwall-01.webp 800w, https:\/\/digloc.com\/wp-content\/uploads\/2024\/10\/ima-fariwall-01-768x480.webp 768w\" sizes=\"(max-width: 800px) 100vw, 800px\" \/>\t\t\t\t\t\t\t\t\t\t\t\t\t\t\t<\/div>\n\t\t\t\t<\/div>\n\t\t\t\t\t<\/div>\n\t\t\t\t<\/div>\n\t\t<div class=\"elementor-element elementor-element-1bad8fd e-flex e-con-boxed e-con e-parent\" data-id=\"1bad8fd\" data-element_type=\"container\">\n\t\t\t\t\t<div class=\"e-con-inner\">\n\t\t<div class=\"elementor-element elementor-element-05a035b e-con-full e-flex e-con e-child\" data-id=\"05a035b\" data-element_type=\"container\">\n\t\t\t\t<div class=\"elementor-element elementor-element-93eca91 elementor-widget elementor-widget-heading\" data-id=\"93eca91\" data-element_type=\"widget\" data-widget_type=\"heading.default\">\n\t\t\t\t\t<h2 class=\"elementor-heading-title elementor-size-default\">Caracter\u00edsticas del cortafuegos<\/h2>\t\t\t\t<\/div>\n\t\t\t\t<div class=\"elementor-element elementor-element-37f33f4 elementor-widget elementor-widget-text-editor\" data-id=\"37f33f4\" data-element_type=\"widget\" data-widget_type=\"text-editor.default\">\n\t\t\t\t\t\t\t\t\tLos administradores de TI configuran los cortafuegos seg\u00fan los requisitos espec\u00edficos del sistema, garantizando la seguridad de los datos. Una vez implementados, los cortafuegos se supervisan constantemente para garantizar la m\u00e1xima seguridad.\t\t\t\t\t\t\t\t<\/div>\n\t\t\t\t<div class=\"elementor-element elementor-element-e742c48 elementor-widget elementor-widget-heading\" data-id=\"e742c48\" data-element_type=\"widget\" data-widget_type=\"heading.default\">\n\t\t\t\t\t<h2 class=\"elementor-heading-title elementor-size-default\">Tipos de cortafuegos<\/h2>\t\t\t\t<\/div>\n\t\t\t\t<div class=\"elementor-element elementor-element-5199175 elementor-widget elementor-widget-text-editor\" data-id=\"5199175\" data-element_type=\"widget\" data-widget_type=\"text-editor.default\">\n\t\t\t\t\t\t\t\t\t<ul><li><strong>Cortafuegos de hardware:<\/strong> Utilizados principalmente por grandes empresas para restringir el acceso entre departamentos o desde el exterior.<\/li><li><strong>Cortafuegos de software:<\/strong> Generalmente son suficientes para peque\u00f1as empresas y ordenadores personales, ya que ofrecen protecci\u00f3n sin necesidad de hardware dedicado.<\/li><\/ul>\t\t\t\t\t\t\t\t<\/div>\n\t\t\t\t<div class=\"elementor-element elementor-element-33970d2 elementor-widget elementor-widget-heading\" data-id=\"33970d2\" data-element_type=\"widget\" data-widget_type=\"heading.default\">\n\t\t\t\t\t<h2 class=\"elementor-heading-title elementor-size-default\">Integraci\u00f3n con otras herramientas de seguridad<\/h2>\t\t\t\t<\/div>\n\t\t\t\t<div class=\"elementor-element elementor-element-dcd9415 elementor-widget elementor-widget-text-editor\" data-id=\"dcd9415\" data-element_type=\"widget\" data-widget_type=\"text-editor.default\">\n\t\t\t\t\t\t\t\t\tLos cortafuegos se solapan significativamente con el software de seguridad de red y el software de seguridad web, ya que todos tienen como objetivo proteger los sistemas y la informaci\u00f3n. Algunos productos de cortafuegos tambi\u00e9n incluyen herramientas de gesti\u00f3n de vulnerabilidades para identificar y abordar las amenazas.\t\t\t\t\t\t\t\t<\/div>\n\t\t\t\t<div class=\"elementor-element elementor-element-b64c4bc elementor-widget elementor-widget-heading\" data-id=\"b64c4bc\" data-element_type=\"widget\" data-widget_type=\"heading.default\">\n\t\t\t\t\t<h2 class=\"elementor-heading-title elementor-size-default\">Requisitos del firewall<\/h2>\t\t\t\t<\/div>\n\t\t\t\t<div class=\"elementor-element elementor-element-60929eb elementor-widget elementor-widget-text-editor\" data-id=\"60929eb\" data-element_type=\"widget\" data-widget_type=\"text-editor.default\">\n\t\t\t\t\t\t\t\t\t<p>Un producto debe cumplir ciertos criterios para ser clasificado como firewall:<\/p><ul><li><strong>Evaluar y filtrar<\/strong> el acceso de los usuarios.<\/li><li><strong>Crear barreras<\/strong> entre las redes e Internet.<\/li><li><strong>Alertar a los administradores sobre accesos no autorizados.<\/strong><\/li><li><strong>Aplicar reglas de seguridad<\/strong> y autenticaci\u00f3n.<\/li><li><strong>Automatizar<\/strong> las tareas asociadas con las pruebas y la monitorizaci\u00f3n.<\/li><\/ul>\t\t\t\t\t\t\t\t<\/div>\n\t\t\t\t<\/div>\n\t\t\t\t\t<\/div>\n\t\t\t\t<\/div>\n\t\t<div class=\"elementor-element elementor-element-7908e53 e-flex e-con-boxed e-con e-parent\" data-id=\"7908e53\" data-element_type=\"container\" data-settings=\"{&quot;background_background&quot;:&quot;classic&quot;}\">\n\t\t\t\t\t<div class=\"e-con-inner\">\n\t\t<div class=\"elementor-element elementor-element-63dde98 e-con-full e-flex e-con e-child\" data-id=\"63dde98\" data-element_type=\"container\">\n\t\t\t\t<div class=\"elementor-element elementor-element-5aacd68 elementor-widget elementor-widget-heading\" data-id=\"5aacd68\" data-element_type=\"widget\" data-widget_type=\"heading.default\">\n\t\t\t\t\t<h2 class=\"elementor-heading-title elementor-size-default\">Hablemos de tu proyecto<\/h2>\t\t\t\t<\/div>\n\t\t\t\t<div class=\"elementor-element elementor-element-30b76c1 elementor-widget__width-initial elementor-widget elementor-widget-heading\" data-id=\"30b76c1\" data-element_type=\"widget\" data-widget_type=\"heading.default\">\n\t\t\t\t\t<h3 class=\"elementor-heading-title elementor-size-default\">Escr\u00edbanos, nuestros jefes de proyecto responder\u00e1n r\u00e1pidamente con las respuestas a sus preguntas.<\/h3>\t\t\t\t<\/div>\n\t\t\t\t<div class=\"elementor-element elementor-element-4ab25e4 elementor-widget elementor-widget-spacer\" data-id=\"4ab25e4\" data-element_type=\"widget\" data-widget_type=\"spacer.default\">\n\t\t\t\t\t\t\t<div class=\"elementor-spacer\">\n\t\t\t<div class=\"elementor-spacer-inner\"><\/div>\n\t\t<\/div>\n\t\t\t\t\t\t<\/div>\n\t\t<div class=\"elementor-element elementor-element-5104ca5 e-con-full e-flex e-con e-child\" data-id=\"5104ca5\" data-element_type=\"container\" data-settings=\"{&quot;background_background&quot;:&quot;classic&quot;}\">\n\t\t\t\t<div class=\"elementor-element elementor-element-2af62fa elementor-button-align-stretch elementor-widget elementor-widget-form\" data-id=\"2af62fa\" data-element_type=\"widget\" data-settings=\"{&quot;step_next_label&quot;:&quot;Successivo&quot;,&quot;step_previous_label&quot;:&quot;Precedente&quot;,&quot;button_width&quot;:&quot;100&quot;,&quot;step_type&quot;:&quot;number_text&quot;,&quot;step_icon_shape&quot;:&quot;circle&quot;}\" data-widget_type=\"form.default\">\n\t\t\t\t\t\t\t<form class=\"elementor-form\" method=\"post\" name=\"Modulo contattaci\" aria-label=\"Modulo contattaci\">\n\t\t\t<input type=\"hidden\" name=\"post_id\" value=\"1180\"\/>\n\t\t\t<input type=\"hidden\" name=\"form_id\" value=\"2af62fa\"\/>\n\t\t\t<input type=\"hidden\" name=\"referer_title\" value=\"Digloc\" \/>\n\n\t\t\t\n\t\t\t<div class=\"elementor-form-fields-wrapper elementor-labels-above\">\n\t\t\t\t\t\t\t\t<div class=\"elementor-field-type-text elementor-field-group elementor-column elementor-field-group-name elementor-col-50 elementor-field-required elementor-mark-required\">\n\t\t\t\t\t\t\t\t\t\t\t\t<label for=\"form-field-name\" class=\"elementor-field-label\">\n\t\t\t\t\t\t\t\tNombre de empresa\t\t\t\t\t\t\t<\/label>\n\t\t\t\t\t\t\t\t\t\t\t\t\t\t<input size=\"1\" type=\"text\" name=\"form_fields[name]\" id=\"form-field-name\" class=\"elementor-field elementor-size-md  elementor-field-textual\" required=\"required\">\n\t\t\t\t\t\t\t\t\t\t\t<\/div>\n\t\t\t\t\t\t\t\t<div class=\"elementor-field-type-text elementor-field-group elementor-column elementor-field-group-field_6b6d918 elementor-col-50 elementor-field-required elementor-mark-required\">\n\t\t\t\t\t\t\t\t\t\t\t\t<label for=\"form-field-field_6b6d918\" class=\"elementor-field-label\">\n\t\t\t\t\t\t\t\tNombre y Apellidos\t\t\t\t\t\t\t<\/label>\n\t\t\t\t\t\t\t\t\t\t\t\t\t\t<input size=\"1\" type=\"text\" name=\"form_fields[field_6b6d918]\" id=\"form-field-field_6b6d918\" class=\"elementor-field elementor-size-md  elementor-field-textual\" required=\"required\">\n\t\t\t\t\t\t\t\t\t\t\t<\/div>\n\t\t\t\t\t\t\t\t<div class=\"elementor-field-type-text elementor-field-group elementor-column elementor-field-group-field_dfca383 elementor-col-50\">\n\t\t\t\t\t\t\t\t\t\t\t\t<label for=\"form-field-field_dfca383\" class=\"elementor-field-label\">\n\t\t\t\t\t\t\t\tCiudad\t\t\t\t\t\t\t<\/label>\n\t\t\t\t\t\t\t\t\t\t\t\t\t\t<input size=\"1\" type=\"text\" name=\"form_fields[field_dfca383]\" id=\"form-field-field_dfca383\" class=\"elementor-field elementor-size-md  elementor-field-textual\">\n\t\t\t\t\t\t\t\t\t\t\t<\/div>\n\t\t\t\t\t\t\t\t<div class=\"elementor-field-type-tel elementor-field-group elementor-column elementor-field-group-field_f36fce8 elementor-col-50 elementor-field-required elementor-mark-required\">\n\t\t\t\t\t\t\t\t\t\t\t\t<label for=\"form-field-field_f36fce8\" class=\"elementor-field-label\">\n\t\t\t\t\t\t\t\tTel\u00e9fono\t\t\t\t\t\t\t<\/label>\n\t\t\t\t\t\t\t\t<input size=\"1\" type=\"tel\" name=\"form_fields[field_f36fce8]\" id=\"form-field-field_f36fce8\" class=\"elementor-field elementor-size-md  elementor-field-textual\" required=\"required\" pattern=\"[0-9()#&amp;+*-=.]+\" title=\"Solo se aceptan n\u00fameros y caracteres de tel\u00e9fono (#,-,*,etc).\">\n\n\t\t\t\t\t\t<\/div>\n\t\t\t\t\t\t\t\t<div class=\"elementor-field-type-email elementor-field-group elementor-column elementor-field-group-email elementor-col-100 elementor-field-required elementor-mark-required\">\n\t\t\t\t\t\t\t\t\t\t\t\t<label for=\"form-field-email\" class=\"elementor-field-label\">\n\t\t\t\t\t\t\t\tEmail\t\t\t\t\t\t\t<\/label>\n\t\t\t\t\t\t\t\t\t\t\t\t\t\t<input size=\"1\" type=\"email\" name=\"form_fields[email]\" id=\"form-field-email\" class=\"elementor-field elementor-size-md  elementor-field-textual\" required=\"required\">\n\t\t\t\t\t\t\t\t\t\t\t<\/div>\n\t\t\t\t\t\t\t\t<div class=\"elementor-field-type-textarea elementor-field-group elementor-column elementor-field-group-message elementor-col-100\">\n\t\t\t\t\t\t\t\t\t\t\t\t<label for=\"form-field-message\" class=\"elementor-field-label\">\n\t\t\t\t\t\t\t\tMensaje\t\t\t\t\t\t\t<\/label>\n\t\t\t\t\t\t<textarea class=\"elementor-field-textual elementor-field  elementor-size-md\" name=\"form_fields[message]\" id=\"form-field-message\" rows=\"4\"><\/textarea>\t\t\t\t<\/div>\n\t\t\t\t\t\t\t\t<div class=\"elementor-field-type-acceptance elementor-field-group elementor-column elementor-field-group-field_592cf99 elementor-col-100 elementor-field-required elementor-mark-required\">\n\t\t\t\t\t\t\t\t\t\t\t\t<label for=\"form-field-field_592cf99\" class=\"elementor-field-label\">\n\t\t\t\t\t\t\t\tPrivacy Policy\t\t\t\t\t\t\t<\/label>\n\t\t\t\t\t\t\t\t<div class=\"elementor-field-subgroup\">\n\t\t\t<span class=\"elementor-field-option\">\n\t\t\t\t<input type=\"checkbox\" name=\"form_fields[field_592cf99]\" id=\"form-field-field_592cf99\" class=\"elementor-field elementor-size-md  elementor-acceptance-field\" required=\"required\">\n\t\t\t\t<label for=\"form-field-field_592cf99\">Declaro que he le\u00eddo y aceptado la <b><a href=\"https:\/\/digloc.com\/privacy-policy\/\" target=\"_blank\">Pol\u00edtica de Privacidad<\/a><\/b>, y que mis datos personales ser\u00e1n tratados de conformidad con la Ley Argelina n\u00ba 18-07 sobre protecci\u00f3n de datos personales.<\/label>\t\t\t<\/span>\n\t\t<\/div>\n\t\t\t\t\t\t<\/div>\n\t\t\t\t\t\t\t\t<div class=\"elementor-field-type-recaptcha_v3 elementor-field-group elementor-column elementor-field-group-field_89c647f elementor-col-100 recaptcha_v3-inline\">\n\t\t\t\t\t<div class=\"elementor-field\" id=\"form-field-field_89c647f\"><div class=\"elementor-g-recaptcha\" data-sitekey=\"6LcJExwsAAAAAAzf49t9w0g9QUttb2rWpzi3B-M8\" data-type=\"v3\" data-action=\"Form\" data-badge=\"inline\" data-size=\"invisible\"><\/div><\/div>\t\t\t\t<\/div>\n\t\t\t\t\t\t\t\t<div class=\"elementor-field-group elementor-column elementor-field-type-submit elementor-col-100 e-form__buttons\">\n\t\t\t\t\t<button class=\"elementor-button elementor-size-md\" type=\"submit\">\n\t\t\t\t\t\t<span class=\"elementor-button-content-wrapper\">\n\t\t\t\t\t\t\t\t\t\t\t\t\t\t\t\t\t\t\t\t\t\t<span class=\"elementor-button-text\">ENVIAR<\/span>\n\t\t\t\t\t\t\t\t\t\t\t\t\t<\/span>\n\t\t\t\t\t<\/button>\n\t\t\t\t<\/div>\n\t\t\t<\/div>\n\t\t<\/form>\n\t\t\t\t\t\t<\/div>\n\t\t\t\t<\/div>\n\t\t\t\t<\/div>\n\t\t\t\t\t<\/div>\n\t\t\t\t<\/div>\n\t\t\t\t<\/div>\n\t\t","protected":false},"excerpt":{"rendered":"<p>D-FIRE Cortafuegos: Su barrera de seguridad de red Los cortafuegos son herramientas esenciales para proteger las redes de hackers, malware y otras amenazas. Disponibles tanto en formato de hardware como de software, los cortafuegos proporcionan una protecci\u00f3n esencial entre redes y posibles ataques externos. Caracter\u00edsticas del cortafuegos Los administradores de TI configuran los cortafuegos seg\u00fan [&hellip;]<\/p>\n","protected":false},"author":1,"featured_media":0,"parent":0,"menu_order":0,"comment_status":"closed","ping_status":"closed","template":"","meta":{"footnotes":""},"class_list":["post-1180","page","type-page","status-publish","hentry"],"yoast_head":"<!-- This site is optimized with the Yoast SEO plugin v26.4 - https:\/\/yoast.com\/wordpress\/plugins\/seo\/ -->\n<title>Firewall y Seguridad de Red \u2013 Digloc<\/title>\n<meta name=\"description\" content=\"Digloc D-FIRE protege redes corporativas de hackers y malware con firewalls de hardware y software, asegurando seguridad total.\" \/>\n<meta name=\"robots\" content=\"index, follow, max-snippet:-1, max-image-preview:large, max-video-preview:-1\" \/>\n<link rel=\"canonical\" href=\"https:\/\/digloc.com\/es\/cortafuegos-seguridad-de-red\/\" \/>\n<meta property=\"og:locale\" content=\"es_ES\" \/>\n<meta property=\"og:type\" content=\"article\" \/>\n<meta property=\"og:title\" content=\"Firewall y Seguridad de Red \u2013 Digloc\" \/>\n<meta property=\"og:description\" content=\"Digloc D-FIRE protege redes corporativas de hackers y malware con firewalls de hardware y software, asegurando seguridad total.\" \/>\n<meta property=\"og:url\" content=\"https:\/\/digloc.com\/es\/cortafuegos-seguridad-de-red\/\" \/>\n<meta property=\"og:site_name\" content=\"Digloc\" \/>\n<meta property=\"article:modified_time\" content=\"2025-11-29T17:06:11+00:00\" \/>\n<meta property=\"og:image\" content=\"https:\/\/digloc.com\/wp-content\/uploads\/2024\/10\/ima-fariwall-01.webp\" \/>\n\t<meta property=\"og:image:width\" content=\"800\" \/>\n\t<meta property=\"og:image:height\" content=\"500\" \/>\n\t<meta property=\"og:image:type\" content=\"image\/webp\" \/>\n<meta name=\"twitter:card\" content=\"summary_large_image\" \/>\n<meta name=\"twitter:label1\" content=\"Tiempo de lectura\" \/>\n\t<meta name=\"twitter:data1\" content=\"2 minutos\" \/>\n<script type=\"application\/ld+json\" class=\"yoast-schema-graph\">{\"@context\":\"https:\/\/schema.org\",\"@graph\":[{\"@type\":\"WebPage\",\"@id\":\"https:\/\/digloc.com\/es\/cortafuegos-seguridad-de-red\/\",\"url\":\"https:\/\/digloc.com\/es\/cortafuegos-seguridad-de-red\/\",\"name\":\"Firewall y Seguridad de Red \u2013 Digloc\",\"isPartOf\":{\"@id\":\"https:\/\/digloc.com\/es\/#website\"},\"primaryImageOfPage\":{\"@id\":\"https:\/\/digloc.com\/es\/cortafuegos-seguridad-de-red\/#primaryimage\"},\"image\":{\"@id\":\"https:\/\/digloc.com\/es\/cortafuegos-seguridad-de-red\/#primaryimage\"},\"thumbnailUrl\":\"https:\/\/digloc.com\/wp-content\/uploads\/2024\/10\/ima-fariwall-01.webp\",\"datePublished\":\"2024-10-01T18:14:49+00:00\",\"dateModified\":\"2025-11-29T17:06:11+00:00\",\"description\":\"Digloc D-FIRE protege redes corporativas de hackers y malware con firewalls de hardware y software, asegurando seguridad total.\",\"breadcrumb\":{\"@id\":\"https:\/\/digloc.com\/es\/cortafuegos-seguridad-de-red\/#breadcrumb\"},\"inLanguage\":\"es\",\"potentialAction\":[{\"@type\":\"ReadAction\",\"target\":[\"https:\/\/digloc.com\/es\/cortafuegos-seguridad-de-red\/\"]}]},{\"@type\":\"ImageObject\",\"inLanguage\":\"es\",\"@id\":\"https:\/\/digloc.com\/es\/cortafuegos-seguridad-de-red\/#primaryimage\",\"url\":\"https:\/\/digloc.com\/wp-content\/uploads\/2024\/10\/ima-fariwall-01.webp\",\"contentUrl\":\"https:\/\/digloc.com\/wp-content\/uploads\/2024\/10\/ima-fariwall-01.webp\"},{\"@type\":\"BreadcrumbList\",\"@id\":\"https:\/\/digloc.com\/es\/cortafuegos-seguridad-de-red\/#breadcrumb\",\"itemListElement\":[{\"@type\":\"ListItem\",\"position\":1,\"name\":\"Home\",\"item\":\"https:\/\/digloc.com\/es\/\"},{\"@type\":\"ListItem\",\"position\":2,\"name\":\"Cortafuegos: Su barrera de seguridad de red\"}]},{\"@type\":\"WebSite\",\"@id\":\"https:\/\/digloc.com\/es\/#website\",\"url\":\"https:\/\/digloc.com\/es\/\",\"name\":\"Digloc SARL\",\"description\":\"\",\"potentialAction\":[{\"@type\":\"SearchAction\",\"target\":{\"@type\":\"EntryPoint\",\"urlTemplate\":\"https:\/\/digloc.com\/es\/?s={search_term_string}\"},\"query-input\":{\"@type\":\"PropertyValueSpecification\",\"valueRequired\":true,\"valueName\":\"search_term_string\"}}],\"inLanguage\":\"es\"}]}<\/script>\n<!-- \/ Yoast SEO plugin. -->","yoast_head_json":{"title":"Firewall y Seguridad de Red \u2013 Digloc","description":"Digloc D-FIRE protege redes corporativas de hackers y malware con firewalls de hardware y software, asegurando seguridad total.","robots":{"index":"index","follow":"follow","max-snippet":"max-snippet:-1","max-image-preview":"max-image-preview:large","max-video-preview":"max-video-preview:-1"},"canonical":"https:\/\/digloc.com\/es\/cortafuegos-seguridad-de-red\/","og_locale":"es_ES","og_type":"article","og_title":"Firewall y Seguridad de Red \u2013 Digloc","og_description":"Digloc D-FIRE protege redes corporativas de hackers y malware con firewalls de hardware y software, asegurando seguridad total.","og_url":"https:\/\/digloc.com\/es\/cortafuegos-seguridad-de-red\/","og_site_name":"Digloc","article_modified_time":"2025-11-29T17:06:11+00:00","og_image":[{"width":800,"height":500,"url":"https:\/\/digloc.com\/wp-content\/uploads\/2024\/10\/ima-fariwall-01.webp","type":"image\/webp"}],"twitter_card":"summary_large_image","twitter_misc":{"Tiempo de lectura":"2 minutos"},"schema":{"@context":"https:\/\/schema.org","@graph":[{"@type":"WebPage","@id":"https:\/\/digloc.com\/es\/cortafuegos-seguridad-de-red\/","url":"https:\/\/digloc.com\/es\/cortafuegos-seguridad-de-red\/","name":"Firewall y Seguridad de Red \u2013 Digloc","isPartOf":{"@id":"https:\/\/digloc.com\/es\/#website"},"primaryImageOfPage":{"@id":"https:\/\/digloc.com\/es\/cortafuegos-seguridad-de-red\/#primaryimage"},"image":{"@id":"https:\/\/digloc.com\/es\/cortafuegos-seguridad-de-red\/#primaryimage"},"thumbnailUrl":"https:\/\/digloc.com\/wp-content\/uploads\/2024\/10\/ima-fariwall-01.webp","datePublished":"2024-10-01T18:14:49+00:00","dateModified":"2025-11-29T17:06:11+00:00","description":"Digloc D-FIRE protege redes corporativas de hackers y malware con firewalls de hardware y software, asegurando seguridad total.","breadcrumb":{"@id":"https:\/\/digloc.com\/es\/cortafuegos-seguridad-de-red\/#breadcrumb"},"inLanguage":"es","potentialAction":[{"@type":"ReadAction","target":["https:\/\/digloc.com\/es\/cortafuegos-seguridad-de-red\/"]}]},{"@type":"ImageObject","inLanguage":"es","@id":"https:\/\/digloc.com\/es\/cortafuegos-seguridad-de-red\/#primaryimage","url":"https:\/\/digloc.com\/wp-content\/uploads\/2024\/10\/ima-fariwall-01.webp","contentUrl":"https:\/\/digloc.com\/wp-content\/uploads\/2024\/10\/ima-fariwall-01.webp"},{"@type":"BreadcrumbList","@id":"https:\/\/digloc.com\/es\/cortafuegos-seguridad-de-red\/#breadcrumb","itemListElement":[{"@type":"ListItem","position":1,"name":"Home","item":"https:\/\/digloc.com\/es\/"},{"@type":"ListItem","position":2,"name":"Cortafuegos: Su barrera de seguridad de red"}]},{"@type":"WebSite","@id":"https:\/\/digloc.com\/es\/#website","url":"https:\/\/digloc.com\/es\/","name":"Digloc SARL","description":"","potentialAction":[{"@type":"SearchAction","target":{"@type":"EntryPoint","urlTemplate":"https:\/\/digloc.com\/es\/?s={search_term_string}"},"query-input":{"@type":"PropertyValueSpecification","valueRequired":true,"valueName":"search_term_string"}}],"inLanguage":"es"}]}},"_links":{"self":[{"href":"https:\/\/digloc.com\/es\/wp-json\/wp\/v2\/pages\/1180","targetHints":{"allow":["GET"]}}],"collection":[{"href":"https:\/\/digloc.com\/es\/wp-json\/wp\/v2\/pages"}],"about":[{"href":"https:\/\/digloc.com\/es\/wp-json\/wp\/v2\/types\/page"}],"author":[{"embeddable":true,"href":"https:\/\/digloc.com\/es\/wp-json\/wp\/v2\/users\/1"}],"replies":[{"embeddable":true,"href":"https:\/\/digloc.com\/es\/wp-json\/wp\/v2\/comments?post=1180"}],"version-history":[{"count":12,"href":"https:\/\/digloc.com\/es\/wp-json\/wp\/v2\/pages\/1180\/revisions"}],"predecessor-version":[{"id":2366,"href":"https:\/\/digloc.com\/es\/wp-json\/wp\/v2\/pages\/1180\/revisions\/2366"}],"wp:attachment":[{"href":"https:\/\/digloc.com\/es\/wp-json\/wp\/v2\/media?parent=1180"}],"curies":[{"name":"wp","href":"https:\/\/api.w.org\/{rel}","templated":true}]}}