{"id":1162,"date":"2024-10-01T18:00:50","date_gmt":"2024-10-01T18:00:50","guid":{"rendered":"https:\/\/digloc.com\/digloctest\/virtualizzazione-server\/"},"modified":"2025-11-29T17:06:06","modified_gmt":"2025-11-29T17:06:06","slug":"virtualizacion-de-servidores","status":"publish","type":"page","link":"https:\/\/digloc.com\/es\/virtualizacion-de-servidores\/","title":{"rendered":"Virtualizaci\u00f3n de Servidores: Optimice sus Recursos de TI"},"content":{"rendered":"\t\t<div data-elementor-type=\"wp-page\" data-elementor-id=\"1162\" class=\"elementor elementor-1162 elementor-476\" data-elementor-post-type=\"page\">\n\t\t\t\t<div class=\"elementor-element elementor-element-9906fb7 e-flex e-con-boxed e-con e-parent\" data-id=\"9906fb7\" data-element_type=\"container\" data-settings=\"{&quot;background_background&quot;:&quot;classic&quot;}\">\n\t\t\t\t\t<div class=\"e-con-inner\">\n\t\t<div class=\"elementor-element elementor-element-0745fea e-con-full e-flex e-con e-child\" data-id=\"0745fea\" data-element_type=\"container\">\n\t\t\t\t<div class=\"elementor-element elementor-element-3cdbed4 elementor-widget elementor-widget-breadcrumbs\" data-id=\"3cdbed4\" data-element_type=\"widget\" data-widget_type=\"breadcrumbs.default\">\n\t\t\t\t\t<p id=\"breadcrumbs\"><span><span><a href=\"https:\/\/digloc.com\/es\/\">Home<\/a><\/span><\/span><\/p>\t\t\t\t<\/div>\n\t\t\t\t<\/div>\n\t\t\t\t\t<\/div>\n\t\t\t\t<\/div>\n\t\t<div class=\"elementor-element elementor-element-4dea7dd e-flex e-con-boxed e-con e-parent\" data-id=\"4dea7dd\" data-element_type=\"container\">\n\t\t\t\t\t<div class=\"e-con-inner\">\n\t\t<div class=\"elementor-element elementor-element-1ed1bb4 e-con-full e-flex e-con e-child\" data-id=\"1ed1bb4\" data-element_type=\"container\">\n\t\t\t\t<div class=\"elementor-element elementor-element-8d68dbb elementor-widget elementor-widget-heading\" data-id=\"8d68dbb\" data-element_type=\"widget\" data-widget_type=\"heading.default\">\n\t\t\t\t\t<h2 class=\"elementor-heading-title elementor-size-default\">D-VIRT\n<\/h2>\t\t\t\t<\/div>\n\t\t\t\t<div class=\"elementor-element elementor-element-f8e2a0d elementor-widget elementor-widget-heading\" data-id=\"f8e2a0d\" data-element_type=\"widget\" data-widget_type=\"heading.default\">\n\t\t\t\t\t<h3 class=\"elementor-heading-title elementor-size-default\">Virtualizaci\u00f3n de Servidores: Eficiencia y Reducci\u00f3n de Costos<\/h3>\t\t\t\t<\/div>\n\t\t\t\t<div class=\"elementor-element elementor-element-48c47bc elementor-widget elementor-widget-text-editor\" data-id=\"48c47bc\" data-element_type=\"widget\" data-widget_type=\"text-editor.default\">\n\t\t\t\t\t\t\t\t\t<p>La <strong>virtualizaci\u00f3n de servidores<\/strong> es una t\u00e9cnica innovadora que permite ejecutar m\u00faltiples <strong>sistemas operativos aislados<\/strong> en m\u00e1quinas virtuales utilizando un \u00fanico servidor f\u00edsico.<\/p><p>Esta soluci\u00f3n es ideal para empresas que buscan optimizar sus recursos de TI.<\/p>\t\t\t\t\t\t\t\t<\/div>\n\t\t\t\t<\/div>\n\t\t<div class=\"elementor-element elementor-element-5061091 e-con-full e-flex e-con e-child\" data-id=\"5061091\" data-element_type=\"container\">\n\t\t\t\t<div class=\"elementor-element elementor-element-6340222 elementor-widget elementor-widget-image\" data-id=\"6340222\" data-element_type=\"widget\" data-widget_type=\"image.default\">\n\t\t\t\t\t\t\t\t\t\t\t\t\t\t\t<img fetchpriority=\"high\" decoding=\"async\" width=\"800\" height=\"500\" src=\"https:\/\/digloc.com\/wp-content\/uploads\/2024\/10\/ima-virtualizzazione-server-02.webp\" class=\"attachment-full size-full wp-image-787\" alt=\"\" srcset=\"https:\/\/digloc.com\/wp-content\/uploads\/2024\/10\/ima-virtualizzazione-server-02.webp 800w, https:\/\/digloc.com\/wp-content\/uploads\/2024\/10\/ima-virtualizzazione-server-02-768x480.webp 768w\" sizes=\"(max-width: 800px) 100vw, 800px\" \/>\t\t\t\t\t\t\t\t\t\t\t\t\t\t\t<\/div>\n\t\t\t\t<\/div>\n\t\t\t\t\t<\/div>\n\t\t\t\t<\/div>\n\t\t<div class=\"elementor-element elementor-element-330ac6c e-flex e-con-boxed e-con e-parent\" data-id=\"330ac6c\" data-element_type=\"container\">\n\t\t\t\t\t<div class=\"e-con-inner\">\n\t\t<div class=\"elementor-element elementor-element-7174ddb e-con-full e-flex e-con e-child\" data-id=\"7174ddb\" data-element_type=\"container\">\n\t\t\t\t<div class=\"elementor-element elementor-element-bfbe8ff elementor-widget elementor-widget-heading\" data-id=\"bfbe8ff\" data-element_type=\"widget\" data-widget_type=\"heading.default\">\n\t\t\t\t\t<h2 class=\"elementor-heading-title elementor-size-default\">Beneficios de la Virtualizaci\u00f3n de Servidores<\/h2>\t\t\t\t<\/div>\n\t\t\t\t<div class=\"elementor-element elementor-element-f73e275 elementor-widget elementor-widget-text-editor\" data-id=\"f73e275\" data-element_type=\"widget\" data-widget_type=\"text-editor.default\">\n\t\t\t\t\t\t\t\t\t<p>La creciente presi\u00f3n sobre los servicios de TI para gestionar la expansi\u00f3n de recursos y reducir costos se puede abordar con la virtualizaci\u00f3n, que ofrece varias ventajas:<\/p>\n<ul>\n<li><strong>Reducci\u00f3n en la cantidad de servidores f\u00edsicos<\/strong> necesarios y mejor utilizaci\u00f3n de los recursos existentes.<\/li>\n<li>Reducci\u00f3n en los costos operativos, incluyendo materiales, consumo de energ\u00eda y espacio f\u00edsico.<\/li>\n<li><strong>Mayor disponibilidad<\/strong> del servidor, reduciendo el tiempo de inactividad.<\/li>\n<li><strong>Mayor flexibilidad<\/strong> para responder a las cambiantes necesidades de TI del negocio.&nbsp;<\/li><\/ul>\n<p><span style=\"font-weight: normal;\">Esta tecnolog\u00eda permite a las empresas gestionar su entorno de TI con mayor eficiencia, optimizando costos y recursos.<\/span><\/p>\t\t\t\t\t\t\t\t<\/div>\n\t\t\t\t<div class=\"elementor-element elementor-element-b2da6db elementor-widget elementor-widget-image\" data-id=\"b2da6db\" data-element_type=\"widget\" data-widget_type=\"image.default\">\n\t\t\t\t\t\t\t\t\t\t\t\t\t\t\t<img decoding=\"async\" width=\"1197\" height=\"541\" src=\"https:\/\/digloc.com\/wp-content\/uploads\/2024\/10\/ima-virtualizzazione-server-01.webp\" class=\"attachment-full size-full wp-image-791\" alt=\"\" srcset=\"https:\/\/digloc.com\/wp-content\/uploads\/2024\/10\/ima-virtualizzazione-server-01.webp 1197w, https:\/\/digloc.com\/wp-content\/uploads\/2024\/10\/ima-virtualizzazione-server-01-768x347.webp 768w\" sizes=\"(max-width: 1197px) 100vw, 1197px\" \/>\t\t\t\t\t\t\t\t\t\t\t\t\t\t\t<\/div>\n\t\t\t\t<\/div>\n\t\t\t\t\t<\/div>\n\t\t\t\t<\/div>\n\t\t<div class=\"elementor-element elementor-element-4813ecc e-flex e-con-boxed e-con e-parent\" data-id=\"4813ecc\" data-element_type=\"container\" data-settings=\"{&quot;background_background&quot;:&quot;classic&quot;}\">\n\t\t\t\t\t<div class=\"e-con-inner\">\n\t\t<div class=\"elementor-element elementor-element-63aae00 e-con-full e-flex e-con e-child\" data-id=\"63aae00\" data-element_type=\"container\">\n\t\t\t\t<div class=\"elementor-element elementor-element-8d852f4 elementor-widget elementor-widget-heading\" data-id=\"8d852f4\" data-element_type=\"widget\" data-widget_type=\"heading.default\">\n\t\t\t\t\t<h2 class=\"elementor-heading-title elementor-size-default\">Hablemos de tu proyecto<\/h2>\t\t\t\t<\/div>\n\t\t\t\t<div class=\"elementor-element elementor-element-5dcc456 elementor-widget__width-initial elementor-widget elementor-widget-heading\" data-id=\"5dcc456\" data-element_type=\"widget\" data-widget_type=\"heading.default\">\n\t\t\t\t\t<h3 class=\"elementor-heading-title elementor-size-default\">Escr\u00edbanos, nuestros jefes de proyecto responder\u00e1n r\u00e1pidamente con las respuestas a sus preguntas.<\/h3>\t\t\t\t<\/div>\n\t\t\t\t<div class=\"elementor-element elementor-element-2cfc07f elementor-widget elementor-widget-spacer\" data-id=\"2cfc07f\" data-element_type=\"widget\" data-widget_type=\"spacer.default\">\n\t\t\t\t\t\t\t<div class=\"elementor-spacer\">\n\t\t\t<div class=\"elementor-spacer-inner\"><\/div>\n\t\t<\/div>\n\t\t\t\t\t\t<\/div>\n\t\t<div class=\"elementor-element elementor-element-c273c16 e-con-full e-flex e-con e-child\" data-id=\"c273c16\" data-element_type=\"container\" data-settings=\"{&quot;background_background&quot;:&quot;classic&quot;}\">\n\t\t\t\t<div class=\"elementor-element elementor-element-8185ad8 elementor-button-align-stretch elementor-widget elementor-widget-form\" data-id=\"8185ad8\" data-element_type=\"widget\" data-settings=\"{&quot;step_next_label&quot;:&quot;Successivo&quot;,&quot;step_previous_label&quot;:&quot;Precedente&quot;,&quot;button_width&quot;:&quot;100&quot;,&quot;step_type&quot;:&quot;number_text&quot;,&quot;step_icon_shape&quot;:&quot;circle&quot;}\" data-widget_type=\"form.default\">\n\t\t\t\t\t\t\t<form class=\"elementor-form\" method=\"post\" name=\"Modulo contattaci\" aria-label=\"Modulo contattaci\">\n\t\t\t<input type=\"hidden\" name=\"post_id\" value=\"1162\"\/>\n\t\t\t<input type=\"hidden\" name=\"form_id\" value=\"8185ad8\"\/>\n\t\t\t<input type=\"hidden\" name=\"referer_title\" value=\"Digloc\" \/>\n\n\t\t\t\n\t\t\t<div class=\"elementor-form-fields-wrapper elementor-labels-above\">\n\t\t\t\t\t\t\t\t<div class=\"elementor-field-type-text elementor-field-group elementor-column elementor-field-group-name elementor-col-50 elementor-field-required elementor-mark-required\">\n\t\t\t\t\t\t\t\t\t\t\t\t<label for=\"form-field-name\" class=\"elementor-field-label\">\n\t\t\t\t\t\t\t\tNombre de empresa\t\t\t\t\t\t\t<\/label>\n\t\t\t\t\t\t\t\t\t\t\t\t\t\t<input size=\"1\" type=\"text\" name=\"form_fields[name]\" id=\"form-field-name\" class=\"elementor-field elementor-size-md  elementor-field-textual\" required=\"required\">\n\t\t\t\t\t\t\t\t\t\t\t<\/div>\n\t\t\t\t\t\t\t\t<div class=\"elementor-field-type-text elementor-field-group elementor-column elementor-field-group-field_6b6d918 elementor-col-50 elementor-field-required elementor-mark-required\">\n\t\t\t\t\t\t\t\t\t\t\t\t<label for=\"form-field-field_6b6d918\" class=\"elementor-field-label\">\n\t\t\t\t\t\t\t\tNombre y Apellidos\t\t\t\t\t\t\t<\/label>\n\t\t\t\t\t\t\t\t\t\t\t\t\t\t<input size=\"1\" type=\"text\" name=\"form_fields[field_6b6d918]\" id=\"form-field-field_6b6d918\" class=\"elementor-field elementor-size-md  elementor-field-textual\" required=\"required\">\n\t\t\t\t\t\t\t\t\t\t\t<\/div>\n\t\t\t\t\t\t\t\t<div class=\"elementor-field-type-text elementor-field-group elementor-column elementor-field-group-field_dfca383 elementor-col-50\">\n\t\t\t\t\t\t\t\t\t\t\t\t<label for=\"form-field-field_dfca383\" class=\"elementor-field-label\">\n\t\t\t\t\t\t\t\tCiudad\t\t\t\t\t\t\t<\/label>\n\t\t\t\t\t\t\t\t\t\t\t\t\t\t<input size=\"1\" type=\"text\" name=\"form_fields[field_dfca383]\" id=\"form-field-field_dfca383\" class=\"elementor-field elementor-size-md  elementor-field-textual\">\n\t\t\t\t\t\t\t\t\t\t\t<\/div>\n\t\t\t\t\t\t\t\t<div class=\"elementor-field-type-tel elementor-field-group elementor-column elementor-field-group-field_f36fce8 elementor-col-50 elementor-field-required elementor-mark-required\">\n\t\t\t\t\t\t\t\t\t\t\t\t<label for=\"form-field-field_f36fce8\" class=\"elementor-field-label\">\n\t\t\t\t\t\t\t\tTel\u00e9fono\t\t\t\t\t\t\t<\/label>\n\t\t\t\t\t\t\t\t<input size=\"1\" type=\"tel\" name=\"form_fields[field_f36fce8]\" id=\"form-field-field_f36fce8\" class=\"elementor-field elementor-size-md  elementor-field-textual\" required=\"required\" pattern=\"[0-9()#&amp;+*-=.]+\" title=\"Solo se aceptan n\u00fameros y caracteres de tel\u00e9fono (#,-,*,etc).\">\n\n\t\t\t\t\t\t<\/div>\n\t\t\t\t\t\t\t\t<div class=\"elementor-field-type-email elementor-field-group elementor-column elementor-field-group-email elementor-col-100 elementor-field-required elementor-mark-required\">\n\t\t\t\t\t\t\t\t\t\t\t\t<label for=\"form-field-email\" class=\"elementor-field-label\">\n\t\t\t\t\t\t\t\tEmail\t\t\t\t\t\t\t<\/label>\n\t\t\t\t\t\t\t\t\t\t\t\t\t\t<input size=\"1\" type=\"email\" name=\"form_fields[email]\" id=\"form-field-email\" class=\"elementor-field elementor-size-md  elementor-field-textual\" required=\"required\">\n\t\t\t\t\t\t\t\t\t\t\t<\/div>\n\t\t\t\t\t\t\t\t<div class=\"elementor-field-type-textarea elementor-field-group elementor-column elementor-field-group-message elementor-col-100\">\n\t\t\t\t\t\t\t\t\t\t\t\t<label for=\"form-field-message\" class=\"elementor-field-label\">\n\t\t\t\t\t\t\t\tMensaje\t\t\t\t\t\t\t<\/label>\n\t\t\t\t\t\t<textarea class=\"elementor-field-textual elementor-field  elementor-size-md\" name=\"form_fields[message]\" id=\"form-field-message\" rows=\"4\"><\/textarea>\t\t\t\t<\/div>\n\t\t\t\t\t\t\t\t<div class=\"elementor-field-type-acceptance elementor-field-group elementor-column elementor-field-group-field_592cf99 elementor-col-100 elementor-field-required elementor-mark-required\">\n\t\t\t\t\t\t\t\t\t\t\t\t<label for=\"form-field-field_592cf99\" class=\"elementor-field-label\">\n\t\t\t\t\t\t\t\tPrivacy Policy\t\t\t\t\t\t\t<\/label>\n\t\t\t\t\t\t\t\t<div class=\"elementor-field-subgroup\">\n\t\t\t<span class=\"elementor-field-option\">\n\t\t\t\t<input type=\"checkbox\" name=\"form_fields[field_592cf99]\" id=\"form-field-field_592cf99\" class=\"elementor-field elementor-size-md  elementor-acceptance-field\" required=\"required\">\n\t\t\t\t<label for=\"form-field-field_592cf99\">Declaro que he le\u00eddo y aceptado la <b><a href=\"https:\/\/digloc.com\/privacy-policy\/\" target=\"_blank\">Pol\u00edtica de Privacidad<\/a><\/b>, y que mis datos personales ser\u00e1n tratados de conformidad con la Ley Argelina n\u00ba 18-07 sobre protecci\u00f3n de datos personales.<\/label>\t\t\t<\/span>\n\t\t<\/div>\n\t\t\t\t\t\t<\/div>\n\t\t\t\t\t\t\t\t<div class=\"elementor-field-type-recaptcha_v3 elementor-field-group elementor-column elementor-field-group-field_89c647f elementor-col-100 recaptcha_v3-inline\">\n\t\t\t\t\t<div class=\"elementor-field\" id=\"form-field-field_89c647f\"><div class=\"elementor-g-recaptcha\" data-sitekey=\"6LcJExwsAAAAAAzf49t9w0g9QUttb2rWpzi3B-M8\" data-type=\"v3\" data-action=\"Form\" data-badge=\"inline\" data-size=\"invisible\"><\/div><\/div>\t\t\t\t<\/div>\n\t\t\t\t\t\t\t\t<div class=\"elementor-field-group elementor-column elementor-field-type-submit elementor-col-100 e-form__buttons\">\n\t\t\t\t\t<button class=\"elementor-button elementor-size-md\" type=\"submit\">\n\t\t\t\t\t\t<span class=\"elementor-button-content-wrapper\">\n\t\t\t\t\t\t\t\t\t\t\t\t\t\t\t\t\t\t\t\t\t\t<span class=\"elementor-button-text\">ENVIAR<\/span>\n\t\t\t\t\t\t\t\t\t\t\t\t\t<\/span>\n\t\t\t\t\t<\/button>\n\t\t\t\t<\/div>\n\t\t\t<\/div>\n\t\t<\/form>\n\t\t\t\t\t\t<\/div>\n\t\t\t\t<\/div>\n\t\t\t\t<\/div>\n\t\t\t\t\t<\/div>\n\t\t\t\t<\/div>\n\t\t\t\t<\/div>\n\t\t","protected":false},"excerpt":{"rendered":"<p>D-VIRT Virtualizaci\u00f3n de Servidores: Eficiencia y Reducci\u00f3n de Costos La virtualizaci\u00f3n de servidores es una t\u00e9cnica innovadora que permite ejecutar m\u00faltiples sistemas operativos aislados en m\u00e1quinas virtuales utilizando un \u00fanico servidor f\u00edsico. Esta soluci\u00f3n es ideal para empresas que buscan optimizar sus recursos de TI. Beneficios de la Virtualizaci\u00f3n de Servidores La creciente presi\u00f3n sobre [&hellip;]<\/p>\n","protected":false},"author":1,"featured_media":0,"parent":0,"menu_order":0,"comment_status":"closed","ping_status":"closed","template":"","meta":{"footnotes":""},"class_list":["post-1162","page","type-page","status-publish","hentry"],"yoast_head":"<!-- This site is optimized with the Yoast SEO plugin v26.4 - https:\/\/yoast.com\/wordpress\/plugins\/seo\/ -->\n<title>Virtualizaci\u00f3n de Servidores y Optimizaci\u00f3n IT \u2013 Digloc<\/title>\n<meta name=\"description\" content=\"Digloc D-VIRT permite ejecutar m\u00faltiples sistemas en un servidor, reduciendo costos y mejorando eficiencia y disponibilidad IT.\" \/>\n<meta name=\"robots\" content=\"index, follow, max-snippet:-1, max-image-preview:large, max-video-preview:-1\" \/>\n<link rel=\"canonical\" href=\"https:\/\/digloc.com\/es\/virtualizacion-de-servidores\/\" \/>\n<meta property=\"og:locale\" content=\"es_ES\" \/>\n<meta property=\"og:type\" content=\"article\" \/>\n<meta property=\"og:title\" content=\"Virtualizaci\u00f3n de Servidores y Optimizaci\u00f3n IT \u2013 Digloc\" \/>\n<meta property=\"og:description\" content=\"Digloc D-VIRT permite ejecutar m\u00faltiples sistemas en un servidor, reduciendo costos y mejorando eficiencia y disponibilidad IT.\" \/>\n<meta property=\"og:url\" content=\"https:\/\/digloc.com\/es\/virtualizacion-de-servidores\/\" \/>\n<meta property=\"og:site_name\" content=\"Digloc\" \/>\n<meta property=\"article:modified_time\" content=\"2025-11-29T17:06:06+00:00\" \/>\n<meta property=\"og:image\" content=\"https:\/\/digloc.com\/wp-content\/uploads\/2024\/10\/ima-virtualizzazione-server-02.webp\" \/>\n\t<meta property=\"og:image:width\" content=\"800\" \/>\n\t<meta property=\"og:image:height\" content=\"500\" \/>\n\t<meta property=\"og:image:type\" content=\"image\/webp\" \/>\n<meta name=\"twitter:card\" content=\"summary_large_image\" \/>\n<meta name=\"twitter:label1\" content=\"Tiempo de lectura\" \/>\n\t<meta name=\"twitter:data1\" content=\"1 minuto\" \/>\n<script type=\"application\/ld+json\" class=\"yoast-schema-graph\">{\"@context\":\"https:\/\/schema.org\",\"@graph\":[{\"@type\":\"WebPage\",\"@id\":\"https:\/\/digloc.com\/es\/virtualizacion-de-servidores\/\",\"url\":\"https:\/\/digloc.com\/es\/virtualizacion-de-servidores\/\",\"name\":\"Virtualizaci\u00f3n de Servidores y Optimizaci\u00f3n IT \u2013 Digloc\",\"isPartOf\":{\"@id\":\"https:\/\/digloc.com\/es\/#website\"},\"primaryImageOfPage\":{\"@id\":\"https:\/\/digloc.com\/es\/virtualizacion-de-servidores\/#primaryimage\"},\"image\":{\"@id\":\"https:\/\/digloc.com\/es\/virtualizacion-de-servidores\/#primaryimage\"},\"thumbnailUrl\":\"https:\/\/digloc.com\/wp-content\/uploads\/2024\/10\/ima-virtualizzazione-server-02.webp\",\"datePublished\":\"2024-10-01T18:00:50+00:00\",\"dateModified\":\"2025-11-29T17:06:06+00:00\",\"description\":\"Digloc D-VIRT permite ejecutar m\u00faltiples sistemas en un servidor, reduciendo costos y mejorando eficiencia y disponibilidad IT.\",\"breadcrumb\":{\"@id\":\"https:\/\/digloc.com\/es\/virtualizacion-de-servidores\/#breadcrumb\"},\"inLanguage\":\"es\",\"potentialAction\":[{\"@type\":\"ReadAction\",\"target\":[\"https:\/\/digloc.com\/es\/virtualizacion-de-servidores\/\"]}]},{\"@type\":\"ImageObject\",\"inLanguage\":\"es\",\"@id\":\"https:\/\/digloc.com\/es\/virtualizacion-de-servidores\/#primaryimage\",\"url\":\"https:\/\/digloc.com\/wp-content\/uploads\/2024\/10\/ima-virtualizzazione-server-02.webp\",\"contentUrl\":\"https:\/\/digloc.com\/wp-content\/uploads\/2024\/10\/ima-virtualizzazione-server-02.webp\"},{\"@type\":\"BreadcrumbList\",\"@id\":\"https:\/\/digloc.com\/es\/virtualizacion-de-servidores\/#breadcrumb\",\"itemListElement\":[{\"@type\":\"ListItem\",\"position\":1,\"name\":\"Home\",\"item\":\"https:\/\/digloc.com\/es\/\"},{\"@type\":\"ListItem\",\"position\":2,\"name\":\"Virtualizaci\u00f3n de Servidores: Optimice sus Recursos de TI\"}]},{\"@type\":\"WebSite\",\"@id\":\"https:\/\/digloc.com\/es\/#website\",\"url\":\"https:\/\/digloc.com\/es\/\",\"name\":\"Digloc SARL\",\"description\":\"\",\"potentialAction\":[{\"@type\":\"SearchAction\",\"target\":{\"@type\":\"EntryPoint\",\"urlTemplate\":\"https:\/\/digloc.com\/es\/?s={search_term_string}\"},\"query-input\":{\"@type\":\"PropertyValueSpecification\",\"valueRequired\":true,\"valueName\":\"search_term_string\"}}],\"inLanguage\":\"es\"}]}<\/script>\n<!-- \/ Yoast SEO plugin. -->","yoast_head_json":{"title":"Virtualizaci\u00f3n de Servidores y Optimizaci\u00f3n IT \u2013 Digloc","description":"Digloc D-VIRT permite ejecutar m\u00faltiples sistemas en un servidor, reduciendo costos y mejorando eficiencia y disponibilidad IT.","robots":{"index":"index","follow":"follow","max-snippet":"max-snippet:-1","max-image-preview":"max-image-preview:large","max-video-preview":"max-video-preview:-1"},"canonical":"https:\/\/digloc.com\/es\/virtualizacion-de-servidores\/","og_locale":"es_ES","og_type":"article","og_title":"Virtualizaci\u00f3n de Servidores y Optimizaci\u00f3n IT \u2013 Digloc","og_description":"Digloc D-VIRT permite ejecutar m\u00faltiples sistemas en un servidor, reduciendo costos y mejorando eficiencia y disponibilidad IT.","og_url":"https:\/\/digloc.com\/es\/virtualizacion-de-servidores\/","og_site_name":"Digloc","article_modified_time":"2025-11-29T17:06:06+00:00","og_image":[{"width":800,"height":500,"url":"https:\/\/digloc.com\/wp-content\/uploads\/2024\/10\/ima-virtualizzazione-server-02.webp","type":"image\/webp"}],"twitter_card":"summary_large_image","twitter_misc":{"Tiempo de lectura":"1 minuto"},"schema":{"@context":"https:\/\/schema.org","@graph":[{"@type":"WebPage","@id":"https:\/\/digloc.com\/es\/virtualizacion-de-servidores\/","url":"https:\/\/digloc.com\/es\/virtualizacion-de-servidores\/","name":"Virtualizaci\u00f3n de Servidores y Optimizaci\u00f3n IT \u2013 Digloc","isPartOf":{"@id":"https:\/\/digloc.com\/es\/#website"},"primaryImageOfPage":{"@id":"https:\/\/digloc.com\/es\/virtualizacion-de-servidores\/#primaryimage"},"image":{"@id":"https:\/\/digloc.com\/es\/virtualizacion-de-servidores\/#primaryimage"},"thumbnailUrl":"https:\/\/digloc.com\/wp-content\/uploads\/2024\/10\/ima-virtualizzazione-server-02.webp","datePublished":"2024-10-01T18:00:50+00:00","dateModified":"2025-11-29T17:06:06+00:00","description":"Digloc D-VIRT permite ejecutar m\u00faltiples sistemas en un servidor, reduciendo costos y mejorando eficiencia y disponibilidad IT.","breadcrumb":{"@id":"https:\/\/digloc.com\/es\/virtualizacion-de-servidores\/#breadcrumb"},"inLanguage":"es","potentialAction":[{"@type":"ReadAction","target":["https:\/\/digloc.com\/es\/virtualizacion-de-servidores\/"]}]},{"@type":"ImageObject","inLanguage":"es","@id":"https:\/\/digloc.com\/es\/virtualizacion-de-servidores\/#primaryimage","url":"https:\/\/digloc.com\/wp-content\/uploads\/2024\/10\/ima-virtualizzazione-server-02.webp","contentUrl":"https:\/\/digloc.com\/wp-content\/uploads\/2024\/10\/ima-virtualizzazione-server-02.webp"},{"@type":"BreadcrumbList","@id":"https:\/\/digloc.com\/es\/virtualizacion-de-servidores\/#breadcrumb","itemListElement":[{"@type":"ListItem","position":1,"name":"Home","item":"https:\/\/digloc.com\/es\/"},{"@type":"ListItem","position":2,"name":"Virtualizaci\u00f3n de Servidores: Optimice sus Recursos de TI"}]},{"@type":"WebSite","@id":"https:\/\/digloc.com\/es\/#website","url":"https:\/\/digloc.com\/es\/","name":"Digloc SARL","description":"","potentialAction":[{"@type":"SearchAction","target":{"@type":"EntryPoint","urlTemplate":"https:\/\/digloc.com\/es\/?s={search_term_string}"},"query-input":{"@type":"PropertyValueSpecification","valueRequired":true,"valueName":"search_term_string"}}],"inLanguage":"es"}]}},"_links":{"self":[{"href":"https:\/\/digloc.com\/es\/wp-json\/wp\/v2\/pages\/1162","targetHints":{"allow":["GET"]}}],"collection":[{"href":"https:\/\/digloc.com\/es\/wp-json\/wp\/v2\/pages"}],"about":[{"href":"https:\/\/digloc.com\/es\/wp-json\/wp\/v2\/types\/page"}],"author":[{"embeddable":true,"href":"https:\/\/digloc.com\/es\/wp-json\/wp\/v2\/users\/1"}],"replies":[{"embeddable":true,"href":"https:\/\/digloc.com\/es\/wp-json\/wp\/v2\/comments?post=1162"}],"version-history":[{"count":12,"href":"https:\/\/digloc.com\/es\/wp-json\/wp\/v2\/pages\/1162\/revisions"}],"predecessor-version":[{"id":2363,"href":"https:\/\/digloc.com\/es\/wp-json\/wp\/v2\/pages\/1162\/revisions\/2363"}],"wp:attachment":[{"href":"https:\/\/digloc.com\/es\/wp-json\/wp\/v2\/media?parent=1162"}],"curies":[{"name":"wp","href":"https:\/\/api.w.org\/{rel}","templated":true}]}}