{"id":1142,"date":"2024-10-01T17:24:41","date_gmt":"2024-10-01T17:24:41","guid":{"rendered":"https:\/\/digloc.com\/digloctest\/gestione-mail-documenti\/"},"modified":"2025-11-29T17:06:01","modified_gmt":"2025-11-29T17:06:01","slug":"gestion-correos-documentos","status":"publish","type":"page","link":"https:\/\/digloc.com\/es\/gestion-correos-documentos\/","title":{"rendered":"Soluciones de Correo, Calendario y Gesti\u00f3n de Documentos"},"content":{"rendered":"\t\t<div data-elementor-type=\"wp-page\" data-elementor-id=\"1142\" class=\"elementor elementor-1142 elementor-463\" data-elementor-post-type=\"page\">\n\t\t\t\t<div class=\"elementor-element elementor-element-6eccd27 e-flex e-con-boxed e-con e-parent\" data-id=\"6eccd27\" data-element_type=\"container\" data-settings=\"{&quot;background_background&quot;:&quot;classic&quot;}\">\n\t\t\t\t\t<div class=\"e-con-inner\">\n\t\t<div class=\"elementor-element elementor-element-f56d803 e-con-full e-flex e-con e-child\" data-id=\"f56d803\" data-element_type=\"container\">\n\t\t\t\t<div class=\"elementor-element elementor-element-c60790b elementor-widget elementor-widget-breadcrumbs\" data-id=\"c60790b\" data-element_type=\"widget\" data-widget_type=\"breadcrumbs.default\">\n\t\t\t\t\t<p id=\"breadcrumbs\"><span><span><a href=\"https:\/\/digloc.com\/es\/\">Home<\/a><\/span><\/span><\/p>\t\t\t\t<\/div>\n\t\t\t\t<\/div>\n\t\t\t\t\t<\/div>\n\t\t\t\t<\/div>\n\t\t<div class=\"elementor-element elementor-element-b1318fd e-flex e-con-boxed e-con e-parent\" data-id=\"b1318fd\" data-element_type=\"container\">\n\t\t\t\t\t<div class=\"e-con-inner\">\n\t\t<div class=\"elementor-element elementor-element-0beeb33 e-con-full e-flex e-con e-child\" data-id=\"0beeb33\" data-element_type=\"container\">\n\t\t\t\t<div class=\"elementor-element elementor-element-f23d829 elementor-widget elementor-widget-heading\" data-id=\"f23d829\" data-element_type=\"widget\" data-widget_type=\"heading.default\">\n\t\t\t\t\t<h2 class=\"elementor-heading-title elementor-size-default\">DZ-MAIL<\/h2>\t\t\t\t<\/div>\n\t\t\t\t<div class=\"elementor-element elementor-element-a005d4b elementor-widget elementor-widget-heading\" data-id=\"a005d4b\" data-element_type=\"widget\" data-widget_type=\"heading.default\">\n\t\t\t\t\t<h3 class=\"elementor-heading-title elementor-size-default\">Funciones Avanzadas de Administraci\u00f3n y Uso Compartido<\/h3>\t\t\t\t<\/div>\n\t\t\t\t<div class=\"elementor-element elementor-element-3464bac elementor-widget elementor-widget-text-editor\" data-id=\"3464bac\" data-element_type=\"widget\" data-widget_type=\"text-editor.default\">\n\t\t\t\t\t\t\t\t\tOfrecemos varias soluciones para mejorar la organizaci\u00f3n de sus comunicaciones y actividades:\t\t\t\t\t\t\t\t<\/div>\n\t\t\t\t<\/div>\n\t\t<div class=\"elementor-element elementor-element-41b4bfa e-con-full e-flex e-con e-child\" data-id=\"41b4bfa\" data-element_type=\"container\">\n\t\t\t\t<div class=\"elementor-element elementor-element-b53c918 elementor-widget elementor-widget-image\" data-id=\"b53c918\" data-element_type=\"widget\" data-widget_type=\"image.default\">\n\t\t\t\t\t\t\t\t\t\t\t\t\t\t\t<img fetchpriority=\"high\" decoding=\"async\" width=\"800\" height=\"500\" src=\"https:\/\/digloc.com\/wp-content\/uploads\/2024\/10\/ima-server-mail-01.webp\" class=\"attachment-full size-full wp-image-779\" alt=\"\" srcset=\"https:\/\/digloc.com\/wp-content\/uploads\/2024\/10\/ima-server-mail-01.webp 800w, https:\/\/digloc.com\/wp-content\/uploads\/2024\/10\/ima-server-mail-01-768x480.webp 768w\" sizes=\"(max-width: 800px) 100vw, 800px\" \/>\t\t\t\t\t\t\t\t\t\t\t\t\t\t\t<\/div>\n\t\t\t\t<\/div>\n\t\t\t\t\t<\/div>\n\t\t\t\t<\/div>\n\t\t<div class=\"elementor-element elementor-element-ca650fb e-flex e-con-boxed e-con e-parent\" data-id=\"ca650fb\" data-element_type=\"container\">\n\t\t\t\t\t<div class=\"e-con-inner\">\n\t\t<div class=\"elementor-element elementor-element-543861f e-con-full e-flex e-con e-child\" data-id=\"543861f\" data-element_type=\"container\">\n\t\t<div class=\"elementor-element elementor-element-ea4ce59 e-con-full e-flex e-con e-child\" data-id=\"ea4ce59\" data-element_type=\"container\" data-settings=\"{&quot;background_background&quot;:&quot;classic&quot;}\">\n\t\t<div class=\"elementor-element elementor-element-4905eb0 e-con-full e-flex e-con e-child\" data-id=\"4905eb0\" data-element_type=\"container\">\n\t\t\t\t<div class=\"elementor-element elementor-element-9992320 elementor-widget elementor-widget-heading\" data-id=\"9992320\" data-element_type=\"widget\" data-widget_type=\"heading.default\">\n\t\t\t\t\t<h3 class=\"elementor-heading-title elementor-size-default\">Mail<\/h3>\t\t\t\t<\/div>\n\t\t\t\t<div class=\"elementor-element elementor-element-5e2be37 elementor-widget elementor-widget-text-editor\" data-id=\"5e2be37\" data-element_type=\"widget\" data-widget_type=\"text-editor.default\">\n\t\t\t\t\t\t\t\t\t<ul>\n<li><strong>Ordene autom\u00e1ticamente<\/strong> los correos electr\u00f3nicos empresariales y las notificaciones de redes sociales en carpetas independientes, en las carpetas \u00abEmpresa\u00bb y \u00abRedes Sociales\u00bb, respectivamente.<\/li>\n<li>Posibilidad de <strong>compartir una carpeta de correo electr\u00f3nico<\/strong>, crear buzones generales o grupos de usuarios con una direcci\u00f3n de grupo.<\/li>\n<\/ul>\t\t\t\t\t\t\t\t<\/div>\n\t\t\t\t<\/div>\n\t\t<div class=\"elementor-element elementor-element-0926b5b e-con-full e-flex e-con e-child\" data-id=\"0926b5b\" data-element_type=\"container\">\n\t\t\t\t<div class=\"elementor-element elementor-element-34bd0a8 elementor-widget elementor-widget-heading\" data-id=\"34bd0a8\" data-element_type=\"widget\" data-widget_type=\"heading.default\">\n\t\t\t\t\t<h3 class=\"elementor-heading-title elementor-size-default\">Libreta de Direcciones<\/h3>\t\t\t\t<\/div>\n\t\t\t\t<div class=\"elementor-element elementor-element-70fab29 elementor-widget elementor-widget-text-editor\" data-id=\"70fab29\" data-element_type=\"widget\" data-widget_type=\"text-editor.default\">\n\t\t\t\t\t\t\t\t\t<ul><li>Cree y administre m\u00faltiples <strong>libretas de direcciones<\/strong>.<\/li><li><strong>Comparta libretas de direcciones personales<\/strong> con otros usuarios.<\/li><li>Importe datos de libretas de direcciones existentes mediante archivos CSV.<\/li><\/ul>\t\t\t\t\t\t\t\t<\/div>\n\t\t\t\t<\/div>\n\t\t\t\t<\/div>\n\t\t<div class=\"elementor-element elementor-element-adf68b5 e-con-full e-flex e-con e-child\" data-id=\"adf68b5\" data-element_type=\"container\" data-settings=\"{&quot;background_background&quot;:&quot;classic&quot;}\">\n\t\t<div class=\"elementor-element elementor-element-a85528e e-con-full e-flex e-con e-child\" data-id=\"a85528e\" data-element_type=\"container\">\n\t\t\t\t<div class=\"elementor-element elementor-element-1b89a23 elementor-widget elementor-widget-heading\" data-id=\"1b89a23\" data-element_type=\"widget\" data-widget_type=\"heading.default\">\n\t\t\t\t\t<h3 class=\"elementor-heading-title elementor-size-default\">Calendario<\/h3>\t\t\t\t<\/div>\n\t\t\t\t<div class=\"elementor-element elementor-element-c350fee elementor-widget elementor-widget-text-editor\" data-id=\"c350fee\" data-element_type=\"widget\" data-widget_type=\"text-editor.default\">\n\t\t\t\t\t\t\t\t\t<ul><li>Cree eventos f\u00e1cilmente.<\/li><li>Consulte la <b>disponibilidad de los usuarios<\/b>.<\/li><li>Comparta calendarios entre Usuarios.<\/li><li>Reserva recursos como salas o materiales.<\/li><\/ul>\t\t\t\t\t\t\t\t<\/div>\n\t\t\t\t<\/div>\n\t\t<div class=\"elementor-element elementor-element-0491a1b e-con-full e-flex e-con e-child\" data-id=\"0491a1b\" data-element_type=\"container\">\n\t\t\t\t<div class=\"elementor-element elementor-element-f34ada6 elementor-widget elementor-widget-heading\" data-id=\"f34ada6\" data-element_type=\"widget\" data-widget_type=\"heading.default\">\n\t\t\t\t\t<h3 class=\"elementor-heading-title elementor-size-default\">Trabajos\/Tareas<\/h3>\t\t\t\t<\/div>\n\t\t\t\t<div class=\"elementor-element elementor-element-bff1ac9 elementor-widget elementor-widget-text-editor\" data-id=\"bff1ac9\" data-element_type=\"widget\" data-widget_type=\"text-editor.default\">\n\t\t\t\t\t\t\t\t\t<ul><li>Crea y administra listas de tareas.<\/li><li><strong>Comparte tus tareas<\/strong> con otros usuarios.<\/li><\/ul>\t\t\t\t\t\t\t\t<\/div>\n\t\t\t\t<\/div>\n\t\t<div class=\"elementor-element elementor-element-6fde64a e-con-full e-flex e-con e-child\" data-id=\"6fde64a\" data-element_type=\"container\">\n\t\t\t\t<div class=\"elementor-element elementor-element-c4fd605 elementor-widget elementor-widget-heading\" data-id=\"c4fd605\" data-element_type=\"widget\" data-widget_type=\"heading.default\">\n\t\t\t\t\t<h3 class=\"elementor-heading-title elementor-size-default\">Repositorio de documentos<\/h3>\t\t\t\t<\/div>\n\t\t\t\t<div class=\"elementor-element elementor-element-a3fdcc1 elementor-widget elementor-widget-text-editor\" data-id=\"a3fdcc1\" data-element_type=\"widget\" data-widget_type=\"text-editor.default\">\n\t\t\t\t\t\t\t\t\t<ul><li>Sube archivos en l\u00ednea para acceder a ellos desde cualquier lugar.<\/li><li>Crea documentos y usa el control de <strong>versiones<\/strong> para realizar un seguimiento.<\/li><li>Comparte espacios con otros usuarios.<\/li><\/ul>\t\t\t\t\t\t\t\t<\/div>\n\t\t\t\t<\/div>\n\t\t<div class=\"elementor-element elementor-element-6b0e553 e-con-full e-flex e-con e-child\" data-id=\"6b0e553\" data-element_type=\"container\">\n\t\t\t\t<div class=\"elementor-element elementor-element-9230635 elementor-widget elementor-widget-heading\" data-id=\"9230635\" data-element_type=\"widget\" data-widget_type=\"heading.default\">\n\t\t\t\t\t<h3 class=\"elementor-heading-title elementor-size-default\">Preferencias<\/h3>\t\t\t\t<\/div>\n\t\t\t\t<div class=\"elementor-element elementor-element-3aa63b8 elementor-widget elementor-widget-text-editor\" data-id=\"3aa63b8\" data-element_type=\"widget\" data-widget_type=\"text-editor.default\">\n\t\t\t\t\t\t\t\t\t<ul>\n<li>Personaliza los formularios de <b>Zimbra <\/b>seg\u00fan tus necesidades.<\/li>\n<\/ul>\t\t\t\t\t\t\t\t<\/div>\n\t\t\t\t<\/div>\n\t\t\t\t<\/div>\n\t\t\t\t<\/div>\n\t\t\t\t\t<\/div>\n\t\t\t\t<\/div>\n\t\t<div class=\"elementor-element elementor-element-e6e3be3 e-flex e-con-boxed e-con e-parent\" data-id=\"e6e3be3\" data-element_type=\"container\" data-settings=\"{&quot;background_background&quot;:&quot;classic&quot;}\">\n\t\t\t\t\t<div class=\"e-con-inner\">\n\t\t<div class=\"elementor-element elementor-element-70c2b5d e-con-full e-flex e-con e-child\" data-id=\"70c2b5d\" data-element_type=\"container\">\n\t\t\t\t<div class=\"elementor-element elementor-element-81a6c62 elementor-widget elementor-widget-heading\" data-id=\"81a6c62\" data-element_type=\"widget\" data-widget_type=\"heading.default\">\n\t\t\t\t\t<h2 class=\"elementor-heading-title elementor-size-default\">Hablemos de tu proyecto<\/h2>\t\t\t\t<\/div>\n\t\t\t\t<div class=\"elementor-element elementor-element-51838d4 elementor-widget__width-initial elementor-widget elementor-widget-heading\" data-id=\"51838d4\" data-element_type=\"widget\" data-widget_type=\"heading.default\">\n\t\t\t\t\t<h3 class=\"elementor-heading-title elementor-size-default\">Escr\u00edbanos, nuestros jefes de proyecto responder\u00e1n r\u00e1pidamente con las respuestas a sus preguntas.<\/h3>\t\t\t\t<\/div>\n\t\t\t\t<div class=\"elementor-element elementor-element-c5b7c82 elementor-widget elementor-widget-spacer\" data-id=\"c5b7c82\" data-element_type=\"widget\" data-widget_type=\"spacer.default\">\n\t\t\t\t\t\t\t<div class=\"elementor-spacer\">\n\t\t\t<div class=\"elementor-spacer-inner\"><\/div>\n\t\t<\/div>\n\t\t\t\t\t\t<\/div>\n\t\t<div class=\"elementor-element elementor-element-3014cb4 e-con-full e-flex e-con e-child\" data-id=\"3014cb4\" data-element_type=\"container\" data-settings=\"{&quot;background_background&quot;:&quot;classic&quot;}\">\n\t\t\t\t<div class=\"elementor-element elementor-element-33bf6fe elementor-button-align-stretch elementor-widget elementor-widget-form\" data-id=\"33bf6fe\" data-element_type=\"widget\" data-settings=\"{&quot;step_next_label&quot;:&quot;Successivo&quot;,&quot;step_previous_label&quot;:&quot;Precedente&quot;,&quot;button_width&quot;:&quot;100&quot;,&quot;step_type&quot;:&quot;number_text&quot;,&quot;step_icon_shape&quot;:&quot;circle&quot;}\" data-widget_type=\"form.default\">\n\t\t\t\t\t\t\t<form class=\"elementor-form\" method=\"post\" name=\"Modulo contattaci\" aria-label=\"Modulo contattaci\">\n\t\t\t<input type=\"hidden\" name=\"post_id\" value=\"1142\"\/>\n\t\t\t<input type=\"hidden\" name=\"form_id\" value=\"33bf6fe\"\/>\n\t\t\t<input type=\"hidden\" name=\"referer_title\" value=\"Digloc\" \/>\n\n\t\t\t\n\t\t\t<div class=\"elementor-form-fields-wrapper elementor-labels-above\">\n\t\t\t\t\t\t\t\t<div class=\"elementor-field-type-text elementor-field-group elementor-column elementor-field-group-name elementor-col-50 elementor-field-required elementor-mark-required\">\n\t\t\t\t\t\t\t\t\t\t\t\t<label for=\"form-field-name\" class=\"elementor-field-label\">\n\t\t\t\t\t\t\t\tNombre de empresa\t\t\t\t\t\t\t<\/label>\n\t\t\t\t\t\t\t\t\t\t\t\t\t\t<input size=\"1\" type=\"text\" name=\"form_fields[name]\" id=\"form-field-name\" class=\"elementor-field elementor-size-md  elementor-field-textual\" required=\"required\">\n\t\t\t\t\t\t\t\t\t\t\t<\/div>\n\t\t\t\t\t\t\t\t<div class=\"elementor-field-type-text elementor-field-group elementor-column elementor-field-group-field_6b6d918 elementor-col-50 elementor-field-required elementor-mark-required\">\n\t\t\t\t\t\t\t\t\t\t\t\t<label for=\"form-field-field_6b6d918\" class=\"elementor-field-label\">\n\t\t\t\t\t\t\t\tNombre y Apellidos\t\t\t\t\t\t\t<\/label>\n\t\t\t\t\t\t\t\t\t\t\t\t\t\t<input size=\"1\" type=\"text\" name=\"form_fields[field_6b6d918]\" id=\"form-field-field_6b6d918\" class=\"elementor-field elementor-size-md  elementor-field-textual\" required=\"required\">\n\t\t\t\t\t\t\t\t\t\t\t<\/div>\n\t\t\t\t\t\t\t\t<div class=\"elementor-field-type-text elementor-field-group elementor-column elementor-field-group-field_dfca383 elementor-col-50\">\n\t\t\t\t\t\t\t\t\t\t\t\t<label for=\"form-field-field_dfca383\" class=\"elementor-field-label\">\n\t\t\t\t\t\t\t\tCiudad\t\t\t\t\t\t\t<\/label>\n\t\t\t\t\t\t\t\t\t\t\t\t\t\t<input size=\"1\" type=\"text\" name=\"form_fields[field_dfca383]\" id=\"form-field-field_dfca383\" class=\"elementor-field elementor-size-md  elementor-field-textual\">\n\t\t\t\t\t\t\t\t\t\t\t<\/div>\n\t\t\t\t\t\t\t\t<div class=\"elementor-field-type-tel elementor-field-group elementor-column elementor-field-group-field_f36fce8 elementor-col-50 elementor-field-required elementor-mark-required\">\n\t\t\t\t\t\t\t\t\t\t\t\t<label for=\"form-field-field_f36fce8\" class=\"elementor-field-label\">\n\t\t\t\t\t\t\t\tTel\u00e9fono\t\t\t\t\t\t\t<\/label>\n\t\t\t\t\t\t\t\t<input size=\"1\" type=\"tel\" name=\"form_fields[field_f36fce8]\" id=\"form-field-field_f36fce8\" class=\"elementor-field elementor-size-md  elementor-field-textual\" required=\"required\" pattern=\"[0-9()#&amp;+*-=.]+\" title=\"Solo se aceptan n\u00fameros y caracteres de tel\u00e9fono (#,-,*,etc).\">\n\n\t\t\t\t\t\t<\/div>\n\t\t\t\t\t\t\t\t<div class=\"elementor-field-type-email elementor-field-group elementor-column elementor-field-group-email elementor-col-100 elementor-field-required elementor-mark-required\">\n\t\t\t\t\t\t\t\t\t\t\t\t<label for=\"form-field-email\" class=\"elementor-field-label\">\n\t\t\t\t\t\t\t\tEmail\t\t\t\t\t\t\t<\/label>\n\t\t\t\t\t\t\t\t\t\t\t\t\t\t<input size=\"1\" type=\"email\" name=\"form_fields[email]\" id=\"form-field-email\" class=\"elementor-field elementor-size-md  elementor-field-textual\" required=\"required\">\n\t\t\t\t\t\t\t\t\t\t\t<\/div>\n\t\t\t\t\t\t\t\t<div class=\"elementor-field-type-textarea elementor-field-group elementor-column elementor-field-group-message elementor-col-100\">\n\t\t\t\t\t\t\t\t\t\t\t\t<label for=\"form-field-message\" class=\"elementor-field-label\">\n\t\t\t\t\t\t\t\tMensaje\t\t\t\t\t\t\t<\/label>\n\t\t\t\t\t\t<textarea class=\"elementor-field-textual elementor-field  elementor-size-md\" name=\"form_fields[message]\" id=\"form-field-message\" rows=\"4\"><\/textarea>\t\t\t\t<\/div>\n\t\t\t\t\t\t\t\t<div class=\"elementor-field-type-acceptance elementor-field-group elementor-column elementor-field-group-field_592cf99 elementor-col-100 elementor-field-required elementor-mark-required\">\n\t\t\t\t\t\t\t\t\t\t\t\t<label for=\"form-field-field_592cf99\" class=\"elementor-field-label\">\n\t\t\t\t\t\t\t\tPrivacy Policy\t\t\t\t\t\t\t<\/label>\n\t\t\t\t\t\t\t\t<div class=\"elementor-field-subgroup\">\n\t\t\t<span class=\"elementor-field-option\">\n\t\t\t\t<input type=\"checkbox\" name=\"form_fields[field_592cf99]\" id=\"form-field-field_592cf99\" class=\"elementor-field elementor-size-md  elementor-acceptance-field\" required=\"required\">\n\t\t\t\t<label for=\"form-field-field_592cf99\">Declaro que he le\u00eddo y aceptado la <b><a href=\"https:\/\/digloc.com\/privacy-policy\/\" target=\"_blank\">Pol\u00edtica de Privacidad<\/a><\/b>, y que mis datos personales ser\u00e1n tratados de conformidad con la Ley Argelina n\u00ba 18-07 sobre protecci\u00f3n de datos personales.<\/label>\t\t\t<\/span>\n\t\t<\/div>\n\t\t\t\t\t\t<\/div>\n\t\t\t\t\t\t\t\t<div class=\"elementor-field-type-recaptcha_v3 elementor-field-group elementor-column elementor-field-group-field_89c647f elementor-col-100 recaptcha_v3-inline\">\n\t\t\t\t\t<div class=\"elementor-field\" id=\"form-field-field_89c647f\"><div class=\"elementor-g-recaptcha\" data-sitekey=\"6LcJExwsAAAAAAzf49t9w0g9QUttb2rWpzi3B-M8\" data-type=\"v3\" data-action=\"Form\" data-badge=\"inline\" data-size=\"invisible\"><\/div><\/div>\t\t\t\t<\/div>\n\t\t\t\t\t\t\t\t<div class=\"elementor-field-group elementor-column elementor-field-type-submit elementor-col-100 e-form__buttons\">\n\t\t\t\t\t<button class=\"elementor-button elementor-size-md\" type=\"submit\">\n\t\t\t\t\t\t<span class=\"elementor-button-content-wrapper\">\n\t\t\t\t\t\t\t\t\t\t\t\t\t\t\t\t\t\t\t\t\t\t<span class=\"elementor-button-text\">ENVIAR<\/span>\n\t\t\t\t\t\t\t\t\t\t\t\t\t<\/span>\n\t\t\t\t\t<\/button>\n\t\t\t\t<\/div>\n\t\t\t<\/div>\n\t\t<\/form>\n\t\t\t\t\t\t<\/div>\n\t\t\t\t<\/div>\n\t\t\t\t<\/div>\n\t\t\t\t\t<\/div>\n\t\t\t\t<\/div>\n\t\t\t\t<\/div>\n\t\t","protected":false},"excerpt":{"rendered":"<p>DZ-MAIL Funciones Avanzadas de Administraci\u00f3n y Uso Compartido Ofrecemos varias soluciones para mejorar la organizaci\u00f3n de sus comunicaciones y actividades: Mail Ordene autom\u00e1ticamente los correos electr\u00f3nicos empresariales y las notificaciones de redes sociales en carpetas independientes, en las carpetas \u00abEmpresa\u00bb y \u00abRedes Sociales\u00bb, respectivamente. Posibilidad de compartir una carpeta de correo electr\u00f3nico, crear buzones generales [&hellip;]<\/p>\n","protected":false},"author":1,"featured_media":0,"parent":0,"menu_order":0,"comment_status":"closed","ping_status":"closed","template":"","meta":{"footnotes":""},"class_list":["post-1142","page","type-page","status-publish","hentry"],"yoast_head":"<!-- This site is optimized with the Yoast SEO plugin v26.4 - https:\/\/yoast.com\/wordpress\/plugins\/seo\/ -->\n<title>Servidor de Correo y Gesti\u00f3n de Documentos \u2013 Digloc<\/title>\n<meta name=\"description\" content=\"Digloc DZ-MAIL organiza correos, calendarios y documentos de forma segura desde PC y m\u00f3vil, simplificando la gesti\u00f3n empresarial.\" \/>\n<meta name=\"robots\" content=\"index, follow, max-snippet:-1, max-image-preview:large, max-video-preview:-1\" \/>\n<link rel=\"canonical\" href=\"https:\/\/digloc.com\/es\/gestion-correos-documentos\/\" \/>\n<meta property=\"og:locale\" content=\"es_ES\" \/>\n<meta property=\"og:type\" content=\"article\" \/>\n<meta property=\"og:title\" content=\"Servidor de Correo y Gesti\u00f3n de Documentos \u2013 Digloc\" \/>\n<meta property=\"og:description\" content=\"Digloc DZ-MAIL organiza correos, calendarios y documentos de forma segura desde PC y m\u00f3vil, simplificando la gesti\u00f3n empresarial.\" \/>\n<meta property=\"og:url\" content=\"https:\/\/digloc.com\/es\/gestion-correos-documentos\/\" \/>\n<meta property=\"og:site_name\" content=\"Digloc\" \/>\n<meta property=\"article:modified_time\" content=\"2025-11-29T17:06:01+00:00\" \/>\n<meta property=\"og:image\" content=\"https:\/\/digloc.com\/wp-content\/uploads\/2024\/10\/ima-server-mail-01.webp\" \/>\n\t<meta property=\"og:image:width\" content=\"800\" \/>\n\t<meta property=\"og:image:height\" content=\"500\" \/>\n\t<meta property=\"og:image:type\" content=\"image\/webp\" \/>\n<meta name=\"twitter:card\" content=\"summary_large_image\" \/>\n<meta name=\"twitter:label1\" content=\"Tiempo de lectura\" \/>\n\t<meta name=\"twitter:data1\" content=\"2 minutos\" \/>\n<script type=\"application\/ld+json\" class=\"yoast-schema-graph\">{\"@context\":\"https:\/\/schema.org\",\"@graph\":[{\"@type\":\"WebPage\",\"@id\":\"https:\/\/digloc.com\/es\/gestion-correos-documentos\/\",\"url\":\"https:\/\/digloc.com\/es\/gestion-correos-documentos\/\",\"name\":\"Servidor de Correo y Gesti\u00f3n de Documentos \u2013 Digloc\",\"isPartOf\":{\"@id\":\"https:\/\/digloc.com\/es\/#website\"},\"primaryImageOfPage\":{\"@id\":\"https:\/\/digloc.com\/es\/gestion-correos-documentos\/#primaryimage\"},\"image\":{\"@id\":\"https:\/\/digloc.com\/es\/gestion-correos-documentos\/#primaryimage\"},\"thumbnailUrl\":\"https:\/\/digloc.com\/wp-content\/uploads\/2024\/10\/ima-server-mail-01.webp\",\"datePublished\":\"2024-10-01T17:24:41+00:00\",\"dateModified\":\"2025-11-29T17:06:01+00:00\",\"description\":\"Digloc DZ-MAIL organiza correos, calendarios y documentos de forma segura desde PC y m\u00f3vil, simplificando la gesti\u00f3n empresarial.\",\"breadcrumb\":{\"@id\":\"https:\/\/digloc.com\/es\/gestion-correos-documentos\/#breadcrumb\"},\"inLanguage\":\"es\",\"potentialAction\":[{\"@type\":\"ReadAction\",\"target\":[\"https:\/\/digloc.com\/es\/gestion-correos-documentos\/\"]}]},{\"@type\":\"ImageObject\",\"inLanguage\":\"es\",\"@id\":\"https:\/\/digloc.com\/es\/gestion-correos-documentos\/#primaryimage\",\"url\":\"https:\/\/digloc.com\/wp-content\/uploads\/2024\/10\/ima-server-mail-01.webp\",\"contentUrl\":\"https:\/\/digloc.com\/wp-content\/uploads\/2024\/10\/ima-server-mail-01.webp\"},{\"@type\":\"BreadcrumbList\",\"@id\":\"https:\/\/digloc.com\/es\/gestion-correos-documentos\/#breadcrumb\",\"itemListElement\":[{\"@type\":\"ListItem\",\"position\":1,\"name\":\"Home\",\"item\":\"https:\/\/digloc.com\/es\/\"},{\"@type\":\"ListItem\",\"position\":2,\"name\":\"Soluciones de Correo, Calendario y Gesti\u00f3n de Documentos\"}]},{\"@type\":\"WebSite\",\"@id\":\"https:\/\/digloc.com\/es\/#website\",\"url\":\"https:\/\/digloc.com\/es\/\",\"name\":\"Digloc SARL\",\"description\":\"\",\"potentialAction\":[{\"@type\":\"SearchAction\",\"target\":{\"@type\":\"EntryPoint\",\"urlTemplate\":\"https:\/\/digloc.com\/es\/?s={search_term_string}\"},\"query-input\":{\"@type\":\"PropertyValueSpecification\",\"valueRequired\":true,\"valueName\":\"search_term_string\"}}],\"inLanguage\":\"es\"}]}<\/script>\n<!-- \/ Yoast SEO plugin. -->","yoast_head_json":{"title":"Servidor de Correo y Gesti\u00f3n de Documentos \u2013 Digloc","description":"Digloc DZ-MAIL organiza correos, calendarios y documentos de forma segura desde PC y m\u00f3vil, simplificando la gesti\u00f3n empresarial.","robots":{"index":"index","follow":"follow","max-snippet":"max-snippet:-1","max-image-preview":"max-image-preview:large","max-video-preview":"max-video-preview:-1"},"canonical":"https:\/\/digloc.com\/es\/gestion-correos-documentos\/","og_locale":"es_ES","og_type":"article","og_title":"Servidor de Correo y Gesti\u00f3n de Documentos \u2013 Digloc","og_description":"Digloc DZ-MAIL organiza correos, calendarios y documentos de forma segura desde PC y m\u00f3vil, simplificando la gesti\u00f3n empresarial.","og_url":"https:\/\/digloc.com\/es\/gestion-correos-documentos\/","og_site_name":"Digloc","article_modified_time":"2025-11-29T17:06:01+00:00","og_image":[{"width":800,"height":500,"url":"https:\/\/digloc.com\/wp-content\/uploads\/2024\/10\/ima-server-mail-01.webp","type":"image\/webp"}],"twitter_card":"summary_large_image","twitter_misc":{"Tiempo de lectura":"2 minutos"},"schema":{"@context":"https:\/\/schema.org","@graph":[{"@type":"WebPage","@id":"https:\/\/digloc.com\/es\/gestion-correos-documentos\/","url":"https:\/\/digloc.com\/es\/gestion-correos-documentos\/","name":"Servidor de Correo y Gesti\u00f3n de Documentos \u2013 Digloc","isPartOf":{"@id":"https:\/\/digloc.com\/es\/#website"},"primaryImageOfPage":{"@id":"https:\/\/digloc.com\/es\/gestion-correos-documentos\/#primaryimage"},"image":{"@id":"https:\/\/digloc.com\/es\/gestion-correos-documentos\/#primaryimage"},"thumbnailUrl":"https:\/\/digloc.com\/wp-content\/uploads\/2024\/10\/ima-server-mail-01.webp","datePublished":"2024-10-01T17:24:41+00:00","dateModified":"2025-11-29T17:06:01+00:00","description":"Digloc DZ-MAIL organiza correos, calendarios y documentos de forma segura desde PC y m\u00f3vil, simplificando la gesti\u00f3n empresarial.","breadcrumb":{"@id":"https:\/\/digloc.com\/es\/gestion-correos-documentos\/#breadcrumb"},"inLanguage":"es","potentialAction":[{"@type":"ReadAction","target":["https:\/\/digloc.com\/es\/gestion-correos-documentos\/"]}]},{"@type":"ImageObject","inLanguage":"es","@id":"https:\/\/digloc.com\/es\/gestion-correos-documentos\/#primaryimage","url":"https:\/\/digloc.com\/wp-content\/uploads\/2024\/10\/ima-server-mail-01.webp","contentUrl":"https:\/\/digloc.com\/wp-content\/uploads\/2024\/10\/ima-server-mail-01.webp"},{"@type":"BreadcrumbList","@id":"https:\/\/digloc.com\/es\/gestion-correos-documentos\/#breadcrumb","itemListElement":[{"@type":"ListItem","position":1,"name":"Home","item":"https:\/\/digloc.com\/es\/"},{"@type":"ListItem","position":2,"name":"Soluciones de Correo, Calendario y Gesti\u00f3n de Documentos"}]},{"@type":"WebSite","@id":"https:\/\/digloc.com\/es\/#website","url":"https:\/\/digloc.com\/es\/","name":"Digloc SARL","description":"","potentialAction":[{"@type":"SearchAction","target":{"@type":"EntryPoint","urlTemplate":"https:\/\/digloc.com\/es\/?s={search_term_string}"},"query-input":{"@type":"PropertyValueSpecification","valueRequired":true,"valueName":"search_term_string"}}],"inLanguage":"es"}]}},"_links":{"self":[{"href":"https:\/\/digloc.com\/es\/wp-json\/wp\/v2\/pages\/1142","targetHints":{"allow":["GET"]}}],"collection":[{"href":"https:\/\/digloc.com\/es\/wp-json\/wp\/v2\/pages"}],"about":[{"href":"https:\/\/digloc.com\/es\/wp-json\/wp\/v2\/types\/page"}],"author":[{"embeddable":true,"href":"https:\/\/digloc.com\/es\/wp-json\/wp\/v2\/users\/1"}],"replies":[{"embeddable":true,"href":"https:\/\/digloc.com\/es\/wp-json\/wp\/v2\/comments?post=1142"}],"version-history":[{"count":12,"href":"https:\/\/digloc.com\/es\/wp-json\/wp\/v2\/pages\/1142\/revisions"}],"predecessor-version":[{"id":2360,"href":"https:\/\/digloc.com\/es\/wp-json\/wp\/v2\/pages\/1142\/revisions\/2360"}],"wp:attachment":[{"href":"https:\/\/digloc.com\/es\/wp-json\/wp\/v2\/media?parent=1142"}],"curies":[{"name":"wp","href":"https:\/\/api.w.org\/{rel}","templated":true}]}}