{"id":1122,"date":"2024-10-01T16:50:53","date_gmt":"2024-10-01T16:50:53","guid":{"rendered":"https:\/\/digloc.com\/digloctest\/gestione-aziendale-erp-crm\/"},"modified":"2025-11-29T17:05:56","modified_gmt":"2025-11-29T17:05:56","slug":"gestion-empresarial-erp-crm","status":"publish","type":"page","link":"https:\/\/digloc.com\/es\/gestion-empresarial-erp-crm\/","title":{"rendered":"Soluciones de Gesti\u00f3n Integral: ERP, CRM y Seguridad TI"},"content":{"rendered":"\t\t<div data-elementor-type=\"wp-page\" data-elementor-id=\"1122\" class=\"elementor elementor-1122 elementor-431\" data-elementor-post-type=\"page\">\n\t\t\t\t<div class=\"elementor-element elementor-element-b9274c5 e-flex e-con-boxed e-con e-parent\" data-id=\"b9274c5\" data-element_type=\"container\" data-settings=\"{&quot;background_background&quot;:&quot;classic&quot;}\">\n\t\t\t\t\t<div class=\"e-con-inner\">\n\t\t<div class=\"elementor-element elementor-element-a5f7a02 e-con-full e-flex e-con e-child\" data-id=\"a5f7a02\" data-element_type=\"container\">\n\t\t\t\t<div class=\"elementor-element elementor-element-1015061 elementor-widget elementor-widget-breadcrumbs\" data-id=\"1015061\" data-element_type=\"widget\" data-widget_type=\"breadcrumbs.default\">\n\t\t\t\t\t<p id=\"breadcrumbs\"><span><span><a href=\"https:\/\/digloc.com\/es\/\">Home<\/a><\/span><\/span><\/p>\t\t\t\t<\/div>\n\t\t\t\t<\/div>\n\t\t\t\t\t<\/div>\n\t\t\t\t<\/div>\n\t\t<div class=\"elementor-element elementor-element-0f2467b e-flex e-con-boxed e-con e-parent\" data-id=\"0f2467b\" data-element_type=\"container\">\n\t\t\t\t\t<div class=\"e-con-inner\">\n\t\t<div class=\"elementor-element elementor-element-c86872d e-con-full e-flex e-con e-child\" data-id=\"c86872d\" data-element_type=\"container\">\n\t\t\t\t<div class=\"elementor-element elementor-element-6b8f3f5 elementor-widget elementor-widget-heading\" data-id=\"6b8f3f5\" data-element_type=\"widget\" data-widget_type=\"heading.default\">\n\t\t\t\t\t<h2 class=\"elementor-heading-title elementor-size-default\">D-GEST\n<\/h2>\t\t\t\t<\/div>\n\t\t\t\t<div class=\"elementor-element elementor-element-c7dd48c elementor-widget elementor-widget-heading\" data-id=\"c7dd48c\" data-element_type=\"widget\" data-widget_type=\"heading.default\">\n\t\t\t\t\t<h3 class=\"elementor-heading-title elementor-size-default\">Soluciones de Gesti\u00f3n Integral: ERP, CRM y Seguridad TI<\/h3>\t\t\t\t<\/div>\n\t\t\t\t<div class=\"elementor-element elementor-element-2543d87 elementor-widget elementor-widget-text-editor\" data-id=\"2543d87\" data-element_type=\"widget\" data-widget_type=\"text-editor.default\">\n\t\t\t\t\t\t\t\t\t<p>A medida que las empresas crecen en ventas y producci\u00f3n, ofrecemos herramientas avanzadas para <strong>optimizar la gesti\u00f3n<\/strong>.<\/p><p>Nuestras soluciones incluyen tres herramientas clave: un sistema de <strong>gesti\u00f3n empresarial (ERP)<\/strong>, un software de <strong>gesti\u00f3n de ventas y proveedores (CRM)<\/strong> y la integraci\u00f3n de pedidos a trav\u00e9s de la interfaz ERP para simplificar su uso.<\/p>\t\t\t\t\t\t\t\t<\/div>\n\t\t\t\t<\/div>\n\t\t<div class=\"elementor-element elementor-element-39829d7 e-con-full e-flex e-con e-child\" data-id=\"39829d7\" data-element_type=\"container\">\n\t\t\t\t<div class=\"elementor-element elementor-element-3c49b68 elementor-widget elementor-widget-image\" data-id=\"3c49b68\" data-element_type=\"widget\" data-widget_type=\"image.default\">\n\t\t\t\t\t\t\t\t\t\t\t\t\t\t\t<img fetchpriority=\"high\" decoding=\"async\" width=\"800\" height=\"500\" src=\"https:\/\/digloc.com\/wp-content\/uploads\/2024\/10\/ima-gestione-aziendale-erp-crm-01.webp\" class=\"attachment-full size-full wp-image-771\" alt=\"\" srcset=\"https:\/\/digloc.com\/wp-content\/uploads\/2024\/10\/ima-gestione-aziendale-erp-crm-01.webp 800w, https:\/\/digloc.com\/wp-content\/uploads\/2024\/10\/ima-gestione-aziendale-erp-crm-01-768x480.webp 768w\" sizes=\"(max-width: 800px) 100vw, 800px\" \/>\t\t\t\t\t\t\t\t\t\t\t\t\t\t\t<\/div>\n\t\t\t\t<\/div>\n\t\t\t\t\t<\/div>\n\t\t\t\t<\/div>\n\t\t<div class=\"elementor-element elementor-element-f2175e4 e-flex e-con-boxed e-con e-parent\" data-id=\"f2175e4\" data-element_type=\"container\">\n\t\t\t\t\t<div class=\"e-con-inner\">\n\t\t<div class=\"elementor-element elementor-element-2426342 e-con-full e-flex e-con e-child\" data-id=\"2426342\" data-element_type=\"container\">\n\t\t\t\t<div class=\"elementor-element elementor-element-0e0f3fb elementor-widget elementor-widget-heading\" data-id=\"0e0f3fb\" data-element_type=\"widget\" data-widget_type=\"heading.default\">\n\t\t\t\t\t<h2 class=\"elementor-heading-title elementor-size-default\">ERP: Nueva Generaci\u00f3n para Nuevas Empresas<\/h2>\t\t\t\t<\/div>\n\t\t\t\t<div class=\"elementor-element elementor-element-385bcf1 elementor-widget elementor-widget-text-editor\" data-id=\"385bcf1\" data-element_type=\"widget\" data-widget_type=\"text-editor.default\">\n\t\t\t\t\t\t\t\t\t<ul><li><strong>Inventario.<\/strong><\/li><li><strong>Ventas.<\/strong><\/li><li><strong>Pedidos.<\/strong><\/li><li><strong>Compras.<\/strong><\/li><li><strong>Finanzas.<\/strong><\/li><li><strong>Recursos Humanos.<\/strong><\/li><\/ul><p>El sistema es altamente personalizable, lo que permite la integraci\u00f3n de cualquier funcionalidad solicitada por el cliente.<\/p>\t\t\t\t\t\t\t\t<\/div>\n\t\t\t\t<div class=\"elementor-element elementor-element-6e050d3 elementor-widget elementor-widget-heading\" data-id=\"6e050d3\" data-element_type=\"widget\" data-widget_type=\"heading.default\">\n\t\t\t\t\t<h2 class=\"elementor-heading-title elementor-size-default\">CRM: Gesti\u00f3n Inteligente de Ventas<\/h2>\t\t\t\t<\/div>\n\t\t\t\t<div class=\"elementor-element elementor-element-012821f elementor-widget elementor-widget-text-editor\" data-id=\"012821f\" data-element_type=\"widget\" data-widget_type=\"text-editor.default\">\n\t\t\t\t\t\t\t\t\t<p>Nuestro <strong>CRM<\/strong> es una herramienta de software que mejora la gesti\u00f3n y organizaci\u00f3n del <strong>equipo de ventas<\/strong>, facilitando la interacci\u00f3n entre vendedores y clientes. La misma plataforma tambi\u00e9n se utiliza para gestionar <strong>centros de llamadas<\/strong>, ofreciendo una interfaz inteligente para optimizar las comunicaciones.<\/p><p>Adem\u00e1s, ofrecemos <strong>integraci\u00f3n de CRM con nuestro IPBX<\/strong>, lo que permite gestionar las llamadas entrantes y salientes directamente a los usuarios del sistema ERP\/CRM.<\/p>\t\t\t\t\t\t\t\t<\/div>\n\t\t\t\t<div class=\"elementor-element elementor-element-7455a9b elementor-widget elementor-widget-heading\" data-id=\"7455a9b\" data-element_type=\"widget\" data-widget_type=\"heading.default\">\n\t\t\t\t\t<h2 class=\"elementor-heading-title elementor-size-default\">Seguridad y Copias de Seguridad de TI<\/h2>\t\t\t\t<\/div>\n\t\t\t\t<div class=\"elementor-element elementor-element-9375ec8 elementor-widget elementor-widget-text-editor\" data-id=\"9375ec8\" data-element_type=\"widget\" data-widget_type=\"text-editor.default\">\n\t\t\t\t\t\t\t\t\t<p>Para completar nuestra oferta, ofrecemos soluciones de sistemas de copias de <strong>seguridad<\/strong> de c\u00f3digo abierto para la protecci\u00f3n de datos. Tambi\u00e9n ofrecemos e instalamos <strong>soluciones de mensajer\u00eda<\/strong> y correo electr\u00f3nico para una gesti\u00f3n integral y segura de las comunicaciones corporativas.<\/p>\t\t\t\t\t\t\t\t<\/div>\n\t\t\t\t<\/div>\n\t\t\t\t\t<\/div>\n\t\t\t\t<\/div>\n\t\t<div class=\"elementor-element elementor-element-3488e01 e-flex e-con-boxed e-con e-parent\" data-id=\"3488e01\" data-element_type=\"container\" data-settings=\"{&quot;background_background&quot;:&quot;classic&quot;}\">\n\t\t\t\t\t<div class=\"e-con-inner\">\n\t\t<div class=\"elementor-element elementor-element-237116a e-con-full e-flex e-con e-child\" data-id=\"237116a\" data-element_type=\"container\">\n\t\t\t\t<div class=\"elementor-element elementor-element-b081134 elementor-widget elementor-widget-heading\" data-id=\"b081134\" data-element_type=\"widget\" data-widget_type=\"heading.default\">\n\t\t\t\t\t<h2 class=\"elementor-heading-title elementor-size-default\">Hablemos de tu proyecto<\/h2>\t\t\t\t<\/div>\n\t\t\t\t<div class=\"elementor-element elementor-element-64de49e elementor-widget__width-initial elementor-widget elementor-widget-heading\" data-id=\"64de49e\" data-element_type=\"widget\" data-widget_type=\"heading.default\">\n\t\t\t\t\t<h3 class=\"elementor-heading-title elementor-size-default\">Escr\u00edbanos, nuestros jefes de proyecto responder\u00e1n r\u00e1pidamente con las respuestas a sus preguntas.<\/h3>\t\t\t\t<\/div>\n\t\t\t\t<div class=\"elementor-element elementor-element-2a4637f elementor-widget elementor-widget-spacer\" data-id=\"2a4637f\" data-element_type=\"widget\" data-widget_type=\"spacer.default\">\n\t\t\t\t\t\t\t<div class=\"elementor-spacer\">\n\t\t\t<div class=\"elementor-spacer-inner\"><\/div>\n\t\t<\/div>\n\t\t\t\t\t\t<\/div>\n\t\t<div class=\"elementor-element elementor-element-590cc82 e-con-full e-flex e-con e-child\" data-id=\"590cc82\" data-element_type=\"container\" data-settings=\"{&quot;background_background&quot;:&quot;classic&quot;}\">\n\t\t\t\t<div class=\"elementor-element elementor-element-dad2ba3 elementor-button-align-stretch elementor-widget elementor-widget-form\" data-id=\"dad2ba3\" data-element_type=\"widget\" data-settings=\"{&quot;step_next_label&quot;:&quot;Successivo&quot;,&quot;step_previous_label&quot;:&quot;Precedente&quot;,&quot;button_width&quot;:&quot;100&quot;,&quot;step_type&quot;:&quot;number_text&quot;,&quot;step_icon_shape&quot;:&quot;circle&quot;}\" data-widget_type=\"form.default\">\n\t\t\t\t\t\t\t<form class=\"elementor-form\" method=\"post\" name=\"Modulo contattaci\" aria-label=\"Modulo contattaci\">\n\t\t\t<input type=\"hidden\" name=\"post_id\" value=\"1122\"\/>\n\t\t\t<input type=\"hidden\" name=\"form_id\" value=\"dad2ba3\"\/>\n\t\t\t<input type=\"hidden\" name=\"referer_title\" value=\"Digloc\" \/>\n\n\t\t\t\n\t\t\t<div class=\"elementor-form-fields-wrapper elementor-labels-above\">\n\t\t\t\t\t\t\t\t<div class=\"elementor-field-type-text elementor-field-group elementor-column elementor-field-group-name elementor-col-50 elementor-field-required elementor-mark-required\">\n\t\t\t\t\t\t\t\t\t\t\t\t<label for=\"form-field-name\" class=\"elementor-field-label\">\n\t\t\t\t\t\t\t\tNombre de empresa\t\t\t\t\t\t\t<\/label>\n\t\t\t\t\t\t\t\t\t\t\t\t\t\t<input size=\"1\" type=\"text\" name=\"form_fields[name]\" id=\"form-field-name\" class=\"elementor-field elementor-size-md  elementor-field-textual\" required=\"required\">\n\t\t\t\t\t\t\t\t\t\t\t<\/div>\n\t\t\t\t\t\t\t\t<div class=\"elementor-field-type-text elementor-field-group elementor-column elementor-field-group-field_6b6d918 elementor-col-50 elementor-field-required elementor-mark-required\">\n\t\t\t\t\t\t\t\t\t\t\t\t<label for=\"form-field-field_6b6d918\" class=\"elementor-field-label\">\n\t\t\t\t\t\t\t\tNombre y Apellidos\t\t\t\t\t\t\t<\/label>\n\t\t\t\t\t\t\t\t\t\t\t\t\t\t<input size=\"1\" type=\"text\" name=\"form_fields[field_6b6d918]\" id=\"form-field-field_6b6d918\" class=\"elementor-field elementor-size-md  elementor-field-textual\" required=\"required\">\n\t\t\t\t\t\t\t\t\t\t\t<\/div>\n\t\t\t\t\t\t\t\t<div class=\"elementor-field-type-text elementor-field-group elementor-column elementor-field-group-field_dfca383 elementor-col-50\">\n\t\t\t\t\t\t\t\t\t\t\t\t<label for=\"form-field-field_dfca383\" class=\"elementor-field-label\">\n\t\t\t\t\t\t\t\tCiudad\t\t\t\t\t\t\t<\/label>\n\t\t\t\t\t\t\t\t\t\t\t\t\t\t<input size=\"1\" type=\"text\" name=\"form_fields[field_dfca383]\" id=\"form-field-field_dfca383\" class=\"elementor-field elementor-size-md  elementor-field-textual\">\n\t\t\t\t\t\t\t\t\t\t\t<\/div>\n\t\t\t\t\t\t\t\t<div class=\"elementor-field-type-tel elementor-field-group elementor-column elementor-field-group-field_f36fce8 elementor-col-50 elementor-field-required elementor-mark-required\">\n\t\t\t\t\t\t\t\t\t\t\t\t<label for=\"form-field-field_f36fce8\" class=\"elementor-field-label\">\n\t\t\t\t\t\t\t\tTel\u00e9fono\t\t\t\t\t\t\t<\/label>\n\t\t\t\t\t\t\t\t<input size=\"1\" type=\"tel\" name=\"form_fields[field_f36fce8]\" id=\"form-field-field_f36fce8\" class=\"elementor-field elementor-size-md  elementor-field-textual\" required=\"required\" pattern=\"[0-9()#&amp;+*-=.]+\" title=\"Solo se aceptan n\u00fameros y caracteres de tel\u00e9fono (#,-,*,etc).\">\n\n\t\t\t\t\t\t<\/div>\n\t\t\t\t\t\t\t\t<div class=\"elementor-field-type-email elementor-field-group elementor-column elementor-field-group-email elementor-col-100 elementor-field-required elementor-mark-required\">\n\t\t\t\t\t\t\t\t\t\t\t\t<label for=\"form-field-email\" class=\"elementor-field-label\">\n\t\t\t\t\t\t\t\tEmail\t\t\t\t\t\t\t<\/label>\n\t\t\t\t\t\t\t\t\t\t\t\t\t\t<input size=\"1\" type=\"email\" name=\"form_fields[email]\" id=\"form-field-email\" class=\"elementor-field elementor-size-md  elementor-field-textual\" required=\"required\">\n\t\t\t\t\t\t\t\t\t\t\t<\/div>\n\t\t\t\t\t\t\t\t<div class=\"elementor-field-type-textarea elementor-field-group elementor-column elementor-field-group-message elementor-col-100\">\n\t\t\t\t\t\t\t\t\t\t\t\t<label for=\"form-field-message\" class=\"elementor-field-label\">\n\t\t\t\t\t\t\t\tMensaje\t\t\t\t\t\t\t<\/label>\n\t\t\t\t\t\t<textarea class=\"elementor-field-textual elementor-field  elementor-size-md\" name=\"form_fields[message]\" id=\"form-field-message\" rows=\"4\"><\/textarea>\t\t\t\t<\/div>\n\t\t\t\t\t\t\t\t<div class=\"elementor-field-type-acceptance elementor-field-group elementor-column elementor-field-group-field_592cf99 elementor-col-100 elementor-field-required elementor-mark-required\">\n\t\t\t\t\t\t\t\t\t\t\t\t<label for=\"form-field-field_592cf99\" class=\"elementor-field-label\">\n\t\t\t\t\t\t\t\tPrivacy Policy\t\t\t\t\t\t\t<\/label>\n\t\t\t\t\t\t\t\t<div class=\"elementor-field-subgroup\">\n\t\t\t<span class=\"elementor-field-option\">\n\t\t\t\t<input type=\"checkbox\" name=\"form_fields[field_592cf99]\" id=\"form-field-field_592cf99\" class=\"elementor-field elementor-size-md  elementor-acceptance-field\" required=\"required\">\n\t\t\t\t<label for=\"form-field-field_592cf99\">Declaro que he le\u00eddo y aceptado la <b><a href=\"https:\/\/digloc.com\/privacy-policy\/\" target=\"_blank\">Pol\u00edtica de Privacidad<\/a><\/b>, y que mis datos personales ser\u00e1n tratados de conformidad con la Ley Argelina n\u00ba 18-07 sobre protecci\u00f3n de datos personales.<\/label>\t\t\t<\/span>\n\t\t<\/div>\n\t\t\t\t\t\t<\/div>\n\t\t\t\t\t\t\t\t<div class=\"elementor-field-type-recaptcha_v3 elementor-field-group elementor-column elementor-field-group-field_89c647f elementor-col-100 recaptcha_v3-inline\">\n\t\t\t\t\t<div class=\"elementor-field\" id=\"form-field-field_89c647f\"><div class=\"elementor-g-recaptcha\" data-sitekey=\"6LcJExwsAAAAAAzf49t9w0g9QUttb2rWpzi3B-M8\" data-type=\"v3\" data-action=\"Form\" data-badge=\"inline\" data-size=\"invisible\"><\/div><\/div>\t\t\t\t<\/div>\n\t\t\t\t\t\t\t\t<div class=\"elementor-field-group elementor-column elementor-field-type-submit elementor-col-100 e-form__buttons\">\n\t\t\t\t\t<button class=\"elementor-button elementor-size-md\" type=\"submit\">\n\t\t\t\t\t\t<span class=\"elementor-button-content-wrapper\">\n\t\t\t\t\t\t\t\t\t\t\t\t\t\t\t\t\t\t\t\t\t\t<span class=\"elementor-button-text\">ENVIAR<\/span>\n\t\t\t\t\t\t\t\t\t\t\t\t\t<\/span>\n\t\t\t\t\t<\/button>\n\t\t\t\t<\/div>\n\t\t\t<\/div>\n\t\t<\/form>\n\t\t\t\t\t\t<\/div>\n\t\t\t\t<\/div>\n\t\t\t\t<\/div>\n\t\t\t\t\t<\/div>\n\t\t\t\t<\/div>\n\t\t\t\t<\/div>\n\t\t","protected":false},"excerpt":{"rendered":"<p>D-GEST Soluciones de Gesti\u00f3n Integral: ERP, CRM y Seguridad TI A medida que las empresas crecen en ventas y producci\u00f3n, ofrecemos herramientas avanzadas para optimizar la gesti\u00f3n. Nuestras soluciones incluyen tres herramientas clave: un sistema de gesti\u00f3n empresarial (ERP), un software de gesti\u00f3n de ventas y proveedores (CRM) y la integraci\u00f3n de pedidos a trav\u00e9s [&hellip;]<\/p>\n","protected":false},"author":1,"featured_media":0,"parent":0,"menu_order":0,"comment_status":"closed","ping_status":"closed","template":"","meta":{"footnotes":""},"class_list":["post-1122","page","type-page","status-publish","hentry"],"yoast_head":"<!-- This site is optimized with the Yoast SEO plugin v26.4 - https:\/\/yoast.com\/wordpress\/plugins\/seo\/ -->\n<title>Soluciones Integradas ERP y CRM \u2013 Digloc<\/title>\n<meta name=\"description\" content=\"Digloc ofrece sistemas ERP y CRM personalizables para optimizar procesos empresariales y gesti\u00f3n comercial de forma segura y eficiente.\" \/>\n<meta name=\"robots\" content=\"index, follow, max-snippet:-1, max-image-preview:large, max-video-preview:-1\" \/>\n<link rel=\"canonical\" href=\"https:\/\/digloc.com\/es\/gestion-empresarial-erp-crm\/\" \/>\n<meta property=\"og:locale\" content=\"es_ES\" \/>\n<meta property=\"og:type\" content=\"article\" \/>\n<meta property=\"og:title\" content=\"Soluciones Integradas ERP y CRM \u2013 Digloc\" \/>\n<meta property=\"og:description\" content=\"Digloc ofrece sistemas ERP y CRM personalizables para optimizar procesos empresariales y gesti\u00f3n comercial de forma segura y eficiente.\" \/>\n<meta property=\"og:url\" content=\"https:\/\/digloc.com\/es\/gestion-empresarial-erp-crm\/\" \/>\n<meta property=\"og:site_name\" content=\"Digloc\" \/>\n<meta property=\"article:modified_time\" content=\"2025-11-29T17:05:56+00:00\" \/>\n<meta property=\"og:image\" content=\"https:\/\/digloc.com\/wp-content\/uploads\/2024\/10\/ima-gestione-aziendale-erp-crm-01.webp\" \/>\n\t<meta property=\"og:image:width\" content=\"800\" \/>\n\t<meta property=\"og:image:height\" content=\"500\" \/>\n\t<meta property=\"og:image:type\" content=\"image\/webp\" \/>\n<meta name=\"twitter:card\" content=\"summary_large_image\" \/>\n<meta name=\"twitter:label1\" content=\"Tiempo de lectura\" \/>\n\t<meta name=\"twitter:data1\" content=\"2 minutos\" \/>\n<script type=\"application\/ld+json\" class=\"yoast-schema-graph\">{\"@context\":\"https:\/\/schema.org\",\"@graph\":[{\"@type\":\"WebPage\",\"@id\":\"https:\/\/digloc.com\/es\/gestion-empresarial-erp-crm\/\",\"url\":\"https:\/\/digloc.com\/es\/gestion-empresarial-erp-crm\/\",\"name\":\"Soluciones Integradas ERP y CRM \u2013 Digloc\",\"isPartOf\":{\"@id\":\"https:\/\/digloc.com\/es\/#website\"},\"primaryImageOfPage\":{\"@id\":\"https:\/\/digloc.com\/es\/gestion-empresarial-erp-crm\/#primaryimage\"},\"image\":{\"@id\":\"https:\/\/digloc.com\/es\/gestion-empresarial-erp-crm\/#primaryimage\"},\"thumbnailUrl\":\"https:\/\/digloc.com\/wp-content\/uploads\/2024\/10\/ima-gestione-aziendale-erp-crm-01.webp\",\"datePublished\":\"2024-10-01T16:50:53+00:00\",\"dateModified\":\"2025-11-29T17:05:56+00:00\",\"description\":\"Digloc ofrece sistemas ERP y CRM personalizables para optimizar procesos empresariales y gesti\u00f3n comercial de forma segura y eficiente.\",\"breadcrumb\":{\"@id\":\"https:\/\/digloc.com\/es\/gestion-empresarial-erp-crm\/#breadcrumb\"},\"inLanguage\":\"es\",\"potentialAction\":[{\"@type\":\"ReadAction\",\"target\":[\"https:\/\/digloc.com\/es\/gestion-empresarial-erp-crm\/\"]}]},{\"@type\":\"ImageObject\",\"inLanguage\":\"es\",\"@id\":\"https:\/\/digloc.com\/es\/gestion-empresarial-erp-crm\/#primaryimage\",\"url\":\"https:\/\/digloc.com\/wp-content\/uploads\/2024\/10\/ima-gestione-aziendale-erp-crm-01.webp\",\"contentUrl\":\"https:\/\/digloc.com\/wp-content\/uploads\/2024\/10\/ima-gestione-aziendale-erp-crm-01.webp\"},{\"@type\":\"BreadcrumbList\",\"@id\":\"https:\/\/digloc.com\/es\/gestion-empresarial-erp-crm\/#breadcrumb\",\"itemListElement\":[{\"@type\":\"ListItem\",\"position\":1,\"name\":\"Home\",\"item\":\"https:\/\/digloc.com\/es\/\"},{\"@type\":\"ListItem\",\"position\":2,\"name\":\"Soluciones de Gesti\u00f3n Integral: ERP, CRM y Seguridad TI\"}]},{\"@type\":\"WebSite\",\"@id\":\"https:\/\/digloc.com\/es\/#website\",\"url\":\"https:\/\/digloc.com\/es\/\",\"name\":\"Digloc SARL\",\"description\":\"\",\"potentialAction\":[{\"@type\":\"SearchAction\",\"target\":{\"@type\":\"EntryPoint\",\"urlTemplate\":\"https:\/\/digloc.com\/es\/?s={search_term_string}\"},\"query-input\":{\"@type\":\"PropertyValueSpecification\",\"valueRequired\":true,\"valueName\":\"search_term_string\"}}],\"inLanguage\":\"es\"}]}<\/script>\n<!-- \/ Yoast SEO plugin. -->","yoast_head_json":{"title":"Soluciones Integradas ERP y CRM \u2013 Digloc","description":"Digloc ofrece sistemas ERP y CRM personalizables para optimizar procesos empresariales y gesti\u00f3n comercial de forma segura y eficiente.","robots":{"index":"index","follow":"follow","max-snippet":"max-snippet:-1","max-image-preview":"max-image-preview:large","max-video-preview":"max-video-preview:-1"},"canonical":"https:\/\/digloc.com\/es\/gestion-empresarial-erp-crm\/","og_locale":"es_ES","og_type":"article","og_title":"Soluciones Integradas ERP y CRM \u2013 Digloc","og_description":"Digloc ofrece sistemas ERP y CRM personalizables para optimizar procesos empresariales y gesti\u00f3n comercial de forma segura y eficiente.","og_url":"https:\/\/digloc.com\/es\/gestion-empresarial-erp-crm\/","og_site_name":"Digloc","article_modified_time":"2025-11-29T17:05:56+00:00","og_image":[{"width":800,"height":500,"url":"https:\/\/digloc.com\/wp-content\/uploads\/2024\/10\/ima-gestione-aziendale-erp-crm-01.webp","type":"image\/webp"}],"twitter_card":"summary_large_image","twitter_misc":{"Tiempo de lectura":"2 minutos"},"schema":{"@context":"https:\/\/schema.org","@graph":[{"@type":"WebPage","@id":"https:\/\/digloc.com\/es\/gestion-empresarial-erp-crm\/","url":"https:\/\/digloc.com\/es\/gestion-empresarial-erp-crm\/","name":"Soluciones Integradas ERP y CRM \u2013 Digloc","isPartOf":{"@id":"https:\/\/digloc.com\/es\/#website"},"primaryImageOfPage":{"@id":"https:\/\/digloc.com\/es\/gestion-empresarial-erp-crm\/#primaryimage"},"image":{"@id":"https:\/\/digloc.com\/es\/gestion-empresarial-erp-crm\/#primaryimage"},"thumbnailUrl":"https:\/\/digloc.com\/wp-content\/uploads\/2024\/10\/ima-gestione-aziendale-erp-crm-01.webp","datePublished":"2024-10-01T16:50:53+00:00","dateModified":"2025-11-29T17:05:56+00:00","description":"Digloc ofrece sistemas ERP y CRM personalizables para optimizar procesos empresariales y gesti\u00f3n comercial de forma segura y eficiente.","breadcrumb":{"@id":"https:\/\/digloc.com\/es\/gestion-empresarial-erp-crm\/#breadcrumb"},"inLanguage":"es","potentialAction":[{"@type":"ReadAction","target":["https:\/\/digloc.com\/es\/gestion-empresarial-erp-crm\/"]}]},{"@type":"ImageObject","inLanguage":"es","@id":"https:\/\/digloc.com\/es\/gestion-empresarial-erp-crm\/#primaryimage","url":"https:\/\/digloc.com\/wp-content\/uploads\/2024\/10\/ima-gestione-aziendale-erp-crm-01.webp","contentUrl":"https:\/\/digloc.com\/wp-content\/uploads\/2024\/10\/ima-gestione-aziendale-erp-crm-01.webp"},{"@type":"BreadcrumbList","@id":"https:\/\/digloc.com\/es\/gestion-empresarial-erp-crm\/#breadcrumb","itemListElement":[{"@type":"ListItem","position":1,"name":"Home","item":"https:\/\/digloc.com\/es\/"},{"@type":"ListItem","position":2,"name":"Soluciones de Gesti\u00f3n Integral: ERP, CRM y Seguridad TI"}]},{"@type":"WebSite","@id":"https:\/\/digloc.com\/es\/#website","url":"https:\/\/digloc.com\/es\/","name":"Digloc SARL","description":"","potentialAction":[{"@type":"SearchAction","target":{"@type":"EntryPoint","urlTemplate":"https:\/\/digloc.com\/es\/?s={search_term_string}"},"query-input":{"@type":"PropertyValueSpecification","valueRequired":true,"valueName":"search_term_string"}}],"inLanguage":"es"}]}},"_links":{"self":[{"href":"https:\/\/digloc.com\/es\/wp-json\/wp\/v2\/pages\/1122","targetHints":{"allow":["GET"]}}],"collection":[{"href":"https:\/\/digloc.com\/es\/wp-json\/wp\/v2\/pages"}],"about":[{"href":"https:\/\/digloc.com\/es\/wp-json\/wp\/v2\/types\/page"}],"author":[{"embeddable":true,"href":"https:\/\/digloc.com\/es\/wp-json\/wp\/v2\/users\/1"}],"replies":[{"embeddable":true,"href":"https:\/\/digloc.com\/es\/wp-json\/wp\/v2\/comments?post=1122"}],"version-history":[{"count":12,"href":"https:\/\/digloc.com\/es\/wp-json\/wp\/v2\/pages\/1122\/revisions"}],"predecessor-version":[{"id":2357,"href":"https:\/\/digloc.com\/es\/wp-json\/wp\/v2\/pages\/1122\/revisions\/2357"}],"wp:attachment":[{"href":"https:\/\/digloc.com\/es\/wp-json\/wp\/v2\/media?parent=1122"}],"curies":[{"name":"wp","href":"https:\/\/api.w.org\/{rel}","templated":true}]}}