{"id":1091,"date":"2024-09-30T07:31:42","date_gmt":"2024-09-30T07:31:42","guid":{"rendered":"https:\/\/digloc.com\/digloctest\/soluzioni-di-telefonia-e-videofonia-ip\/"},"modified":"2025-11-29T17:05:35","modified_gmt":"2025-11-29T17:05:35","slug":"soluciones-de-telefonia-ip-y-videotelefonia","status":"publish","type":"page","link":"https:\/\/digloc.com\/es\/soluciones-de-telefonia-ip-y-videotelefonia\/","title":{"rendered":"Soluciones de Telefon\u00eda IP y Videotelefon\u00eda"},"content":{"rendered":"\t\t<div data-elementor-type=\"wp-page\" data-elementor-id=\"1091\" class=\"elementor elementor-1091 elementor-375\" data-elementor-post-type=\"page\">\n\t\t\t\t<div class=\"elementor-element elementor-element-c49c016 e-flex e-con-boxed e-con e-parent\" data-id=\"c49c016\" data-element_type=\"container\" data-settings=\"{&quot;background_background&quot;:&quot;classic&quot;}\">\n\t\t\t\t\t<div class=\"e-con-inner\">\n\t\t<div class=\"elementor-element elementor-element-b0b6bae e-con-full e-flex e-con e-child\" data-id=\"b0b6bae\" data-element_type=\"container\">\n\t\t\t\t<div class=\"elementor-element elementor-element-b28e3b8 elementor-widget elementor-widget-breadcrumbs\" data-id=\"b28e3b8\" data-element_type=\"widget\" data-widget_type=\"breadcrumbs.default\">\n\t\t\t\t\t<p id=\"breadcrumbs\"><span><span><a href=\"https:\/\/digloc.com\/es\/\">Home<\/a><\/span><\/span><\/p>\t\t\t\t<\/div>\n\t\t\t\t<\/div>\n\t\t\t\t\t<\/div>\n\t\t\t\t<\/div>\n\t\t<div class=\"elementor-element elementor-element-33ac799 e-flex e-con-boxed e-con e-parent\" data-id=\"33ac799\" data-element_type=\"container\">\n\t\t\t\t\t<div class=\"e-con-inner\">\n\t\t<div class=\"elementor-element elementor-element-c32ec78 e-con-full e-flex e-con e-child\" data-id=\"c32ec78\" data-element_type=\"container\">\n\t\t\t\t<div class=\"elementor-element elementor-element-eb695e3 elementor-widget elementor-widget-heading\" data-id=\"eb695e3\" data-element_type=\"widget\" data-widget_type=\"heading.default\">\n\t\t\t\t\t<h2 class=\"elementor-heading-title elementor-size-default\">D-PHONE\n<\/h2>\t\t\t\t<\/div>\n\t\t\t\t<div class=\"elementor-element elementor-element-4bf0ccc elementor-widget elementor-widget-heading\" data-id=\"4bf0ccc\" data-element_type=\"widget\" data-widget_type=\"heading.default\">\n\t\t\t\t\t<h3 class=\"elementor-heading-title elementor-size-default\">Soluciones de Telefon\u00eda IP y Videotelefon\u00eda<\/h3>\t\t\t\t<\/div>\n\t\t\t\t<div class=\"elementor-element elementor-element-422d7ee elementor-widget elementor-widget-text-editor\" data-id=\"422d7ee\" data-element_type=\"widget\" data-widget_type=\"text-editor.default\">\n\t\t\t\t\t\t\t\t\t<p>Nuestra soluci\u00f3n <strong>V-PHONE<\/strong> est\u00e1 disponible en dos versiones:<\/p><ul><li><strong>MINIPBX<\/strong>: Una centralita compacta basada en Linux, del tama\u00f1o de una cajetilla de cigarrillos. Admite hasta 50 usuarios y 4 l\u00edneas externas, gestionando la telefon\u00eda SIP de forma sencilla y eficiente.<\/li><li><strong>SERVIDOR IPBX<\/strong>: Una versi\u00f3n de servidor para necesidades m\u00e1s complejas, tambi\u00e9n basada en Linux, que gestiona la telefon\u00eda en red con cuentas SIP. Ideal para m\u00e1s de 50 usuarios y m\u00e1s de 4 l\u00edneas externas.<\/li><\/ul>\t\t\t\t\t\t\t\t<\/div>\n\t\t\t\t<div class=\"elementor-element elementor-element-d051faf elementor-widget elementor-widget-text-editor\" data-id=\"d051faf\" data-element_type=\"widget\" data-widget_type=\"text-editor.default\">\n\t\t\t\t\t\t\t\t\t<p>Nuestra soluci\u00f3n de software permite la integraci\u00f3n de un n\u00famero <b>ilimitado<\/b> de l\u00edneas internas y externas, lo que permite la comunicaci\u00f3n de voz y v\u00eddeo entre estaciones de trabajo conectadas mediante LAN o Wi-Fi.<\/p>\t\t\t\t\t\t\t\t<\/div>\n\t\t\t\t<\/div>\n\t\t<div class=\"elementor-element elementor-element-bc934b0 e-con-full e-flex e-con e-child\" data-id=\"bc934b0\" data-element_type=\"container\">\n\t\t\t\t<div class=\"elementor-element elementor-element-7301bb7 elementor-widget elementor-widget-image\" data-id=\"7301bb7\" data-element_type=\"widget\" data-widget_type=\"image.default\">\n\t\t\t\t\t\t\t\t\t\t\t\t\t\t\t<img fetchpriority=\"high\" decoding=\"async\" width=\"800\" height=\"500\" src=\"https:\/\/digloc.com\/wp-content\/uploads\/2024\/09\/ima-telefonia-videofonia-IP-01.webp\" class=\"attachment-full size-full wp-image-747\" alt=\"\" srcset=\"https:\/\/digloc.com\/wp-content\/uploads\/2024\/09\/ima-telefonia-videofonia-IP-01.webp 800w, https:\/\/digloc.com\/wp-content\/uploads\/2024\/09\/ima-telefonia-videofonia-IP-01-768x480.webp 768w\" sizes=\"(max-width: 800px) 100vw, 800px\" \/>\t\t\t\t\t\t\t\t\t\t\t\t\t\t\t<\/div>\n\t\t\t\t<\/div>\n\t\t\t\t\t<\/div>\n\t\t\t\t<\/div>\n\t\t<div class=\"elementor-element elementor-element-0404889 e-flex e-con-boxed e-con e-parent\" data-id=\"0404889\" data-element_type=\"container\">\n\t\t\t\t\t<div class=\"e-con-inner\">\n\t\t<div class=\"elementor-element elementor-element-d547bbe e-con-full e-flex e-con e-child\" data-id=\"d547bbe\" data-element_type=\"container\">\n\t\t\t\t<div class=\"elementor-element elementor-element-8a2006b elementor-widget elementor-widget-heading\" data-id=\"8a2006b\" data-element_type=\"widget\" data-widget_type=\"heading.default\">\n\t\t\t\t\t<h2 class=\"elementor-heading-title elementor-size-default\">Integraciones y Accesorios<\/h2>\t\t\t\t<\/div>\n\t\t\t\t<div class=\"elementor-element elementor-element-f97f794 elementor-widget elementor-widget-text-editor\" data-id=\"f97f794\" data-element_type=\"widget\" data-widget_type=\"text-editor.default\">\n\t\t\t\t\t\t\t\t\t<ul><li>Utilizziamo\u00a0<strong>gateway FXO<\/strong>\u00a0(4\/8\/12 e multipli) per l\u2019accesso alla rete telefonica di ACTEL o degli operatori GSM, e\u00a0<strong>gateway FXS<\/strong>\u00a0per la trasformazione del segnale fax in intranet o per connettere il tuo vecchio PABX al nuovo sistema IPBX.<\/li><li><strong>Gateway GSM<\/strong>\u00a0(2\/4\/8 canali e multipli) consentono di convertire il segnale GSM in segnale intranet per una maggiore flessibilit\u00e0.<\/li><\/ul>\t\t\t\t\t\t\t\t<\/div>\n\t\t\t\t<div class=\"elementor-element elementor-element-0f1fcce elementor-widget elementor-widget-text-editor\" data-id=\"0f1fcce\" data-element_type=\"widget\" data-widget_type=\"text-editor.default\">\n\t\t\t\t\t\t\t\t\t<ul><li>Utilizamos <strong>pasarelas FXO<\/strong> (4\/8\/12 y m\u00faltiples) para acceder a la red telef\u00f3nica de operadores ACTEL o GSM, y <strong>pasarelas FXS<\/strong> para convertir las se\u00f1ales de fax a una intranet o para conectar su centralita existente al nuevo sistema IPBX.<\/li><li>Las <strong>pasarelas GSM<\/strong> (de 2, 4, 8 canales y m\u00faltiples) permiten convertir la se\u00f1al GSM en una se\u00f1al de intranet para una mayor flexibilidad.<\/li><\/ul>\t\t\t\t\t\t\t\t<\/div>\n\t\t\t\t<div class=\"elementor-element elementor-element-3029dcf elementor-widget elementor-widget-heading\" data-id=\"3029dcf\" data-element_type=\"widget\" data-widget_type=\"heading.default\">\n\t\t\t\t\t<h3 class=\"elementor-heading-title elementor-size-default\">Otras opciones<\/h3>\t\t\t\t<\/div>\n\t\t\t\t<div class=\"elementor-element elementor-element-2c23b31 elementor-widget elementor-widget-text-editor\" data-id=\"2c23b31\" data-element_type=\"widget\" data-widget_type=\"text-editor.default\">\n\t\t\t\t\t\t\t\t\t<ul><li>Ofrecemos l\u00edneas <b>VOIP<\/b> con n\u00fameros 09xxxxxx, integradas directamente en nuestro IPBX.<\/li><li>Las estaciones internas se pueden conectar a la centralita telef\u00f3nica mediante un PC o un smartphone. Para quienes prefieren una l\u00ednea fija, ofrecemos <b>tel\u00e9fonos IP<\/b> o anal\u00f3gicos con adaptadores RJ11\/RJ45 para convertirlos en tel\u00e9fonos IP.<\/li><\/ul>\t\t\t\t\t\t\t\t<\/div>\n\t\t\t\t<div class=\"elementor-element elementor-element-c88a903 elementor-widget elementor-widget-heading\" data-id=\"c88a903\" data-element_type=\"widget\" data-widget_type=\"heading.default\">\n\t\t\t\t\t<h2 class=\"elementor-heading-title elementor-size-default\">Videoportero IP<\/h2>\t\t\t\t<\/div>\n\t\t\t\t<div class=\"elementor-element elementor-element-d55c63a elementor-widget elementor-widget-text-editor\" data-id=\"d55c63a\" data-element_type=\"widget\" data-widget_type=\"text-editor.default\">\n\t\t\t\t\t\t\t\t\t<p>A\u00f1adimos la funci\u00f3n de <b>videoportero IP<\/b>, integrada en la red telef\u00f3nica IP: cuando un visitante llama al timbre, la llamada se desv\u00eda directamente a su PC o smartphone, con la opci\u00f3n de abrir la puerta a distancia. Si su ordenador est\u00e1 apagado, la llamada se transferir\u00e1 autom\u00e1ticamente a su tel\u00e9fono m\u00f3vil, garantizando as\u00ed el m\u00e1ximo control y comodidad.<\/p>\t\t\t\t\t\t\t\t<\/div>\n\t\t\t\t<\/div>\n\t\t\t\t\t<\/div>\n\t\t\t\t<\/div>\n\t\t<div class=\"elementor-element elementor-element-92e4a16 e-flex e-con-boxed e-con e-parent\" data-id=\"92e4a16\" data-element_type=\"container\" data-settings=\"{&quot;background_background&quot;:&quot;classic&quot;}\">\n\t\t\t\t\t<div class=\"e-con-inner\">\n\t\t<div class=\"elementor-element elementor-element-24cb801 e-con-full e-flex e-con e-child\" data-id=\"24cb801\" data-element_type=\"container\">\n\t\t\t\t<div class=\"elementor-element elementor-element-1c4eb35 elementor-widget elementor-widget-heading\" data-id=\"1c4eb35\" data-element_type=\"widget\" data-widget_type=\"heading.default\">\n\t\t\t\t\t<h2 class=\"elementor-heading-title elementor-size-default\">Hablemos de tu proyecto<\/h2>\t\t\t\t<\/div>\n\t\t\t\t<div class=\"elementor-element elementor-element-5f7ccec elementor-widget__width-initial elementor-widget elementor-widget-heading\" data-id=\"5f7ccec\" data-element_type=\"widget\" data-widget_type=\"heading.default\">\n\t\t\t\t\t<h3 class=\"elementor-heading-title elementor-size-default\">Escr\u00edbanos, nuestros jefes de proyecto responder\u00e1n r\u00e1pidamente con las respuestas a sus preguntas.<\/h3>\t\t\t\t<\/div>\n\t\t\t\t<div class=\"elementor-element elementor-element-6580284 elementor-widget elementor-widget-spacer\" data-id=\"6580284\" data-element_type=\"widget\" data-widget_type=\"spacer.default\">\n\t\t\t\t\t\t\t<div class=\"elementor-spacer\">\n\t\t\t<div class=\"elementor-spacer-inner\"><\/div>\n\t\t<\/div>\n\t\t\t\t\t\t<\/div>\n\t\t<div class=\"elementor-element elementor-element-3573921 e-con-full e-flex e-con e-child\" data-id=\"3573921\" data-element_type=\"container\" data-settings=\"{&quot;background_background&quot;:&quot;classic&quot;}\">\n\t\t\t\t<div class=\"elementor-element elementor-element-df4091d elementor-button-align-stretch elementor-widget elementor-widget-form\" data-id=\"df4091d\" data-element_type=\"widget\" data-settings=\"{&quot;step_next_label&quot;:&quot;Successivo&quot;,&quot;step_previous_label&quot;:&quot;Precedente&quot;,&quot;button_width&quot;:&quot;100&quot;,&quot;step_type&quot;:&quot;number_text&quot;,&quot;step_icon_shape&quot;:&quot;circle&quot;}\" data-widget_type=\"form.default\">\n\t\t\t\t\t\t\t<form class=\"elementor-form\" method=\"post\" name=\"Modulo contattaci\" aria-label=\"Modulo contattaci\">\n\t\t\t<input type=\"hidden\" name=\"post_id\" value=\"1091\"\/>\n\t\t\t<input type=\"hidden\" name=\"form_id\" value=\"df4091d\"\/>\n\t\t\t<input type=\"hidden\" name=\"referer_title\" value=\"Digloc\" \/>\n\n\t\t\t\n\t\t\t<div class=\"elementor-form-fields-wrapper elementor-labels-above\">\n\t\t\t\t\t\t\t\t<div class=\"elementor-field-type-text elementor-field-group elementor-column elementor-field-group-name elementor-col-50 elementor-field-required elementor-mark-required\">\n\t\t\t\t\t\t\t\t\t\t\t\t<label for=\"form-field-name\" class=\"elementor-field-label\">\n\t\t\t\t\t\t\t\tNombre de empresa\t\t\t\t\t\t\t<\/label>\n\t\t\t\t\t\t\t\t\t\t\t\t\t\t<input size=\"1\" type=\"text\" name=\"form_fields[name]\" id=\"form-field-name\" class=\"elementor-field elementor-size-md  elementor-field-textual\" required=\"required\">\n\t\t\t\t\t\t\t\t\t\t\t<\/div>\n\t\t\t\t\t\t\t\t<div class=\"elementor-field-type-text elementor-field-group elementor-column elementor-field-group-field_6b6d918 elementor-col-50 elementor-field-required elementor-mark-required\">\n\t\t\t\t\t\t\t\t\t\t\t\t<label for=\"form-field-field_6b6d918\" class=\"elementor-field-label\">\n\t\t\t\t\t\t\t\tNombre y Apellidos\t\t\t\t\t\t\t<\/label>\n\t\t\t\t\t\t\t\t\t\t\t\t\t\t<input size=\"1\" type=\"text\" name=\"form_fields[field_6b6d918]\" id=\"form-field-field_6b6d918\" class=\"elementor-field elementor-size-md  elementor-field-textual\" required=\"required\">\n\t\t\t\t\t\t\t\t\t\t\t<\/div>\n\t\t\t\t\t\t\t\t<div class=\"elementor-field-type-text elementor-field-group elementor-column elementor-field-group-field_dfca383 elementor-col-50\">\n\t\t\t\t\t\t\t\t\t\t\t\t<label for=\"form-field-field_dfca383\" class=\"elementor-field-label\">\n\t\t\t\t\t\t\t\tCiudad\t\t\t\t\t\t\t<\/label>\n\t\t\t\t\t\t\t\t\t\t\t\t\t\t<input size=\"1\" type=\"text\" name=\"form_fields[field_dfca383]\" id=\"form-field-field_dfca383\" class=\"elementor-field elementor-size-md  elementor-field-textual\">\n\t\t\t\t\t\t\t\t\t\t\t<\/div>\n\t\t\t\t\t\t\t\t<div class=\"elementor-field-type-tel elementor-field-group elementor-column elementor-field-group-field_f36fce8 elementor-col-50 elementor-field-required elementor-mark-required\">\n\t\t\t\t\t\t\t\t\t\t\t\t<label for=\"form-field-field_f36fce8\" class=\"elementor-field-label\">\n\t\t\t\t\t\t\t\tTel\u00e9fono\t\t\t\t\t\t\t<\/label>\n\t\t\t\t\t\t\t\t<input size=\"1\" type=\"tel\" name=\"form_fields[field_f36fce8]\" id=\"form-field-field_f36fce8\" class=\"elementor-field elementor-size-md  elementor-field-textual\" required=\"required\" pattern=\"[0-9()#&amp;+*-=.]+\" title=\"Solo se aceptan n\u00fameros y caracteres de tel\u00e9fono (#,-,*,etc).\">\n\n\t\t\t\t\t\t<\/div>\n\t\t\t\t\t\t\t\t<div class=\"elementor-field-type-email elementor-field-group elementor-column elementor-field-group-email elementor-col-100 elementor-field-required elementor-mark-required\">\n\t\t\t\t\t\t\t\t\t\t\t\t<label for=\"form-field-email\" class=\"elementor-field-label\">\n\t\t\t\t\t\t\t\tEmail\t\t\t\t\t\t\t<\/label>\n\t\t\t\t\t\t\t\t\t\t\t\t\t\t<input size=\"1\" type=\"email\" name=\"form_fields[email]\" id=\"form-field-email\" class=\"elementor-field elementor-size-md  elementor-field-textual\" required=\"required\">\n\t\t\t\t\t\t\t\t\t\t\t<\/div>\n\t\t\t\t\t\t\t\t<div class=\"elementor-field-type-textarea elementor-field-group elementor-column elementor-field-group-message elementor-col-100\">\n\t\t\t\t\t\t\t\t\t\t\t\t<label for=\"form-field-message\" class=\"elementor-field-label\">\n\t\t\t\t\t\t\t\tMensaje\t\t\t\t\t\t\t<\/label>\n\t\t\t\t\t\t<textarea class=\"elementor-field-textual elementor-field  elementor-size-md\" name=\"form_fields[message]\" id=\"form-field-message\" rows=\"4\"><\/textarea>\t\t\t\t<\/div>\n\t\t\t\t\t\t\t\t<div class=\"elementor-field-type-acceptance elementor-field-group elementor-column elementor-field-group-field_592cf99 elementor-col-100 elementor-field-required elementor-mark-required\">\n\t\t\t\t\t\t\t\t\t\t\t\t<label for=\"form-field-field_592cf99\" class=\"elementor-field-label\">\n\t\t\t\t\t\t\t\tPrivacy Policy\t\t\t\t\t\t\t<\/label>\n\t\t\t\t\t\t\t\t<div class=\"elementor-field-subgroup\">\n\t\t\t<span class=\"elementor-field-option\">\n\t\t\t\t<input type=\"checkbox\" name=\"form_fields[field_592cf99]\" id=\"form-field-field_592cf99\" class=\"elementor-field elementor-size-md  elementor-acceptance-field\" required=\"required\">\n\t\t\t\t<label for=\"form-field-field_592cf99\">Declaro que he le\u00eddo y aceptado la <b><a href=\"https:\/\/digloc.com\/privacy-policy\/\" target=\"_blank\">Pol\u00edtica de Privacidad<\/a><\/b>, y que mis datos personales ser\u00e1n tratados de conformidad con la Ley Argelina n\u00ba 18-07 sobre protecci\u00f3n de datos personales.<\/label>\t\t\t<\/span>\n\t\t<\/div>\n\t\t\t\t\t\t<\/div>\n\t\t\t\t\t\t\t\t<div class=\"elementor-field-type-recaptcha_v3 elementor-field-group elementor-column elementor-field-group-field_89c647f elementor-col-100 recaptcha_v3-inline\">\n\t\t\t\t\t<div class=\"elementor-field\" id=\"form-field-field_89c647f\"><div class=\"elementor-g-recaptcha\" data-sitekey=\"6LcJExwsAAAAAAzf49t9w0g9QUttb2rWpzi3B-M8\" data-type=\"v3\" data-action=\"Form\" data-badge=\"inline\" data-size=\"invisible\"><\/div><\/div>\t\t\t\t<\/div>\n\t\t\t\t\t\t\t\t<div class=\"elementor-field-group elementor-column elementor-field-type-submit elementor-col-100 e-form__buttons\">\n\t\t\t\t\t<button class=\"elementor-button elementor-size-md\" type=\"submit\">\n\t\t\t\t\t\t<span class=\"elementor-button-content-wrapper\">\n\t\t\t\t\t\t\t\t\t\t\t\t\t\t\t\t\t\t\t\t\t\t<span class=\"elementor-button-text\">ENVIAR<\/span>\n\t\t\t\t\t\t\t\t\t\t\t\t\t<\/span>\n\t\t\t\t\t<\/button>\n\t\t\t\t<\/div>\n\t\t\t<\/div>\n\t\t<\/form>\n\t\t\t\t\t\t<\/div>\n\t\t\t\t<\/div>\n\t\t\t\t<\/div>\n\t\t\t\t\t<\/div>\n\t\t\t\t<\/div>\n\t\t\t\t<\/div>\n\t\t","protected":false},"excerpt":{"rendered":"<p>D-PHONE Soluciones de Telefon\u00eda IP y Videotelefon\u00eda Nuestra soluci\u00f3n V-PHONE est\u00e1 disponible en dos versiones: MINIPBX: Una centralita compacta basada en Linux, del tama\u00f1o de una cajetilla de cigarrillos. Admite hasta 50 usuarios y 4 l\u00edneas externas, gestionando la telefon\u00eda SIP de forma sencilla y eficiente. SERVIDOR IPBX: Una versi\u00f3n de servidor para necesidades m\u00e1s [&hellip;]<\/p>\n","protected":false},"author":1,"featured_media":0,"parent":0,"menu_order":0,"comment_status":"closed","ping_status":"closed","template":"","meta":{"footnotes":""},"class_list":["post-1091","page","type-page","status-publish","hentry"],"yoast_head":"<!-- This site is optimized with the Yoast SEO plugin v26.4 - https:\/\/yoast.com\/wordpress\/plugins\/seo\/ -->\n<title>D-PHONE offre un syst\u00e8me IPBX Asterisk compatible PSTN et GSM, id\u00e9al pour des communications VoIP avanc\u00e9es en entreprise.<\/title>\n<meta name=\"description\" content=\"D-PHONE integra un sistema IPBX Asterisk con soporte PSTN y GSM, brindando comunicaciones VoIP avanzadas a empresas modernas.\" \/>\n<meta name=\"robots\" content=\"index, follow, max-snippet:-1, max-image-preview:large, max-video-preview:-1\" \/>\n<link rel=\"canonical\" href=\"https:\/\/digloc.com\/es\/soluciones-de-telefonia-ip-y-videotelefonia\/\" \/>\n<meta property=\"og:locale\" content=\"es_ES\" \/>\n<meta property=\"og:type\" content=\"article\" \/>\n<meta property=\"og:title\" content=\"D-PHONE offre un syst\u00e8me IPBX Asterisk compatible PSTN et GSM, id\u00e9al pour des communications VoIP avanc\u00e9es en entreprise.\" \/>\n<meta property=\"og:description\" content=\"D-PHONE integra un sistema IPBX Asterisk con soporte PSTN y GSM, brindando comunicaciones VoIP avanzadas a empresas modernas.\" \/>\n<meta property=\"og:url\" content=\"https:\/\/digloc.com\/es\/soluciones-de-telefonia-ip-y-videotelefonia\/\" \/>\n<meta property=\"og:site_name\" content=\"Digloc\" \/>\n<meta property=\"article:modified_time\" content=\"2025-11-29T17:05:35+00:00\" \/>\n<meta property=\"og:image\" content=\"https:\/\/digloc.com\/wp-content\/uploads\/2024\/09\/ima-telefonia-videofonia-IP-01.webp\" \/>\n\t<meta property=\"og:image:width\" content=\"800\" \/>\n\t<meta property=\"og:image:height\" content=\"500\" \/>\n\t<meta property=\"og:image:type\" content=\"image\/webp\" \/>\n<meta name=\"twitter:card\" content=\"summary_large_image\" \/>\n<meta name=\"twitter:label1\" content=\"Tiempo de lectura\" \/>\n\t<meta name=\"twitter:data1\" content=\"2 minutos\" \/>\n<script type=\"application\/ld+json\" class=\"yoast-schema-graph\">{\"@context\":\"https:\/\/schema.org\",\"@graph\":[{\"@type\":\"WebPage\",\"@id\":\"https:\/\/digloc.com\/es\/soluciones-de-telefonia-ip-y-videotelefonia\/\",\"url\":\"https:\/\/digloc.com\/es\/soluciones-de-telefonia-ip-y-videotelefonia\/\",\"name\":\"D-PHONE offre un syst\u00e8me IPBX Asterisk compatible PSTN et GSM, id\u00e9al pour des communications VoIP avanc\u00e9es en entreprise.\",\"isPartOf\":{\"@id\":\"https:\/\/digloc.com\/es\/#website\"},\"primaryImageOfPage\":{\"@id\":\"https:\/\/digloc.com\/es\/soluciones-de-telefonia-ip-y-videotelefonia\/#primaryimage\"},\"image\":{\"@id\":\"https:\/\/digloc.com\/es\/soluciones-de-telefonia-ip-y-videotelefonia\/#primaryimage\"},\"thumbnailUrl\":\"https:\/\/digloc.com\/wp-content\/uploads\/2024\/09\/ima-telefonia-videofonia-IP-01.webp\",\"datePublished\":\"2024-09-30T07:31:42+00:00\",\"dateModified\":\"2025-11-29T17:05:35+00:00\",\"description\":\"D-PHONE integra un sistema IPBX Asterisk con soporte PSTN y GSM, brindando comunicaciones VoIP avanzadas a empresas modernas.\",\"breadcrumb\":{\"@id\":\"https:\/\/digloc.com\/es\/soluciones-de-telefonia-ip-y-videotelefonia\/#breadcrumb\"},\"inLanguage\":\"es\",\"potentialAction\":[{\"@type\":\"ReadAction\",\"target\":[\"https:\/\/digloc.com\/es\/soluciones-de-telefonia-ip-y-videotelefonia\/\"]}]},{\"@type\":\"ImageObject\",\"inLanguage\":\"es\",\"@id\":\"https:\/\/digloc.com\/es\/soluciones-de-telefonia-ip-y-videotelefonia\/#primaryimage\",\"url\":\"https:\/\/digloc.com\/wp-content\/uploads\/2024\/09\/ima-telefonia-videofonia-IP-01.webp\",\"contentUrl\":\"https:\/\/digloc.com\/wp-content\/uploads\/2024\/09\/ima-telefonia-videofonia-IP-01.webp\"},{\"@type\":\"BreadcrumbList\",\"@id\":\"https:\/\/digloc.com\/es\/soluciones-de-telefonia-ip-y-videotelefonia\/#breadcrumb\",\"itemListElement\":[{\"@type\":\"ListItem\",\"position\":1,\"name\":\"Home\",\"item\":\"https:\/\/digloc.com\/es\/\"},{\"@type\":\"ListItem\",\"position\":2,\"name\":\"Soluciones de Telefon\u00eda IP y Videotelefon\u00eda\"}]},{\"@type\":\"WebSite\",\"@id\":\"https:\/\/digloc.com\/es\/#website\",\"url\":\"https:\/\/digloc.com\/es\/\",\"name\":\"Digloc SARL\",\"description\":\"\",\"potentialAction\":[{\"@type\":\"SearchAction\",\"target\":{\"@type\":\"EntryPoint\",\"urlTemplate\":\"https:\/\/digloc.com\/es\/?s={search_term_string}\"},\"query-input\":{\"@type\":\"PropertyValueSpecification\",\"valueRequired\":true,\"valueName\":\"search_term_string\"}}],\"inLanguage\":\"es\"}]}<\/script>\n<!-- \/ Yoast SEO plugin. -->","yoast_head_json":{"title":"D-PHONE offre un syst\u00e8me IPBX Asterisk compatible PSTN et GSM, id\u00e9al pour des communications VoIP avanc\u00e9es en entreprise.","description":"D-PHONE integra un sistema IPBX Asterisk con soporte PSTN y GSM, brindando comunicaciones VoIP avanzadas a empresas modernas.","robots":{"index":"index","follow":"follow","max-snippet":"max-snippet:-1","max-image-preview":"max-image-preview:large","max-video-preview":"max-video-preview:-1"},"canonical":"https:\/\/digloc.com\/es\/soluciones-de-telefonia-ip-y-videotelefonia\/","og_locale":"es_ES","og_type":"article","og_title":"D-PHONE offre un syst\u00e8me IPBX Asterisk compatible PSTN et GSM, id\u00e9al pour des communications VoIP avanc\u00e9es en entreprise.","og_description":"D-PHONE integra un sistema IPBX Asterisk con soporte PSTN y GSM, brindando comunicaciones VoIP avanzadas a empresas modernas.","og_url":"https:\/\/digloc.com\/es\/soluciones-de-telefonia-ip-y-videotelefonia\/","og_site_name":"Digloc","article_modified_time":"2025-11-29T17:05:35+00:00","og_image":[{"width":800,"height":500,"url":"https:\/\/digloc.com\/wp-content\/uploads\/2024\/09\/ima-telefonia-videofonia-IP-01.webp","type":"image\/webp"}],"twitter_card":"summary_large_image","twitter_misc":{"Tiempo de lectura":"2 minutos"},"schema":{"@context":"https:\/\/schema.org","@graph":[{"@type":"WebPage","@id":"https:\/\/digloc.com\/es\/soluciones-de-telefonia-ip-y-videotelefonia\/","url":"https:\/\/digloc.com\/es\/soluciones-de-telefonia-ip-y-videotelefonia\/","name":"D-PHONE offre un syst\u00e8me IPBX Asterisk compatible PSTN et GSM, id\u00e9al pour des communications VoIP avanc\u00e9es en entreprise.","isPartOf":{"@id":"https:\/\/digloc.com\/es\/#website"},"primaryImageOfPage":{"@id":"https:\/\/digloc.com\/es\/soluciones-de-telefonia-ip-y-videotelefonia\/#primaryimage"},"image":{"@id":"https:\/\/digloc.com\/es\/soluciones-de-telefonia-ip-y-videotelefonia\/#primaryimage"},"thumbnailUrl":"https:\/\/digloc.com\/wp-content\/uploads\/2024\/09\/ima-telefonia-videofonia-IP-01.webp","datePublished":"2024-09-30T07:31:42+00:00","dateModified":"2025-11-29T17:05:35+00:00","description":"D-PHONE integra un sistema IPBX Asterisk con soporte PSTN y GSM, brindando comunicaciones VoIP avanzadas a empresas modernas.","breadcrumb":{"@id":"https:\/\/digloc.com\/es\/soluciones-de-telefonia-ip-y-videotelefonia\/#breadcrumb"},"inLanguage":"es","potentialAction":[{"@type":"ReadAction","target":["https:\/\/digloc.com\/es\/soluciones-de-telefonia-ip-y-videotelefonia\/"]}]},{"@type":"ImageObject","inLanguage":"es","@id":"https:\/\/digloc.com\/es\/soluciones-de-telefonia-ip-y-videotelefonia\/#primaryimage","url":"https:\/\/digloc.com\/wp-content\/uploads\/2024\/09\/ima-telefonia-videofonia-IP-01.webp","contentUrl":"https:\/\/digloc.com\/wp-content\/uploads\/2024\/09\/ima-telefonia-videofonia-IP-01.webp"},{"@type":"BreadcrumbList","@id":"https:\/\/digloc.com\/es\/soluciones-de-telefonia-ip-y-videotelefonia\/#breadcrumb","itemListElement":[{"@type":"ListItem","position":1,"name":"Home","item":"https:\/\/digloc.com\/es\/"},{"@type":"ListItem","position":2,"name":"Soluciones de Telefon\u00eda IP y Videotelefon\u00eda"}]},{"@type":"WebSite","@id":"https:\/\/digloc.com\/es\/#website","url":"https:\/\/digloc.com\/es\/","name":"Digloc SARL","description":"","potentialAction":[{"@type":"SearchAction","target":{"@type":"EntryPoint","urlTemplate":"https:\/\/digloc.com\/es\/?s={search_term_string}"},"query-input":{"@type":"PropertyValueSpecification","valueRequired":true,"valueName":"search_term_string"}}],"inLanguage":"es"}]}},"_links":{"self":[{"href":"https:\/\/digloc.com\/es\/wp-json\/wp\/v2\/pages\/1091","targetHints":{"allow":["GET"]}}],"collection":[{"href":"https:\/\/digloc.com\/es\/wp-json\/wp\/v2\/pages"}],"about":[{"href":"https:\/\/digloc.com\/es\/wp-json\/wp\/v2\/types\/page"}],"author":[{"embeddable":true,"href":"https:\/\/digloc.com\/es\/wp-json\/wp\/v2\/users\/1"}],"replies":[{"embeddable":true,"href":"https:\/\/digloc.com\/es\/wp-json\/wp\/v2\/comments?post=1091"}],"version-history":[{"count":12,"href":"https:\/\/digloc.com\/es\/wp-json\/wp\/v2\/pages\/1091\/revisions"}],"predecessor-version":[{"id":2351,"href":"https:\/\/digloc.com\/es\/wp-json\/wp\/v2\/pages\/1091\/revisions\/2351"}],"wp:attachment":[{"href":"https:\/\/digloc.com\/es\/wp-json\/wp\/v2\/media?parent=1091"}],"curies":[{"name":"wp","href":"https:\/\/api.w.org\/{rel}","templated":true}]}}