{"id":1076,"date":"2024-09-30T07:14:17","date_gmt":"2024-09-30T07:14:17","guid":{"rendered":"https:\/\/digloc.com\/digloctest\/controllo-accessi-biometrico\/"},"modified":"2025-11-29T17:05:50","modified_gmt":"2025-11-29T17:05:50","slug":"biometric-access-control","status":"publish","type":"page","link":"https:\/\/digloc.com\/es\/biometric-access-control\/","title":{"rendered":"Sistema de Control de Acceso y Asistencia Biom\u00e9trico IP de Alta Tecnolog\u00eda"},"content":{"rendered":"\t\t<div data-elementor-type=\"wp-page\" data-elementor-id=\"1076\" class=\"elementor elementor-1076 elementor-362\" data-elementor-post-type=\"page\">\n\t\t\t\t<div class=\"elementor-element elementor-element-ee8ac7e e-flex e-con-boxed e-con e-parent\" data-id=\"ee8ac7e\" data-element_type=\"container\" data-settings=\"{&quot;background_background&quot;:&quot;classic&quot;}\">\n\t\t\t\t\t<div class=\"e-con-inner\">\n\t\t<div class=\"elementor-element elementor-element-30cc973 e-con-full e-flex e-con e-child\" data-id=\"30cc973\" data-element_type=\"container\">\n\t\t\t\t<div class=\"elementor-element elementor-element-3faf35c elementor-widget elementor-widget-breadcrumbs\" data-id=\"3faf35c\" data-element_type=\"widget\" data-widget_type=\"breadcrumbs.default\">\n\t\t\t\t\t<p id=\"breadcrumbs\"><span><span><a href=\"https:\/\/digloc.com\/es\/\">Home<\/a><\/span><\/span><\/p>\t\t\t\t<\/div>\n\t\t\t\t<\/div>\n\t\t\t\t\t<\/div>\n\t\t\t\t<\/div>\n\t\t<div class=\"elementor-element elementor-element-b8a0dc6 e-con-full e-flex e-con e-parent\" data-id=\"b8a0dc6\" data-element_type=\"container\">\n\t\t<div class=\"elementor-element elementor-element-95bb7f8 e-con-full e-flex e-con e-child\" data-id=\"95bb7f8\" data-element_type=\"container\">\n\t\t\t\t<div class=\"elementor-element elementor-element-cdb49bc elementor-widget elementor-widget-heading\" data-id=\"cdb49bc\" data-element_type=\"widget\" data-widget_type=\"heading.default\">\n\t\t\t\t\t<h2 class=\"elementor-heading-title elementor-size-default\">D-CAS<\/h2>\t\t\t\t<\/div>\n\t\t\t\t<div class=\"elementor-element elementor-element-dcb82d0 elementor-widget elementor-widget-heading\" data-id=\"dcb82d0\" data-element_type=\"widget\" data-widget_type=\"heading.default\">\n\t\t\t\t\t<h3 class=\"elementor-heading-title elementor-size-default\">Sistema de Control de Acceso y Asistencia Biom\u00e9trico IP de Alta Tecnolog\u00eda<\/h3>\t\t\t\t<\/div>\n\t\t\t\t<div class=\"elementor-element elementor-element-02d1184 elementor-widget elementor-widget-text-editor\" data-id=\"02d1184\" data-element_type=\"widget\" data-widget_type=\"text-editor.default\">\n\t\t\t\t\t\t\t\t\t<p><strong>T-CONTROL<\/strong> es una soluci\u00f3n avanzada para el control de acceso biom\u00e9trico y la gesti\u00f3n del tiempo, desarrollada con tecnolog\u00edas de vanguardia como \u00f3ptica y esc\u00e1neres aprobados por el FBI, la CIA y el pasaporte biom\u00e9trico de la UE.<\/p><p>El sistema garantiza la <strong>m\u00e1xima seguridad y fiabilidad<\/strong> gracias al reconocimiento biom\u00e9trico, eliminando cualquier posibilidad de fraude.<\/p>\t\t\t\t\t\t\t\t<\/div>\n\t\t\t\t<\/div>\n\t\t<div class=\"elementor-element elementor-element-b5aec08 e-con-full e-flex e-con e-child\" data-id=\"b5aec08\" data-element_type=\"container\">\n\t\t\t\t<div class=\"elementor-element elementor-element-074a193 elementor-widget elementor-widget-image\" data-id=\"074a193\" data-element_type=\"widget\" data-widget_type=\"image.default\">\n\t\t\t\t\t\t\t\t\t\t\t\t\t\t\t<img fetchpriority=\"high\" decoding=\"async\" width=\"800\" height=\"500\" src=\"https:\/\/digloc.com\/wp-content\/uploads\/2025\/11\/ima-riconoscimento-biometrico-IP-01-1.webp\" class=\"attachment-full size-full wp-image-1057\" alt=\"\" srcset=\"https:\/\/digloc.com\/wp-content\/uploads\/2025\/11\/ima-riconoscimento-biometrico-IP-01-1.webp 800w, https:\/\/digloc.com\/wp-content\/uploads\/2025\/11\/ima-riconoscimento-biometrico-IP-01-1-768x480.webp 768w\" sizes=\"(max-width: 800px) 100vw, 800px\" \/>\t\t\t\t\t\t\t\t\t\t\t\t\t\t\t<\/div>\n\t\t\t\t<\/div>\n\t\t\t\t<\/div>\n\t\t<div class=\"elementor-element elementor-element-5d9153b e-flex e-con-boxed e-con e-parent\" data-id=\"5d9153b\" data-element_type=\"container\">\n\t\t\t\t\t<div class=\"e-con-inner\">\n\t\t<div class=\"elementor-element elementor-element-825844b e-con-full e-flex e-con e-child\" data-id=\"825844b\" data-element_type=\"container\">\n\t\t\t\t<div class=\"elementor-element elementor-element-5facf30 elementor-widget elementor-widget-image\" data-id=\"5facf30\" data-element_type=\"widget\" data-widget_type=\"image.default\">\n\t\t\t\t\t\t\t\t\t\t\t\t\t\t\t<img decoding=\"async\" width=\"800\" height=\"500\" src=\"https:\/\/digloc.com\/wp-content\/uploads\/2025\/11\/ima-riconoscimento-biometrico-IP-02-1.webp\" class=\"attachment-full size-full wp-image-1067\" alt=\"\" srcset=\"https:\/\/digloc.com\/wp-content\/uploads\/2025\/11\/ima-riconoscimento-biometrico-IP-02-1.webp 800w, https:\/\/digloc.com\/wp-content\/uploads\/2025\/11\/ima-riconoscimento-biometrico-IP-02-1-768x480.webp 768w\" sizes=\"(max-width: 800px) 100vw, 800px\" \/>\t\t\t\t\t\t\t\t\t\t\t\t\t\t\t<\/div>\n\t\t\t\t<\/div>\n\t\t<div class=\"elementor-element elementor-element-203013f e-con-full e-flex e-con e-child\" data-id=\"203013f\" data-element_type=\"container\">\n\t\t\t\t<div class=\"elementor-element elementor-element-c801936 elementor-widget elementor-widget-heading\" data-id=\"c801936\" data-element_type=\"widget\" data-widget_type=\"heading.default\">\n\t\t\t\t\t<h2 class=\"elementor-heading-title elementor-size-default\">Las principales caracter\u00edsticas del sistema incluyen:<\/h2>\t\t\t\t<\/div>\n\t\t\t\t<div class=\"elementor-element elementor-element-34396fb elementor-widget elementor-widget-text-editor\" data-id=\"34396fb\" data-element_type=\"widget\" data-widget_type=\"text-editor.default\">\n\t\t\t\t\t\t\t\t\t<ul><li><strong>Identificaci\u00f3n por huella dactilar<\/strong>, tarjeta RFID y\/o c\u00f3digo, todos \u00fanicos para cada usuario.<\/li><li><strong>Gesti\u00f3n centralizada<\/strong>: mediante software de servidor, el sistema puede administrarse remotamente, incluyendo la incorporaci\u00f3n de nuevos usuarios y sus huellas dactilares directamente desde la oficina.<\/li><li><strong>Conectividad de red IP<\/strong>, que garantiza una f\u00e1cil integraci\u00f3n con las infraestructuras existentes.<\/li><\/ul><div>\u00a0<\/div><p>Gracias a esta soluci\u00f3n, la gesti\u00f3n de asistencia y acceso no solo se vuelve m\u00e1s eficiente, sino tambi\u00e9n m\u00e1s segura y sencilla de usar, todo a un precio competitivo.<\/p>\t\t\t\t\t\t\t\t<\/div>\n\t\t\t\t<\/div>\n\t\t\t\t\t<\/div>\n\t\t\t\t<\/div>\n\t\t<div class=\"elementor-element elementor-element-6b7cf33 e-flex e-con-boxed e-con e-parent\" data-id=\"6b7cf33\" data-element_type=\"container\" data-settings=\"{&quot;background_background&quot;:&quot;classic&quot;}\">\n\t\t\t\t\t<div class=\"e-con-inner\">\n\t\t<div class=\"elementor-element elementor-element-525dd92 e-con-full e-flex e-con e-child\" data-id=\"525dd92\" data-element_type=\"container\">\n\t\t\t\t<div class=\"elementor-element elementor-element-2c37aa2 elementor-widget elementor-widget-heading\" data-id=\"2c37aa2\" data-element_type=\"widget\" data-widget_type=\"heading.default\">\n\t\t\t\t\t<h2 class=\"elementor-heading-title elementor-size-default\">Hablemos de tu proyecto<\/h2>\t\t\t\t<\/div>\n\t\t\t\t<div class=\"elementor-element elementor-element-ea01c32 elementor-widget__width-initial elementor-widget elementor-widget-heading\" data-id=\"ea01c32\" data-element_type=\"widget\" data-widget_type=\"heading.default\">\n\t\t\t\t\t<h3 class=\"elementor-heading-title elementor-size-default\">Escr\u00edbanos, nuestros jefes de proyecto responder\u00e1n r\u00e1pidamente con las respuestas a sus preguntas.<\/h3>\t\t\t\t<\/div>\n\t\t\t\t<div class=\"elementor-element elementor-element-592e693 elementor-widget elementor-widget-spacer\" data-id=\"592e693\" data-element_type=\"widget\" data-widget_type=\"spacer.default\">\n\t\t\t\t\t\t\t<div class=\"elementor-spacer\">\n\t\t\t<div class=\"elementor-spacer-inner\"><\/div>\n\t\t<\/div>\n\t\t\t\t\t\t<\/div>\n\t\t<div class=\"elementor-element elementor-element-061ab76 e-con-full e-flex e-con e-child\" data-id=\"061ab76\" data-element_type=\"container\" data-settings=\"{&quot;background_background&quot;:&quot;classic&quot;}\">\n\t\t\t\t<div class=\"elementor-element elementor-element-8079239 elementor-button-align-stretch elementor-widget elementor-widget-form\" data-id=\"8079239\" data-element_type=\"widget\" data-settings=\"{&quot;step_next_label&quot;:&quot;Successivo&quot;,&quot;step_previous_label&quot;:&quot;Precedente&quot;,&quot;button_width&quot;:&quot;100&quot;,&quot;step_type&quot;:&quot;number_text&quot;,&quot;step_icon_shape&quot;:&quot;circle&quot;}\" data-widget_type=\"form.default\">\n\t\t\t\t\t\t\t<form class=\"elementor-form\" method=\"post\" name=\"Modulo contattaci\" aria-label=\"Modulo contattaci\">\n\t\t\t<input type=\"hidden\" name=\"post_id\" value=\"1076\"\/>\n\t\t\t<input type=\"hidden\" name=\"form_id\" value=\"8079239\"\/>\n\t\t\t<input type=\"hidden\" name=\"referer_title\" value=\"Digloc\" \/>\n\n\t\t\t\n\t\t\t<div class=\"elementor-form-fields-wrapper elementor-labels-above\">\n\t\t\t\t\t\t\t\t<div class=\"elementor-field-type-text elementor-field-group elementor-column elementor-field-group-name elementor-col-50 elementor-field-required elementor-mark-required\">\n\t\t\t\t\t\t\t\t\t\t\t\t<label for=\"form-field-name\" class=\"elementor-field-label\">\n\t\t\t\t\t\t\t\tNombre de empresa\t\t\t\t\t\t\t<\/label>\n\t\t\t\t\t\t\t\t\t\t\t\t\t\t<input size=\"1\" type=\"text\" name=\"form_fields[name]\" id=\"form-field-name\" class=\"elementor-field elementor-size-md  elementor-field-textual\" required=\"required\">\n\t\t\t\t\t\t\t\t\t\t\t<\/div>\n\t\t\t\t\t\t\t\t<div class=\"elementor-field-type-text elementor-field-group elementor-column elementor-field-group-field_6b6d918 elementor-col-50 elementor-field-required elementor-mark-required\">\n\t\t\t\t\t\t\t\t\t\t\t\t<label for=\"form-field-field_6b6d918\" class=\"elementor-field-label\">\n\t\t\t\t\t\t\t\tNombre y Apellidos\t\t\t\t\t\t\t<\/label>\n\t\t\t\t\t\t\t\t\t\t\t\t\t\t<input size=\"1\" type=\"text\" name=\"form_fields[field_6b6d918]\" id=\"form-field-field_6b6d918\" class=\"elementor-field elementor-size-md  elementor-field-textual\" required=\"required\">\n\t\t\t\t\t\t\t\t\t\t\t<\/div>\n\t\t\t\t\t\t\t\t<div class=\"elementor-field-type-text elementor-field-group elementor-column elementor-field-group-field_dfca383 elementor-col-50\">\n\t\t\t\t\t\t\t\t\t\t\t\t<label for=\"form-field-field_dfca383\" class=\"elementor-field-label\">\n\t\t\t\t\t\t\t\tCiudad\t\t\t\t\t\t\t<\/label>\n\t\t\t\t\t\t\t\t\t\t\t\t\t\t<input size=\"1\" type=\"text\" name=\"form_fields[field_dfca383]\" id=\"form-field-field_dfca383\" class=\"elementor-field elementor-size-md  elementor-field-textual\">\n\t\t\t\t\t\t\t\t\t\t\t<\/div>\n\t\t\t\t\t\t\t\t<div class=\"elementor-field-type-tel elementor-field-group elementor-column elementor-field-group-field_f36fce8 elementor-col-50 elementor-field-required elementor-mark-required\">\n\t\t\t\t\t\t\t\t\t\t\t\t<label for=\"form-field-field_f36fce8\" class=\"elementor-field-label\">\n\t\t\t\t\t\t\t\tTel\u00e9fono\t\t\t\t\t\t\t<\/label>\n\t\t\t\t\t\t\t\t<input size=\"1\" type=\"tel\" name=\"form_fields[field_f36fce8]\" id=\"form-field-field_f36fce8\" class=\"elementor-field elementor-size-md  elementor-field-textual\" required=\"required\" pattern=\"[0-9()#&amp;+*-=.]+\" title=\"Solo se aceptan n\u00fameros y caracteres de tel\u00e9fono (#,-,*,etc).\">\n\n\t\t\t\t\t\t<\/div>\n\t\t\t\t\t\t\t\t<div class=\"elementor-field-type-email elementor-field-group elementor-column elementor-field-group-email elementor-col-100 elementor-field-required elementor-mark-required\">\n\t\t\t\t\t\t\t\t\t\t\t\t<label for=\"form-field-email\" class=\"elementor-field-label\">\n\t\t\t\t\t\t\t\tEmail\t\t\t\t\t\t\t<\/label>\n\t\t\t\t\t\t\t\t\t\t\t\t\t\t<input size=\"1\" type=\"email\" name=\"form_fields[email]\" id=\"form-field-email\" class=\"elementor-field elementor-size-md  elementor-field-textual\" required=\"required\">\n\t\t\t\t\t\t\t\t\t\t\t<\/div>\n\t\t\t\t\t\t\t\t<div class=\"elementor-field-type-textarea elementor-field-group elementor-column elementor-field-group-message elementor-col-100\">\n\t\t\t\t\t\t\t\t\t\t\t\t<label for=\"form-field-message\" class=\"elementor-field-label\">\n\t\t\t\t\t\t\t\tMensaje\t\t\t\t\t\t\t<\/label>\n\t\t\t\t\t\t<textarea class=\"elementor-field-textual elementor-field  elementor-size-md\" name=\"form_fields[message]\" id=\"form-field-message\" rows=\"4\"><\/textarea>\t\t\t\t<\/div>\n\t\t\t\t\t\t\t\t<div class=\"elementor-field-type-acceptance elementor-field-group elementor-column elementor-field-group-field_592cf99 elementor-col-100 elementor-field-required elementor-mark-required\">\n\t\t\t\t\t\t\t\t\t\t\t\t<label for=\"form-field-field_592cf99\" class=\"elementor-field-label\">\n\t\t\t\t\t\t\t\tPrivacy Policy\t\t\t\t\t\t\t<\/label>\n\t\t\t\t\t\t\t\t<div class=\"elementor-field-subgroup\">\n\t\t\t<span class=\"elementor-field-option\">\n\t\t\t\t<input type=\"checkbox\" name=\"form_fields[field_592cf99]\" id=\"form-field-field_592cf99\" class=\"elementor-field elementor-size-md  elementor-acceptance-field\" required=\"required\">\n\t\t\t\t<label for=\"form-field-field_592cf99\">Declaro que he le\u00eddo y aceptado la <b><a href=\"https:\/\/digloc.com\/privacy-policy\/\" target=\"_blank\">Pol\u00edtica de Privacidad<\/a><\/b>, y que mis datos personales ser\u00e1n tratados de conformidad con la Ley Argelina n\u00ba 18-07 sobre protecci\u00f3n de datos personales.<\/label>\t\t\t<\/span>\n\t\t<\/div>\n\t\t\t\t\t\t<\/div>\n\t\t\t\t\t\t\t\t<div class=\"elementor-field-type-recaptcha_v3 elementor-field-group elementor-column elementor-field-group-field_89c647f elementor-col-100 recaptcha_v3-inline\">\n\t\t\t\t\t<div class=\"elementor-field\" id=\"form-field-field_89c647f\"><div class=\"elementor-g-recaptcha\" data-sitekey=\"6LcJExwsAAAAAAzf49t9w0g9QUttb2rWpzi3B-M8\" data-type=\"v3\" data-action=\"Form\" data-badge=\"inline\" data-size=\"invisible\"><\/div><\/div>\t\t\t\t<\/div>\n\t\t\t\t\t\t\t\t<div class=\"elementor-field-group elementor-column elementor-field-type-submit elementor-col-100 e-form__buttons\">\n\t\t\t\t\t<button class=\"elementor-button elementor-size-md\" type=\"submit\">\n\t\t\t\t\t\t<span class=\"elementor-button-content-wrapper\">\n\t\t\t\t\t\t\t\t\t\t\t\t\t\t\t\t\t\t\t\t\t\t<span class=\"elementor-button-text\">ENVIAR<\/span>\n\t\t\t\t\t\t\t\t\t\t\t\t\t<\/span>\n\t\t\t\t\t<\/button>\n\t\t\t\t<\/div>\n\t\t\t<\/div>\n\t\t<\/form>\n\t\t\t\t\t\t<\/div>\n\t\t\t\t<\/div>\n\t\t\t\t<\/div>\n\t\t\t\t\t<\/div>\n\t\t\t\t<\/div>\n\t\t\t\t<\/div>\n\t\t","protected":false},"excerpt":{"rendered":"<p>D-CAS Sistema de Control de Acceso y Asistencia Biom\u00e9trico IP de Alta Tecnolog\u00eda T-CONTROL es una soluci\u00f3n avanzada para el control de acceso biom\u00e9trico y la gesti\u00f3n del tiempo, desarrollada con tecnolog\u00edas de vanguardia como \u00f3ptica y esc\u00e1neres aprobados por el FBI, la CIA y el pasaporte biom\u00e9trico de la UE. El sistema garantiza la [&hellip;]<\/p>\n","protected":false},"author":1,"featured_media":0,"parent":0,"menu_order":0,"comment_status":"closed","ping_status":"closed","template":"","meta":{"footnotes":""},"class_list":["post-1076","page","type-page","status-publish","hentry"],"yoast_head":"<!-- This site is optimized with the Yoast SEO plugin v26.4 - https:\/\/yoast.com\/wordpress\/plugins\/seo\/ -->\n<title>Control Biom\u00e9trico IP de Accesos y Presencias \u2013 D-CAS \u2013 Digloc<\/title>\n<meta name=\"description\" content=\"Digloc D-CAS gestiona accesos y asistencia mediante reconocimiento biom\u00e9trico avanzado y red IP, garantizando seguridad total.\" \/>\n<meta name=\"robots\" content=\"index, follow, max-snippet:-1, max-image-preview:large, max-video-preview:-1\" \/>\n<link rel=\"canonical\" href=\"https:\/\/digloc.com\/es\/biometric-access-control\/\" \/>\n<meta property=\"og:locale\" content=\"es_ES\" \/>\n<meta property=\"og:type\" content=\"article\" \/>\n<meta property=\"og:title\" content=\"Control Biom\u00e9trico IP de Accesos y Presencias \u2013 D-CAS \u2013 Digloc\" \/>\n<meta property=\"og:description\" content=\"Digloc D-CAS gestiona accesos y asistencia mediante reconocimiento biom\u00e9trico avanzado y red IP, garantizando seguridad total.\" \/>\n<meta property=\"og:url\" content=\"https:\/\/digloc.com\/es\/biometric-access-control\/\" \/>\n<meta property=\"og:site_name\" content=\"Digloc\" \/>\n<meta property=\"article:modified_time\" content=\"2025-11-29T17:05:50+00:00\" \/>\n<meta property=\"og:image\" content=\"https:\/\/digloc.com\/wp-content\/uploads\/2025\/11\/ima-riconoscimento-biometrico-IP-01-1.webp\" \/>\n\t<meta property=\"og:image:width\" content=\"800\" \/>\n\t<meta property=\"og:image:height\" content=\"500\" \/>\n\t<meta property=\"og:image:type\" content=\"image\/webp\" \/>\n<meta name=\"twitter:card\" content=\"summary_large_image\" \/>\n<meta name=\"twitter:label1\" content=\"Tiempo de lectura\" \/>\n\t<meta name=\"twitter:data1\" content=\"2 minutos\" \/>\n<script type=\"application\/ld+json\" class=\"yoast-schema-graph\">{\"@context\":\"https:\/\/schema.org\",\"@graph\":[{\"@type\":\"WebPage\",\"@id\":\"https:\/\/digloc.com\/es\/biometric-access-control\/\",\"url\":\"https:\/\/digloc.com\/es\/biometric-access-control\/\",\"name\":\"Control Biom\u00e9trico IP de Accesos y Presencias \u2013 D-CAS \u2013 Digloc\",\"isPartOf\":{\"@id\":\"https:\/\/digloc.com\/es\/#website\"},\"primaryImageOfPage\":{\"@id\":\"https:\/\/digloc.com\/es\/biometric-access-control\/#primaryimage\"},\"image\":{\"@id\":\"https:\/\/digloc.com\/es\/biometric-access-control\/#primaryimage\"},\"thumbnailUrl\":\"https:\/\/digloc.com\/wp-content\/uploads\/2025\/11\/ima-riconoscimento-biometrico-IP-01-1.webp\",\"datePublished\":\"2024-09-30T07:14:17+00:00\",\"dateModified\":\"2025-11-29T17:05:50+00:00\",\"description\":\"Digloc D-CAS gestiona accesos y asistencia mediante reconocimiento biom\u00e9trico avanzado y red IP, garantizando seguridad total.\",\"breadcrumb\":{\"@id\":\"https:\/\/digloc.com\/es\/biometric-access-control\/#breadcrumb\"},\"inLanguage\":\"es\",\"potentialAction\":[{\"@type\":\"ReadAction\",\"target\":[\"https:\/\/digloc.com\/es\/biometric-access-control\/\"]}]},{\"@type\":\"ImageObject\",\"inLanguage\":\"es\",\"@id\":\"https:\/\/digloc.com\/es\/biometric-access-control\/#primaryimage\",\"url\":\"https:\/\/digloc.com\/wp-content\/uploads\/2025\/11\/ima-riconoscimento-biometrico-IP-01-1.webp\",\"contentUrl\":\"https:\/\/digloc.com\/wp-content\/uploads\/2025\/11\/ima-riconoscimento-biometrico-IP-01-1.webp\"},{\"@type\":\"BreadcrumbList\",\"@id\":\"https:\/\/digloc.com\/es\/biometric-access-control\/#breadcrumb\",\"itemListElement\":[{\"@type\":\"ListItem\",\"position\":1,\"name\":\"Home\",\"item\":\"https:\/\/digloc.com\/es\/\"},{\"@type\":\"ListItem\",\"position\":2,\"name\":\"Sistema de Control de Acceso y Asistencia Biom\u00e9trico IP de Alta Tecnolog\u00eda\"}]},{\"@type\":\"WebSite\",\"@id\":\"https:\/\/digloc.com\/es\/#website\",\"url\":\"https:\/\/digloc.com\/es\/\",\"name\":\"Digloc SARL\",\"description\":\"\",\"potentialAction\":[{\"@type\":\"SearchAction\",\"target\":{\"@type\":\"EntryPoint\",\"urlTemplate\":\"https:\/\/digloc.com\/es\/?s={search_term_string}\"},\"query-input\":{\"@type\":\"PropertyValueSpecification\",\"valueRequired\":true,\"valueName\":\"search_term_string\"}}],\"inLanguage\":\"es\"}]}<\/script>\n<!-- \/ Yoast SEO plugin. -->","yoast_head_json":{"title":"Control Biom\u00e9trico IP de Accesos y Presencias \u2013 D-CAS \u2013 Digloc","description":"Digloc D-CAS gestiona accesos y asistencia mediante reconocimiento biom\u00e9trico avanzado y red IP, garantizando seguridad total.","robots":{"index":"index","follow":"follow","max-snippet":"max-snippet:-1","max-image-preview":"max-image-preview:large","max-video-preview":"max-video-preview:-1"},"canonical":"https:\/\/digloc.com\/es\/biometric-access-control\/","og_locale":"es_ES","og_type":"article","og_title":"Control Biom\u00e9trico IP de Accesos y Presencias \u2013 D-CAS \u2013 Digloc","og_description":"Digloc D-CAS gestiona accesos y asistencia mediante reconocimiento biom\u00e9trico avanzado y red IP, garantizando seguridad total.","og_url":"https:\/\/digloc.com\/es\/biometric-access-control\/","og_site_name":"Digloc","article_modified_time":"2025-11-29T17:05:50+00:00","og_image":[{"width":800,"height":500,"url":"https:\/\/digloc.com\/wp-content\/uploads\/2025\/11\/ima-riconoscimento-biometrico-IP-01-1.webp","type":"image\/webp"}],"twitter_card":"summary_large_image","twitter_misc":{"Tiempo de lectura":"2 minutos"},"schema":{"@context":"https:\/\/schema.org","@graph":[{"@type":"WebPage","@id":"https:\/\/digloc.com\/es\/biometric-access-control\/","url":"https:\/\/digloc.com\/es\/biometric-access-control\/","name":"Control Biom\u00e9trico IP de Accesos y Presencias \u2013 D-CAS \u2013 Digloc","isPartOf":{"@id":"https:\/\/digloc.com\/es\/#website"},"primaryImageOfPage":{"@id":"https:\/\/digloc.com\/es\/biometric-access-control\/#primaryimage"},"image":{"@id":"https:\/\/digloc.com\/es\/biometric-access-control\/#primaryimage"},"thumbnailUrl":"https:\/\/digloc.com\/wp-content\/uploads\/2025\/11\/ima-riconoscimento-biometrico-IP-01-1.webp","datePublished":"2024-09-30T07:14:17+00:00","dateModified":"2025-11-29T17:05:50+00:00","description":"Digloc D-CAS gestiona accesos y asistencia mediante reconocimiento biom\u00e9trico avanzado y red IP, garantizando seguridad total.","breadcrumb":{"@id":"https:\/\/digloc.com\/es\/biometric-access-control\/#breadcrumb"},"inLanguage":"es","potentialAction":[{"@type":"ReadAction","target":["https:\/\/digloc.com\/es\/biometric-access-control\/"]}]},{"@type":"ImageObject","inLanguage":"es","@id":"https:\/\/digloc.com\/es\/biometric-access-control\/#primaryimage","url":"https:\/\/digloc.com\/wp-content\/uploads\/2025\/11\/ima-riconoscimento-biometrico-IP-01-1.webp","contentUrl":"https:\/\/digloc.com\/wp-content\/uploads\/2025\/11\/ima-riconoscimento-biometrico-IP-01-1.webp"},{"@type":"BreadcrumbList","@id":"https:\/\/digloc.com\/es\/biometric-access-control\/#breadcrumb","itemListElement":[{"@type":"ListItem","position":1,"name":"Home","item":"https:\/\/digloc.com\/es\/"},{"@type":"ListItem","position":2,"name":"Sistema de Control de Acceso y Asistencia Biom\u00e9trico IP de Alta Tecnolog\u00eda"}]},{"@type":"WebSite","@id":"https:\/\/digloc.com\/es\/#website","url":"https:\/\/digloc.com\/es\/","name":"Digloc SARL","description":"","potentialAction":[{"@type":"SearchAction","target":{"@type":"EntryPoint","urlTemplate":"https:\/\/digloc.com\/es\/?s={search_term_string}"},"query-input":{"@type":"PropertyValueSpecification","valueRequired":true,"valueName":"search_term_string"}}],"inLanguage":"es"}]}},"_links":{"self":[{"href":"https:\/\/digloc.com\/es\/wp-json\/wp\/v2\/pages\/1076","targetHints":{"allow":["GET"]}}],"collection":[{"href":"https:\/\/digloc.com\/es\/wp-json\/wp\/v2\/pages"}],"about":[{"href":"https:\/\/digloc.com\/es\/wp-json\/wp\/v2\/types\/page"}],"author":[{"embeddable":true,"href":"https:\/\/digloc.com\/es\/wp-json\/wp\/v2\/users\/1"}],"replies":[{"embeddable":true,"href":"https:\/\/digloc.com\/es\/wp-json\/wp\/v2\/comments?post=1076"}],"version-history":[{"count":12,"href":"https:\/\/digloc.com\/es\/wp-json\/wp\/v2\/pages\/1076\/revisions"}],"predecessor-version":[{"id":2354,"href":"https:\/\/digloc.com\/es\/wp-json\/wp\/v2\/pages\/1076\/revisions\/2354"}],"wp:attachment":[{"href":"https:\/\/digloc.com\/es\/wp-json\/wp\/v2\/media?parent=1076"}],"curies":[{"name":"wp","href":"https:\/\/api.w.org\/{rel}","templated":true}]}}