{"id":1018,"date":"2024-09-28T14:05:09","date_gmt":"2024-09-28T14:05:09","guid":{"rendered":"https:\/\/digloc.com\/digloctest\/sistema-di-rilevamento-intrusioni-e-incendi\/"},"modified":"2025-11-29T17:05:29","modified_gmt":"2025-11-29T17:05:29","slug":"sistema-de-deteccion-de-intrusiones-e-incendios","status":"publish","type":"page","link":"https:\/\/digloc.com\/es\/sistema-de-deteccion-de-intrusiones-e-incendios\/","title":{"rendered":"Sistema de Detecci\u00f3n de Intrusiones e Incendios"},"content":{"rendered":"\t\t<div data-elementor-type=\"wp-page\" data-elementor-id=\"1018\" class=\"elementor elementor-1018 elementor-326\" data-elementor-post-type=\"page\">\n\t\t\t\t<div class=\"elementor-element elementor-element-3fee8c7 e-flex e-con-boxed e-con e-parent\" data-id=\"3fee8c7\" data-element_type=\"container\" data-settings=\"{&quot;background_background&quot;:&quot;classic&quot;}\">\n\t\t\t\t\t<div class=\"e-con-inner\">\n\t\t<div class=\"elementor-element elementor-element-6aa5fb1 e-con-full e-flex e-con e-child\" data-id=\"6aa5fb1\" data-element_type=\"container\">\n\t\t\t\t<div class=\"elementor-element elementor-element-b03a6bc elementor-widget elementor-widget-breadcrumbs\" data-id=\"b03a6bc\" data-element_type=\"widget\" data-widget_type=\"breadcrumbs.default\">\n\t\t\t\t\t<p id=\"breadcrumbs\"><span><span><a href=\"https:\/\/digloc.com\/es\/\">Home<\/a><\/span><\/span><\/p>\t\t\t\t<\/div>\n\t\t\t\t<\/div>\n\t\t\t\t\t<\/div>\n\t\t\t\t<\/div>\n\t\t<div class=\"elementor-element elementor-element-436bd17 e-flex e-con-boxed e-con e-parent\" data-id=\"436bd17\" data-element_type=\"container\">\n\t\t\t\t\t<div class=\"e-con-inner\">\n\t\t<div class=\"elementor-element elementor-element-41f09c9 e-con-full e-flex e-con e-child\" data-id=\"41f09c9\" data-element_type=\"container\">\n\t\t\t\t<div class=\"elementor-element elementor-element-217bfe4 elementor-widget elementor-widget-heading\" data-id=\"217bfe4\" data-element_type=\"widget\" data-widget_type=\"heading.default\">\n\t\t\t\t\t<h2 class=\"elementor-heading-title elementor-size-default\">D-DII\n<\/h2>\t\t\t\t<\/div>\n\t\t\t\t<div class=\"elementor-element elementor-element-e675150 elementor-widget elementor-widget-heading\" data-id=\"e675150\" data-element_type=\"widget\" data-widget_type=\"heading.default\">\n\t\t\t\t\t<h3 class=\"elementor-heading-title elementor-size-default\">Sistema de Detecci\u00f3n de Intrusiones e Incendios<\/h3>\t\t\t\t<\/div>\n\t\t\t\t<div class=\"elementor-element elementor-element-c20fe20 elementor-widget elementor-widget-text-editor\" data-id=\"c20fe20\" data-element_type=\"widget\" data-widget_type=\"text-editor.default\">\n\t\t\t\t\t\t\t\t\t<p>Nuestra soluci\u00f3n T-DII ha sido incorporada a nuestras ofertas para proporcionar a nuestros clientes una propuesta global y completa, con el objetivo de garantizar una protecci\u00f3n integral de sus bienes.<\/p><p>Integramos el sistema de detecci\u00f3n de intrusiones e incendios en nuestro software servidor para asegurar una gesti\u00f3n centralizada por IP de toda la seguridad de la empresa.<\/p><p>Esto te permite gestionar accesos y alarmas directamente desde tu PC o dispositivo m\u00f3vil.<\/p><p>Por este motivo, hemos optado por dos marcas que nos permiten la integraci\u00f3n y el control total de las centrales a trav\u00e9s de nuestro software.<\/p>\t\t\t\t\t\t\t\t<\/div>\n\t\t\t\t<\/div>\n\t\t<div class=\"elementor-element elementor-element-70bbf6a e-con-full e-flex e-con e-child\" data-id=\"70bbf6a\" data-element_type=\"container\">\n\t\t\t\t<div class=\"elementor-element elementor-element-3542330 elementor-widget elementor-widget-image\" data-id=\"3542330\" data-element_type=\"widget\" data-widget_type=\"image.default\">\n\t\t\t\t\t\t\t\t\t\t\t\t\t\t\t<img fetchpriority=\"high\" decoding=\"async\" width=\"800\" height=\"500\" src=\"https:\/\/digloc.com\/wp-content\/uploads\/2024\/09\/ima-ddi-1.webp\" class=\"attachment-full size-full wp-image-715\" alt=\"\" srcset=\"https:\/\/digloc.com\/wp-content\/uploads\/2024\/09\/ima-ddi-1.webp 800w, https:\/\/digloc.com\/wp-content\/uploads\/2024\/09\/ima-ddi-1-300x188.webp 300w, https:\/\/digloc.com\/wp-content\/uploads\/2024\/09\/ima-ddi-1-768x480.webp 768w\" sizes=\"(max-width: 800px) 100vw, 800px\" \/>\t\t\t\t\t\t\t\t\t\t\t\t\t\t\t<\/div>\n\t\t\t\t<\/div>\n\t\t\t\t\t<\/div>\n\t\t\t\t<\/div>\n\t\t<div class=\"elementor-element elementor-element-d3508e8 e-flex e-con-boxed e-con e-parent\" data-id=\"d3508e8\" data-element_type=\"container\" data-settings=\"{&quot;background_background&quot;:&quot;classic&quot;}\">\n\t\t\t\t\t<div class=\"e-con-inner\">\n\t\t<div class=\"elementor-element elementor-element-da684f1 e-con-full e-flex e-con e-child\" data-id=\"da684f1\" data-element_type=\"container\">\n\t\t\t\t<div class=\"elementor-element elementor-element-b25bfd7 elementor-widget elementor-widget-heading\" data-id=\"b25bfd7\" data-element_type=\"widget\" data-widget_type=\"heading.default\">\n\t\t\t\t\t<h2 class=\"elementor-heading-title elementor-size-default\">Hablemos de tu proyecto<\/h2>\t\t\t\t<\/div>\n\t\t\t\t<div class=\"elementor-element elementor-element-bcdfcda elementor-widget__width-initial elementor-widget elementor-widget-heading\" data-id=\"bcdfcda\" data-element_type=\"widget\" data-widget_type=\"heading.default\">\n\t\t\t\t\t<h3 class=\"elementor-heading-title elementor-size-default\">Escr\u00edbanos, nuestros jefes de proyecto responder\u00e1n r\u00e1pidamente con las respuestas a sus preguntas.<\/h3>\t\t\t\t<\/div>\n\t\t\t\t<div class=\"elementor-element elementor-element-967b113 elementor-widget elementor-widget-spacer\" data-id=\"967b113\" data-element_type=\"widget\" data-widget_type=\"spacer.default\">\n\t\t\t\t\t\t\t<div class=\"elementor-spacer\">\n\t\t\t<div class=\"elementor-spacer-inner\"><\/div>\n\t\t<\/div>\n\t\t\t\t\t\t<\/div>\n\t\t<div class=\"elementor-element elementor-element-8dddbd4 e-con-full e-flex e-con e-child\" data-id=\"8dddbd4\" data-element_type=\"container\" data-settings=\"{&quot;background_background&quot;:&quot;classic&quot;}\">\n\t\t\t\t<div class=\"elementor-element elementor-element-e75fd9e elementor-button-align-stretch elementor-widget elementor-widget-form\" data-id=\"e75fd9e\" data-element_type=\"widget\" data-settings=\"{&quot;step_next_label&quot;:&quot;Successivo&quot;,&quot;step_previous_label&quot;:&quot;Precedente&quot;,&quot;button_width&quot;:&quot;100&quot;,&quot;step_type&quot;:&quot;number_text&quot;,&quot;step_icon_shape&quot;:&quot;circle&quot;}\" data-widget_type=\"form.default\">\n\t\t\t\t\t\t\t<form class=\"elementor-form\" method=\"post\" name=\"Modulo contattaci\" aria-label=\"Modulo contattaci\">\n\t\t\t<input type=\"hidden\" name=\"post_id\" value=\"1018\"\/>\n\t\t\t<input type=\"hidden\" name=\"form_id\" value=\"e75fd9e\"\/>\n\t\t\t<input type=\"hidden\" name=\"referer_title\" value=\"Digloc\" \/>\n\n\t\t\t\n\t\t\t<div class=\"elementor-form-fields-wrapper elementor-labels-above\">\n\t\t\t\t\t\t\t\t<div class=\"elementor-field-type-text elementor-field-group elementor-column elementor-field-group-name elementor-col-50 elementor-field-required elementor-mark-required\">\n\t\t\t\t\t\t\t\t\t\t\t\t<label for=\"form-field-name\" class=\"elementor-field-label\">\n\t\t\t\t\t\t\t\tNombre de empresa\t\t\t\t\t\t\t<\/label>\n\t\t\t\t\t\t\t\t\t\t\t\t\t\t<input size=\"1\" type=\"text\" name=\"form_fields[name]\" id=\"form-field-name\" class=\"elementor-field elementor-size-md  elementor-field-textual\" required=\"required\">\n\t\t\t\t\t\t\t\t\t\t\t<\/div>\n\t\t\t\t\t\t\t\t<div class=\"elementor-field-type-text elementor-field-group elementor-column elementor-field-group-field_6b6d918 elementor-col-50 elementor-field-required elementor-mark-required\">\n\t\t\t\t\t\t\t\t\t\t\t\t<label for=\"form-field-field_6b6d918\" class=\"elementor-field-label\">\n\t\t\t\t\t\t\t\tNombre y Apellidos\t\t\t\t\t\t\t<\/label>\n\t\t\t\t\t\t\t\t\t\t\t\t\t\t<input size=\"1\" type=\"text\" name=\"form_fields[field_6b6d918]\" id=\"form-field-field_6b6d918\" class=\"elementor-field elementor-size-md  elementor-field-textual\" required=\"required\">\n\t\t\t\t\t\t\t\t\t\t\t<\/div>\n\t\t\t\t\t\t\t\t<div class=\"elementor-field-type-text elementor-field-group elementor-column elementor-field-group-field_dfca383 elementor-col-50\">\n\t\t\t\t\t\t\t\t\t\t\t\t<label for=\"form-field-field_dfca383\" class=\"elementor-field-label\">\n\t\t\t\t\t\t\t\tCiudad\t\t\t\t\t\t\t<\/label>\n\t\t\t\t\t\t\t\t\t\t\t\t\t\t<input size=\"1\" type=\"text\" name=\"form_fields[field_dfca383]\" id=\"form-field-field_dfca383\" class=\"elementor-field elementor-size-md  elementor-field-textual\">\n\t\t\t\t\t\t\t\t\t\t\t<\/div>\n\t\t\t\t\t\t\t\t<div class=\"elementor-field-type-tel elementor-field-group elementor-column elementor-field-group-field_f36fce8 elementor-col-50 elementor-field-required elementor-mark-required\">\n\t\t\t\t\t\t\t\t\t\t\t\t<label for=\"form-field-field_f36fce8\" class=\"elementor-field-label\">\n\t\t\t\t\t\t\t\tTel\u00e9fono\t\t\t\t\t\t\t<\/label>\n\t\t\t\t\t\t\t\t<input size=\"1\" type=\"tel\" name=\"form_fields[field_f36fce8]\" id=\"form-field-field_f36fce8\" class=\"elementor-field elementor-size-md  elementor-field-textual\" required=\"required\" pattern=\"[0-9()#&amp;+*-=.]+\" title=\"Solo se aceptan n\u00fameros y caracteres de tel\u00e9fono (#,-,*,etc).\">\n\n\t\t\t\t\t\t<\/div>\n\t\t\t\t\t\t\t\t<div class=\"elementor-field-type-email elementor-field-group elementor-column elementor-field-group-email elementor-col-100 elementor-field-required elementor-mark-required\">\n\t\t\t\t\t\t\t\t\t\t\t\t<label for=\"form-field-email\" class=\"elementor-field-label\">\n\t\t\t\t\t\t\t\tEmail\t\t\t\t\t\t\t<\/label>\n\t\t\t\t\t\t\t\t\t\t\t\t\t\t<input size=\"1\" type=\"email\" name=\"form_fields[email]\" id=\"form-field-email\" class=\"elementor-field elementor-size-md  elementor-field-textual\" required=\"required\">\n\t\t\t\t\t\t\t\t\t\t\t<\/div>\n\t\t\t\t\t\t\t\t<div class=\"elementor-field-type-textarea elementor-field-group elementor-column elementor-field-group-message elementor-col-100\">\n\t\t\t\t\t\t\t\t\t\t\t\t<label for=\"form-field-message\" class=\"elementor-field-label\">\n\t\t\t\t\t\t\t\tMensaje\t\t\t\t\t\t\t<\/label>\n\t\t\t\t\t\t<textarea class=\"elementor-field-textual elementor-field  elementor-size-md\" name=\"form_fields[message]\" id=\"form-field-message\" rows=\"4\"><\/textarea>\t\t\t\t<\/div>\n\t\t\t\t\t\t\t\t<div class=\"elementor-field-type-acceptance elementor-field-group elementor-column elementor-field-group-field_592cf99 elementor-col-100 elementor-field-required elementor-mark-required\">\n\t\t\t\t\t\t\t\t\t\t\t\t<label for=\"form-field-field_592cf99\" class=\"elementor-field-label\">\n\t\t\t\t\t\t\t\tPrivacy Policy\t\t\t\t\t\t\t<\/label>\n\t\t\t\t\t\t\t\t<div class=\"elementor-field-subgroup\">\n\t\t\t<span class=\"elementor-field-option\">\n\t\t\t\t<input type=\"checkbox\" name=\"form_fields[field_592cf99]\" id=\"form-field-field_592cf99\" class=\"elementor-field elementor-size-md  elementor-acceptance-field\" required=\"required\">\n\t\t\t\t<label for=\"form-field-field_592cf99\">Declaro que he le\u00eddo y aceptado la <b><a href=\"https:\/\/digloc.com\/privacy-policy\/\" target=\"_blank\">Pol\u00edtica de Privacidad<\/a><\/b>, y que mis datos personales ser\u00e1n tratados de conformidad con la Ley Argelina n\u00ba 18-07 sobre protecci\u00f3n de datos personales.<\/label>\t\t\t<\/span>\n\t\t<\/div>\n\t\t\t\t\t\t<\/div>\n\t\t\t\t\t\t\t\t<div class=\"elementor-field-type-recaptcha_v3 elementor-field-group elementor-column elementor-field-group-field_89c647f elementor-col-100 recaptcha_v3-inline\">\n\t\t\t\t\t<div class=\"elementor-field\" id=\"form-field-field_89c647f\"><div class=\"elementor-g-recaptcha\" data-sitekey=\"6LcJExwsAAAAAAzf49t9w0g9QUttb2rWpzi3B-M8\" data-type=\"v3\" data-action=\"Form\" data-badge=\"inline\" data-size=\"invisible\"><\/div><\/div>\t\t\t\t<\/div>\n\t\t\t\t\t\t\t\t<div class=\"elementor-field-group elementor-column elementor-field-type-submit elementor-col-100 e-form__buttons\">\n\t\t\t\t\t<button class=\"elementor-button elementor-size-md\" type=\"submit\">\n\t\t\t\t\t\t<span class=\"elementor-button-content-wrapper\">\n\t\t\t\t\t\t\t\t\t\t\t\t\t\t\t\t\t\t\t\t\t\t<span class=\"elementor-button-text\">ENVIAR<\/span>\n\t\t\t\t\t\t\t\t\t\t\t\t\t<\/span>\n\t\t\t\t\t<\/button>\n\t\t\t\t<\/div>\n\t\t\t<\/div>\n\t\t<\/form>\n\t\t\t\t\t\t<\/div>\n\t\t\t\t<\/div>\n\t\t\t\t<\/div>\n\t\t\t\t\t<\/div>\n\t\t\t\t<\/div>\n\t\t\t\t<\/div>\n\t\t","protected":false},"excerpt":{"rendered":"<p>D-DII Sistema de Detecci\u00f3n de Intrusiones e Incendios Nuestra soluci\u00f3n T-DII ha sido incorporada a nuestras ofertas para proporcionar a nuestros clientes una propuesta global y completa, con el objetivo de garantizar una protecci\u00f3n integral de sus bienes. Integramos el sistema de detecci\u00f3n de intrusiones e incendios en nuestro software servidor para asegurar una gesti\u00f3n [&hellip;]<\/p>\n","protected":false},"author":1,"featured_media":0,"parent":0,"menu_order":0,"comment_status":"closed","ping_status":"closed","template":"","meta":{"footnotes":""},"class_list":["post-1018","page","type-page","status-publish","hentry"],"yoast_head":"<!-- This site is optimized with the Yoast SEO plugin v26.4 - https:\/\/yoast.com\/wordpress\/plugins\/seo\/ -->\n<title>Seguridad Empresarial Avanzada \u2013 TDD \u2013 Digloc<\/title>\n<meta name=\"description\" content=\"Digloc ofrece TDD, sistema de detecci\u00f3n de intrusiones e incendios con gesti\u00f3n centralizada v\u00eda IP desde PC y m\u00f3vil. \u00a1Protege tus activos!\" \/>\n<meta name=\"robots\" content=\"index, follow, max-snippet:-1, max-image-preview:large, max-video-preview:-1\" \/>\n<link rel=\"canonical\" href=\"https:\/\/digloc.com\/es\/sistema-de-deteccion-de-intrusiones-e-incendios\/\" \/>\n<meta property=\"og:locale\" content=\"es_ES\" \/>\n<meta property=\"og:type\" content=\"article\" \/>\n<meta property=\"og:title\" content=\"Seguridad Empresarial Avanzada \u2013 TDD \u2013 Digloc\" \/>\n<meta property=\"og:description\" content=\"Digloc ofrece TDD, sistema de detecci\u00f3n de intrusiones e incendios con gesti\u00f3n centralizada v\u00eda IP desde PC y m\u00f3vil. \u00a1Protege tus activos!\" \/>\n<meta property=\"og:url\" content=\"https:\/\/digloc.com\/es\/sistema-de-deteccion-de-intrusiones-e-incendios\/\" \/>\n<meta property=\"og:site_name\" content=\"Digloc\" \/>\n<meta property=\"article:modified_time\" content=\"2025-11-29T17:05:29+00:00\" \/>\n<meta property=\"og:image\" content=\"https:\/\/digloc.com\/wp-content\/uploads\/2024\/09\/ima-ddi-1.webp\" \/>\n\t<meta property=\"og:image:width\" content=\"800\" \/>\n\t<meta property=\"og:image:height\" content=\"500\" \/>\n\t<meta property=\"og:image:type\" content=\"image\/webp\" \/>\n<meta name=\"twitter:card\" content=\"summary_large_image\" \/>\n<meta name=\"twitter:label1\" content=\"Tiempo de lectura\" \/>\n\t<meta name=\"twitter:data1\" content=\"1 minuto\" \/>\n<script type=\"application\/ld+json\" class=\"yoast-schema-graph\">{\"@context\":\"https:\/\/schema.org\",\"@graph\":[{\"@type\":\"WebPage\",\"@id\":\"https:\/\/digloc.com\/es\/sistema-de-deteccion-de-intrusiones-e-incendios\/\",\"url\":\"https:\/\/digloc.com\/es\/sistema-de-deteccion-de-intrusiones-e-incendios\/\",\"name\":\"Seguridad Empresarial Avanzada \u2013 TDD \u2013 Digloc\",\"isPartOf\":{\"@id\":\"https:\/\/digloc.com\/es\/#website\"},\"primaryImageOfPage\":{\"@id\":\"https:\/\/digloc.com\/es\/sistema-de-deteccion-de-intrusiones-e-incendios\/#primaryimage\"},\"image\":{\"@id\":\"https:\/\/digloc.com\/es\/sistema-de-deteccion-de-intrusiones-e-incendios\/#primaryimage\"},\"thumbnailUrl\":\"https:\/\/digloc.com\/wp-content\/uploads\/2024\/09\/ima-ddi-1.webp\",\"datePublished\":\"2024-09-28T14:05:09+00:00\",\"dateModified\":\"2025-11-29T17:05:29+00:00\",\"description\":\"Digloc ofrece TDD, sistema de detecci\u00f3n de intrusiones e incendios con gesti\u00f3n centralizada v\u00eda IP desde PC y m\u00f3vil. \u00a1Protege tus activos!\",\"breadcrumb\":{\"@id\":\"https:\/\/digloc.com\/es\/sistema-de-deteccion-de-intrusiones-e-incendios\/#breadcrumb\"},\"inLanguage\":\"es\",\"potentialAction\":[{\"@type\":\"ReadAction\",\"target\":[\"https:\/\/digloc.com\/es\/sistema-de-deteccion-de-intrusiones-e-incendios\/\"]}]},{\"@type\":\"ImageObject\",\"inLanguage\":\"es\",\"@id\":\"https:\/\/digloc.com\/es\/sistema-de-deteccion-de-intrusiones-e-incendios\/#primaryimage\",\"url\":\"https:\/\/digloc.com\/wp-content\/uploads\/2024\/09\/ima-ddi-1.webp\",\"contentUrl\":\"https:\/\/digloc.com\/wp-content\/uploads\/2024\/09\/ima-ddi-1.webp\"},{\"@type\":\"BreadcrumbList\",\"@id\":\"https:\/\/digloc.com\/es\/sistema-de-deteccion-de-intrusiones-e-incendios\/#breadcrumb\",\"itemListElement\":[{\"@type\":\"ListItem\",\"position\":1,\"name\":\"Home\",\"item\":\"https:\/\/digloc.com\/es\/\"},{\"@type\":\"ListItem\",\"position\":2,\"name\":\"Sistema de Detecci\u00f3n de Intrusiones e Incendios\"}]},{\"@type\":\"WebSite\",\"@id\":\"https:\/\/digloc.com\/es\/#website\",\"url\":\"https:\/\/digloc.com\/es\/\",\"name\":\"Digloc SARL\",\"description\":\"\",\"potentialAction\":[{\"@type\":\"SearchAction\",\"target\":{\"@type\":\"EntryPoint\",\"urlTemplate\":\"https:\/\/digloc.com\/es\/?s={search_term_string}\"},\"query-input\":{\"@type\":\"PropertyValueSpecification\",\"valueRequired\":true,\"valueName\":\"search_term_string\"}}],\"inLanguage\":\"es\"}]}<\/script>\n<!-- \/ Yoast SEO plugin. -->","yoast_head_json":{"title":"Seguridad Empresarial Avanzada \u2013 TDD \u2013 Digloc","description":"Digloc ofrece TDD, sistema de detecci\u00f3n de intrusiones e incendios con gesti\u00f3n centralizada v\u00eda IP desde PC y m\u00f3vil. \u00a1Protege tus activos!","robots":{"index":"index","follow":"follow","max-snippet":"max-snippet:-1","max-image-preview":"max-image-preview:large","max-video-preview":"max-video-preview:-1"},"canonical":"https:\/\/digloc.com\/es\/sistema-de-deteccion-de-intrusiones-e-incendios\/","og_locale":"es_ES","og_type":"article","og_title":"Seguridad Empresarial Avanzada \u2013 TDD \u2013 Digloc","og_description":"Digloc ofrece TDD, sistema de detecci\u00f3n de intrusiones e incendios con gesti\u00f3n centralizada v\u00eda IP desde PC y m\u00f3vil. \u00a1Protege tus activos!","og_url":"https:\/\/digloc.com\/es\/sistema-de-deteccion-de-intrusiones-e-incendios\/","og_site_name":"Digloc","article_modified_time":"2025-11-29T17:05:29+00:00","og_image":[{"width":800,"height":500,"url":"https:\/\/digloc.com\/wp-content\/uploads\/2024\/09\/ima-ddi-1.webp","type":"image\/webp"}],"twitter_card":"summary_large_image","twitter_misc":{"Tiempo de lectura":"1 minuto"},"schema":{"@context":"https:\/\/schema.org","@graph":[{"@type":"WebPage","@id":"https:\/\/digloc.com\/es\/sistema-de-deteccion-de-intrusiones-e-incendios\/","url":"https:\/\/digloc.com\/es\/sistema-de-deteccion-de-intrusiones-e-incendios\/","name":"Seguridad Empresarial Avanzada \u2013 TDD \u2013 Digloc","isPartOf":{"@id":"https:\/\/digloc.com\/es\/#website"},"primaryImageOfPage":{"@id":"https:\/\/digloc.com\/es\/sistema-de-deteccion-de-intrusiones-e-incendios\/#primaryimage"},"image":{"@id":"https:\/\/digloc.com\/es\/sistema-de-deteccion-de-intrusiones-e-incendios\/#primaryimage"},"thumbnailUrl":"https:\/\/digloc.com\/wp-content\/uploads\/2024\/09\/ima-ddi-1.webp","datePublished":"2024-09-28T14:05:09+00:00","dateModified":"2025-11-29T17:05:29+00:00","description":"Digloc ofrece TDD, sistema de detecci\u00f3n de intrusiones e incendios con gesti\u00f3n centralizada v\u00eda IP desde PC y m\u00f3vil. \u00a1Protege tus activos!","breadcrumb":{"@id":"https:\/\/digloc.com\/es\/sistema-de-deteccion-de-intrusiones-e-incendios\/#breadcrumb"},"inLanguage":"es","potentialAction":[{"@type":"ReadAction","target":["https:\/\/digloc.com\/es\/sistema-de-deteccion-de-intrusiones-e-incendios\/"]}]},{"@type":"ImageObject","inLanguage":"es","@id":"https:\/\/digloc.com\/es\/sistema-de-deteccion-de-intrusiones-e-incendios\/#primaryimage","url":"https:\/\/digloc.com\/wp-content\/uploads\/2024\/09\/ima-ddi-1.webp","contentUrl":"https:\/\/digloc.com\/wp-content\/uploads\/2024\/09\/ima-ddi-1.webp"},{"@type":"BreadcrumbList","@id":"https:\/\/digloc.com\/es\/sistema-de-deteccion-de-intrusiones-e-incendios\/#breadcrumb","itemListElement":[{"@type":"ListItem","position":1,"name":"Home","item":"https:\/\/digloc.com\/es\/"},{"@type":"ListItem","position":2,"name":"Sistema de Detecci\u00f3n de Intrusiones e Incendios"}]},{"@type":"WebSite","@id":"https:\/\/digloc.com\/es\/#website","url":"https:\/\/digloc.com\/es\/","name":"Digloc SARL","description":"","potentialAction":[{"@type":"SearchAction","target":{"@type":"EntryPoint","urlTemplate":"https:\/\/digloc.com\/es\/?s={search_term_string}"},"query-input":{"@type":"PropertyValueSpecification","valueRequired":true,"valueName":"search_term_string"}}],"inLanguage":"es"}]}},"_links":{"self":[{"href":"https:\/\/digloc.com\/es\/wp-json\/wp\/v2\/pages\/1018","targetHints":{"allow":["GET"]}}],"collection":[{"href":"https:\/\/digloc.com\/es\/wp-json\/wp\/v2\/pages"}],"about":[{"href":"https:\/\/digloc.com\/es\/wp-json\/wp\/v2\/types\/page"}],"author":[{"embeddable":true,"href":"https:\/\/digloc.com\/es\/wp-json\/wp\/v2\/users\/1"}],"replies":[{"embeddable":true,"href":"https:\/\/digloc.com\/es\/wp-json\/wp\/v2\/comments?post=1018"}],"version-history":[{"count":15,"href":"https:\/\/digloc.com\/es\/wp-json\/wp\/v2\/pages\/1018\/revisions"}],"predecessor-version":[{"id":2338,"href":"https:\/\/digloc.com\/es\/wp-json\/wp\/v2\/pages\/1018\/revisions\/2338"}],"wp:attachment":[{"href":"https:\/\/digloc.com\/es\/wp-json\/wp\/v2\/media?parent=1018"}],"curies":[{"name":"wp","href":"https:\/\/api.w.org\/{rel}","templated":true}]}}